{"id":596,"date":"2025-04-23T15:08:26","date_gmt":"2025-04-23T13:08:26","guid":{"rendered":"https:\/\/partner-parts.com\/?page_id=596"},"modified":"2025-04-23T15:14:53","modified_gmt":"2025-04-23T13:14:53","slug":"potwierdzenie","status":"publish","type":"page","link":"https:\/\/partner-parts.com\/sk\/faktury-elektroniczne\/potwierdzenie\/","title":{"rendered":"(Polski) Potwierdzenie"},"content":{"rendered":"<p class=\"qtranxs-available-languages-message qtranxs-available-languages-message-sk\">\u013dutujeme, t\u00e1to str\u00e1nka je dostupn\u00e1 len v <a href=\"https:\/\/partner-parts.com\/pl\/wp-json\/wp\/v2\/pages\/596\" class=\"qtranxs-available-language-link qtranxs-available-language-link-pl\" title=\"Polski\">Polski<\/a>.<\/p>","protected":false},"excerpt":{"rendered":"<p>\u013dutujeme, t\u00e1to str\u00e1nka je dostupn\u00e1 len v Polski.<\/p>\n","protected":false},"author":1,"featured_media":0,"parent":587,"menu_order":0,"comment_status":"closed","ping_status":"closed","template":"page-no-title.php","meta":{"footnotes":""},"class_list":["post-596","page","type-page","status-publish","hentry"],"_links":{"self":[{"href":"https:\/\/partner-parts.com\/sk\/wp-json\/wp\/v2\/pages\/596","targetHints":{"allow":["GET"]}}],"collection":[{"href":"https:\/\/partner-parts.com\/sk\/wp-json\/wp\/v2\/pages"}],"about":[{"href":"https:\/\/partner-parts.com\/sk\/wp-json\/wp\/v2\/types\/page"}],"author":[{"embeddable":true,"href":"https:\/\/partner-parts.com\/sk\/wp-json\/wp\/v2\/users\/1"}],"replies":[{"embeddable":true,"href":"https:\/\/partner-parts.com\/sk\/wp-json\/wp\/v2\/comments?post=596"}],"version-history":[{"count":6,"href":"https:\/\/partner-parts.com\/sk\/wp-json\/wp\/v2\/pages\/596\/revisions"}],"predecessor-version":[{"id":605,"href":"https:\/\/partner-parts.com\/sk\/wp-json\/wp\/v2\/pages\/596\/revisions\/605"}],"up":[{"embeddable":true,"href":"https:\/\/partner-parts.com\/sk\/wp-json\/wp\/v2\/pages\/587"}],"wp:attachment":[{"href":"https:\/\/partner-parts.com\/sk\/wp-json\/wp\/v2\/media?parent=596"}],"curies":[{"name":"wp","href":"https:\/\/api.w.org\/{rel}","templated":true}]}}