{"id":295,"date":"2019-11-26T16:56:00","date_gmt":"2019-11-26T15:56:00","guid":{"rendered":"http:\/\/partner-parts.com\/?page_id=295"},"modified":"2026-04-15T20:19:58","modified_gmt":"2026-04-15T18:19:58","slug":"rozpocznij-wspolprace","status":"publish","type":"page","link":"https:\/\/partner-parts.com\/sk\/rozpocznij-wspolprace\/","title":{"rendered":"Za\u010dnite spolupr\u00e1cu"},"content":{"rendered":"<div id=\"pl-295\"  class=\"panel-layout\" ><div id=\"pg-295-0\"  class=\"panel-grid panel-has-style\" ><div class=\"siteorigin-panels-stretch panel-row-style panel-row-style-for-295-0\" data-stretch-type=\"full\" ><div id=\"pgc-295-0-0\"  class=\"panel-grid-cell\" ><div id=\"panel-295-0-0-0\" class=\"so-panel widget widget_sow-editor panel-first-child panel-last-child\" data-index=\"0\" ><div\n\t\t\t\n\t\t\tclass=\"so-widget-sow-editor so-widget-sow-editor-base\"\n\t\t\t\n\t\t>\n<div class=\"siteorigin-widget-tinymce textwidget\">\n\t<h1 style=\"text-align: center;\">Za\u010dnite spolupr\u00e1cu<\/h1>\n<\/div>\n<\/div><\/div><\/div><\/div><\/div><div id=\"pg-295-1\"  class=\"panel-grid panel-no-style\" ><div id=\"pgc-295-1-0\"  class=\"panel-grid-cell panel-grid-cell-empty\" ><\/div><div id=\"pgc-295-1-1\"  class=\"panel-grid-cell\" ><div id=\"panel-295-1-1-0\" class=\"so-panel widget widget_sow-editor panel-first-child panel-last-child\" data-index=\"1\" ><div class=\"panel-widget-style panel-widget-style-for-295-1-1-0\" ><div\n\t\t\t\n\t\t\tclass=\"so-widget-sow-editor so-widget-sow-editor-base\"\n\t\t\t\n\t\t>\n<div class=\"siteorigin-widget-tinymce textwidget\">\n\t\n<div class=\"wpcf7 no-js\" id=\"wpcf7-f673-o1\" lang=\"pl-PL\" dir=\"ltr\" data-wpcf7-id=\"673\">\n<div class=\"screen-reader-response\"><p role=\"status\" aria-live=\"polite\" aria-atomic=\"true\"><\/p> <ul><\/ul><\/div>\n<form action=\"\/sk\/wp-json\/wp\/v2\/pages\/295#wpcf7-f673-o1\" method=\"post\" class=\"wpcf7-form init\" aria-label=\"Formularz kontaktowy\" novalidate=\"novalidate\" data-status=\"init\">\n<fieldset class=\"hidden-fields-container\"><input type=\"hidden\" name=\"_wpcf7\" value=\"673\" \/><input type=\"hidden\" name=\"_wpcf7_version\" value=\"6.1.4\" \/><input type=\"hidden\" name=\"_wpcf7_locale\" value=\"pl_PL\" \/><input type=\"hidden\" name=\"_wpcf7_unit_tag\" value=\"wpcf7-f673-o1\" \/><input type=\"hidden\" name=\"_wpcf7_container_post\" value=\"0\" \/><input type=\"hidden\" name=\"_wpcf7_posted_data_hash\" value=\"\" \/><input type=\"hidden\" name=\"_wpcf7cf_hidden_group_fields\" value=\"[]\" \/><input type=\"hidden\" name=\"_wpcf7cf_hidden_groups\" value=\"[]\" \/><input type=\"hidden\" name=\"_wpcf7cf_visible_groups\" value=\"[]\" \/><input type=\"hidden\" name=\"_wpcf7cf_repeaters\" value=\"[]\" \/><input type=\"hidden\" name=\"_wpcf7cf_steps\" value=\"{}\" \/><input type=\"hidden\" name=\"_wpcf7cf_options\" value=\"{&quot;form_id&quot;:673,&quot;conditions&quot;:[],&quot;settings&quot;:{&quot;animation&quot;:&quot;yes&quot;,&quot;animation_intime&quot;:200,&quot;animation_outtime&quot;:200,&quot;conditions_ui&quot;:&quot;normal&quot;,&quot;notice_dismissed&quot;:false}}\" \/><input type=\"hidden\" name=\"_wpcf7_recaptcha_response\" value=\"\" \/>\n<\/fieldset>\n<p><span class=\"wpcf7-form-control-wrap\" data-name=\"Imie\"><input size=\"40\" maxlength=\"400\" class=\"wpcf7-form-control wpcf7-text wpcf7-validates-as-required\" aria-required=\"true\" aria-invalid=\"false\" placeholder=\"Meno\" value=\"\" type=\"text\" name=\"Imie\" \/><\/span>\n<\/p>\n<p><span class=\"wpcf7-form-control-wrap\" data-name=\"Nazwisko\"><input size=\"40\" maxlength=\"400\" class=\"wpcf7-form-control wpcf7-text wpcf7-validates-as-required\" aria-required=\"true\" aria-invalid=\"false\" placeholder=\"Priezvisko\" value=\"\" type=\"text\" name=\"Nazwisko\" \/><\/span>\n<\/p>\n<p><span class=\"wpcf7-form-control-wrap\" data-name=\"Nazwa-firmy\"><input size=\"40\" maxlength=\"400\" class=\"wpcf7-form-control wpcf7-text wpcf7-validates-as-required\" aria-required=\"true\" aria-invalid=\"false\" placeholder=\"Firma\" value=\"\" type=\"text\" name=\"Nazwa-firmy\" \/><\/span>\n<\/p>\n<p><span class=\"wpcf7-form-control-wrap\" data-name=\"NIP\"><input size=\"40\" maxlength=\"400\" class=\"wpcf7-form-control wpcf7-text wpcf7-validates-as-required\" aria-required=\"true\" aria-invalid=\"false\" placeholder=\"I\u010c DPH\" value=\"\" type=\"text\" name=\"NIP\" \/><\/span>\n<\/p>\n<p><span class=\"wpcf7-form-control-wrap\" data-name=\"Ulica\"><input size=\"40\" maxlength=\"400\" class=\"wpcf7-form-control wpcf7-text wpcf7-validates-as-required\" aria-required=\"true\" aria-invalid=\"false\" placeholder=\"Ulica\" value=\"\" type=\"text\" name=\"Ulica\" \/><\/span>\n<\/p>\n<p><span class=\"wpcf7-form-control-wrap\" data-name=\"kod-pocztowy\"><input size=\"40\" maxlength=\"400\" class=\"wpcf7-form-control wpcf7-text wpcf7-validates-as-required\" aria-required=\"true\" aria-invalid=\"false\" placeholder=\"PS\u010c\" value=\"\" type=\"text\" name=\"kod-pocztowy\" \/><\/span>\n<\/p>\n<p><span class=\"wpcf7-form-control-wrap\" data-name=\"Miejscowosc\"><input size=\"40\" maxlength=\"400\" class=\"wpcf7-form-control wpcf7-text wpcf7-validates-as-required\" aria-required=\"true\" aria-invalid=\"false\" placeholder=\"Mesto\" value=\"\" type=\"text\" name=\"Miejscowosc\" \/><\/span>\n<\/p>\n<p><span class=\"wpcf7-form-control-wrap\" data-name=\"your-email\"><input size=\"40\" maxlength=\"400\" class=\"wpcf7-form-control wpcf7-email wpcf7-validates-as-required wpcf7-text wpcf7-validates-as-email\" aria-required=\"true\" aria-invalid=\"false\" placeholder=\"E-Mail\" value=\"\" type=\"email\" name=\"your-email\" \/><\/span>\n<\/p>\n<p><span class=\"wpcf7-form-control-wrap\" data-name=\"Telefon\"><input size=\"40\" maxlength=\"400\" class=\"wpcf7-form-control wpcf7-text wpcf7-validates-as-required\" aria-required=\"true\" aria-invalid=\"false\" placeholder=\"Telef\u00f3n\" value=\"\" type=\"text\" name=\"Telefon\" \/><\/span>\n<\/p>\n<p><span class=\"wpcf7-form-control-wrap\" data-name=\"acceptance-110\"><span class=\"wpcf7-form-control wpcf7-acceptance\"><span class=\"wpcf7-list-item\"><label><input type=\"checkbox\" name=\"acceptance-110\" value=\"1\" aria-invalid=\"false\" \/><span class=\"wpcf7-list-item-label\">Pre\u010d\u00edtal som si a s\u00fahlas\u00edm s <a class=\"modal-link\" href=\"http:\/\/partner-parts.com\/regulamin\/\" data-div=\"content\">Obchodn\u00fdmi podmienkami<\/a> a <a class=\"modal-link\" href=\"http:\/\/partner-parts.com\/polityka-prywatnosci-2\/\" data-div=\"content\">Z\u00e1sadami ochrany osobn\u00fdch \u00fadajov<\/a>.<\/span><\/label><\/span><\/span><\/span>\n<\/p>\n<p><span class=\"wpcf7-form-control-wrap\" data-name=\"acceptance-111\"><span class=\"wpcf7-form-control wpcf7-acceptance\"><span class=\"wpcf7-list-item\"><label><input type=\"checkbox\" name=\"acceptance-111\" value=\"1\" aria-invalid=\"false\" \/><span class=\"wpcf7-list-item-label\">S\u00fahlas\u00edm so spracovan\u00edm mojich osobn\u00fdch \u00fadajov uveden\u00fdch vo formul\u00e1ri spolo\u010dnos\u0165ou Partner Sp. z o.o. na \u00fa\u010dely registr\u00e1cie, vedenia \u00fa\u010dtu na webovej str\u00e1nke a dokon\u010denia objedn\u00e1vky.<\/span><\/label><\/span><\/span><\/span>\n<\/p>\n<p><span class=\"wpcf7-form-control-wrap\" data-name=\"acceptance-112\"><span class=\"wpcf7-form-control wpcf7-acceptance\"><span class=\"wpcf7-list-item\"><label><input type=\"checkbox\" name=\"acceptance-112\" value=\"1\" aria-invalid=\"false\" \/><span class=\"wpcf7-list-item-label\">Ude\u013eujem s\u00fahlas na zasielanie obchodn\u00fdch inform\u00e1ci\u00ed spolo\u010dnos\u0165ou Partner Sp. z o.o. elektronick\u00fdmi prostriedkami a na iniciovanie telefonick\u00fdch kontaktov za \u00fa\u010delom marketingovej komunik\u00e1cie.<\/span><\/label><\/span><\/span><\/span>\n<\/p>\n<p style=\"font-size:80%;\"><br \/>\nPrev\u00e1dzkovate\u013eom osobn\u00fdch \u00fadajov je spolo\u010dnos\u0165 PARTNER Sp. z o.o. so s\u00eddlom vo Vroclave, Jerzmanowska 21, 54-530 Wroc\u0142aw. Inform\u00e1cie o GDPR s\u00fa dostupn\u00e9 online v <a class=\"modal-link\" href=\"http:\/\/partner-parts.com\/polityka-prywatnosci-2\/\" data-div=\"content\">Z\u00e1sad\u00e1ch ochrany osobn\u00fdch \u00fadajov<\/a>, alebo prostredn\u00edctvom e-mailu na adrese: partner@partner-parts.pl.\n<\/p>\n<p><input class=\"wpcf7-form-control wpcf7-submit has-spinner\" type=\"submit\" value=\"POTVRDI\u0164\" \/>\n<\/p><div class=\"wpcf7-response-output\" aria-hidden=\"true\"><\/div>\n<\/form>\n<\/div>\n\n<\/div>\n<\/div><\/div><\/div><\/div><\/div><\/div>","protected":false},"excerpt":{"rendered":"<p>Za\u010dnite spolupr\u00e1cu<\/p>\n","protected":false},"author":1,"featured_media":0,"parent":0,"menu_order":0,"comment_status":"closed","ping_status":"closed","template":"page-no-title.php","meta":{"footnotes":""},"class_list":["post-295","page","type-page","status-publish","hentry"],"_links":{"self":[{"href":"https:\/\/partner-parts.com\/sk\/wp-json\/wp\/v2\/pages\/295","targetHints":{"allow":["GET"]}}],"collection":[{"href":"https:\/\/partner-parts.com\/sk\/wp-json\/wp\/v2\/pages"}],"about":[{"href":"https:\/\/partner-parts.com\/sk\/wp-json\/wp\/v2\/types\/page"}],"author":[{"embeddable":true,"href":"https:\/\/partner-parts.com\/sk\/wp-json\/wp\/v2\/users\/1"}],"replies":[{"embeddable":true,"href":"https:\/\/partner-parts.com\/sk\/wp-json\/wp\/v2\/comments?post=295"}],"version-history":[{"count":10,"href":"https:\/\/partner-parts.com\/sk\/wp-json\/wp\/v2\/pages\/295\/revisions"}],"predecessor-version":[{"id":702,"href":"https:\/\/partner-parts.com\/sk\/wp-json\/wp\/v2\/pages\/295\/revisions\/702"}],"wp:attachment":[{"href":"https:\/\/partner-parts.com\/sk\/wp-json\/wp\/v2\/media?parent=295"}],"curies":[{"name":"wp","href":"https:\/\/api.w.org\/{rel}","templated":true}]}}