{"id":14,"date":"2019-08-31T20:41:04","date_gmt":"2019-08-31T18:41:04","guid":{"rendered":"http:\/\/partner-parts.com\/?page_id=14"},"modified":"2025-12-05T00:50:46","modified_gmt":"2025-12-04T23:50:46","slug":"oferta","status":"publish","type":"page","link":"https:\/\/partner-parts.com\/sk\/oferta\/","title":{"rendered":"Oferta"},"content":{"rendered":"<div id=\"pl-14\"  class=\"panel-layout\" ><div id=\"pg-14-0\"  class=\"panel-grid panel-has-style\" ><div class=\"so-parallax siteorigin-panels-stretch panel-row-style panel-row-style-for-14-0\" data-stretch-type=\"full\" ><img fetchpriority=\"high\" decoding=\"async\" width=\"1920\" height=\"1080\" src=\"https:\/\/partner-parts.com\/wp-content\/uploads\/2019\/09\/Nevada-bg.jpg\" class=\"attachment-full size-full\" alt=\"\" data-siteorigin-parallax=\"true\" loading=\"eager\" srcset=\"https:\/\/partner-parts.com\/wp-content\/uploads\/2019\/09\/Nevada-bg.jpg 1920w, https:\/\/partner-parts.com\/wp-content\/uploads\/2019\/09\/Nevada-bg-300x169.jpg 300w, https:\/\/partner-parts.com\/wp-content\/uploads\/2019\/09\/Nevada-bg-768x432.jpg 768w, https:\/\/partner-parts.com\/wp-content\/uploads\/2019\/09\/Nevada-bg-1024x576.jpg 1024w\" sizes=\"(max-width: 1920px) 100vw, 1920px\" \/><div id=\"pgc-14-0-0\"  class=\"panel-grid-cell\" ><div id=\"panel-14-0-0-0\" class=\"so-panel widget widget_sow-editor panel-first-child panel-last-child\" data-index=\"0\" ><div\n\t\t\t\n\t\t\tclass=\"so-widget-sow-editor so-widget-sow-editor-base\"\n\t\t\t\n\t\t>\n<div class=\"siteorigin-widget-tinymce textwidget\">\n\t<h1 style=\"font-size: 9vw; line-height: 1; margin-bottom: 0px; text-align:center;\">PONUKA<\/h1>\n<\/div>\n<\/div><\/div><\/div><\/div><\/div><div id=\"pg-14-1\"  class=\"panel-grid panel-has-style\" ><div class=\"siteorigin-panels-stretch panel-row-style panel-row-style-for-14-1\" data-stretch-type=\"full\" ><div id=\"pgc-14-1-0\"  class=\"panel-grid-cell\" ><div id=\"panel-14-1-0-0\" class=\"so-panel widget widget_sow-editor panel-first-child panel-last-child\" data-index=\"1\" ><div\n\t\t\t\n\t\t\tclass=\"so-widget-sow-editor so-widget-sow-editor-base\"\n\t\t\t\n\t\t>\n<div class=\"siteorigin-widget-tinymce textwidget\">\n\t<p><img loading=\"lazy\" decoding=\"async\" class=\"alignnone wp-image-208 size-full\" src=\"http:\/\/partner-parts.com\/wp-content\/uploads\/2019\/08\/ogrod-thumb.jpg\" alt=\"\" width=\"1000\" height=\"781\" \/><\/p>\n<\/div>\n<\/div><\/div><\/div><div id=\"pgc-14-1-1\"  class=\"panel-grid-cell\" ><div id=\"panel-14-1-1-0\" class=\"so-panel widget widget_sow-editor panel-first-child\" data-index=\"2\" ><div\n\t\t\t\n\t\t\tclass=\"so-widget-sow-editor so-widget-sow-editor-base\"\n\t\t\t\n\t\t>\n<div class=\"siteorigin-widget-tinymce textwidget\">\n\t<p>&nbsp;<\/p>\n<h1 style=\"font-size: 9vw; line-height: 1; margin-bottom: 0px;\">Z\u00c1HRADA<\/h1>\n<\/div>\n<\/div><\/div><div id=\"panel-14-1-1-1\" class=\"so-panel widget widget_sow-editor panel-last-child\" data-index=\"3\" ><div\n\t\t\t\n\t\t\tclass=\"so-widget-sow-editor so-widget-sow-editor-base\"\n\t\t\t\n\t\t>\n<div class=\"siteorigin-widget-tinymce textwidget\">\n\t<p>Z\u00e1hrady s\u00fa vizitkou na\u0161ich domovov. Vy\u017eaduj\u00fa si ve\u013ea \u010dasu a \u00fasilia, aby p\u00f4sobili upravene. Ka\u017ed\u00e1 z\u00e1hrada potrebuje starostlivos\u0165 a ruky z\u00e1hradn\u00edka vy\u017eaduj\u00fa potrebn\u00e9 n\u00e1stroje. Jednou zo z\u00e1kladn\u00fdch \u00faloh v ka\u017edej z\u00e1hrade je kosenie tr\u00e1vnika, pri\u010dom pravideln\u00e9 kosenie zabezpe\u010duje kr\u00e1sny, upraven\u00fd, zelen\u00fd tr\u00e1vnik. Pr\u00e1ca v z\u00e1hrade by mala by\u0165 relaxa\u010dn\u00e1, a preto je ergon\u00f3mia n\u00e1strojov, ktor\u00e9 z\u00e1hradn\u00edkovi pom\u00e1haj\u00fa, tak\u00e1 d\u00f4le\u017eit\u00e1. V\u00fdber kvalitn\u00e9ho pr\u00edslu\u0161enstva a opravy zariaden\u00ed s pou\u017eit\u00edm dobr\u00fdch n\u00e1hradn\u00fdch dielov ovplyv\u0148uj\u00fa produktivitu a poskytuj\u00fa nesmierne d\u00f4le\u017eit\u00fd pocit pohodlia a komfortu pre z\u00e1hradn\u00edka.<\/p>\n<p>Po prihl\u00e1sen\u00ed z\u00edskate pr\u00edstup k cel\u00e9mu sortimentu produktov, ktor\u00e9 robia pr\u00e1cu v z\u00e1hrade jednoduch\u0161ou, pr\u00edjemnej\u0161ou a efekt\u00edvnej\u0161ou.<\/p>\n<\/div>\n<\/div><\/div><\/div><\/div><\/div><div id=\"pg-14-2\"  class=\"panel-grid panel-has-style\" ><div class=\"siteorigin-panels-stretch panel-row-style panel-row-style-for-14-2\" data-stretch-type=\"full\" ><div id=\"pgc-14-2-0\"  class=\"panel-grid-cell\" ><div id=\"panel-14-2-0-0\" class=\"so-panel widget widget_sow-editor panel-first-child\" data-index=\"4\" ><div\n\t\t\t\n\t\t\tclass=\"so-widget-sow-editor so-widget-sow-editor-base\"\n\t\t\t\n\t\t>\n<div class=\"siteorigin-widget-tinymce textwidget\">\n\t<p>&nbsp;<\/p>\n<h1 style=\"font-size: 9vw; line-height: 1; margin-bottom: 0px;\">LES<\/h1>\n<\/div>\n<\/div><\/div><div id=\"panel-14-2-0-1\" class=\"so-panel widget widget_sow-editor panel-last-child\" data-index=\"5\" ><div\n\t\t\t\n\t\t\tclass=\"so-widget-sow-editor so-widget-sow-editor-base\"\n\t\t\t\n\t\t>\n<div class=\"siteorigin-widget-tinymce textwidget\">\n\t<p>Existuj\u00fa tri k\u013e\u00fa\u010dov\u00e9 aspekty pre \u013eud\u00ed, ktor\u00ed pracuj\u00fa v lese: bezpe\u010dnos\u0165, spo\u013eahlivos\u0165 vybavenia a jeho funk\u010dnos\u0165. Pr\u00e1ca v lese si vy\u017eaduje fyzick\u00fa silu a zna\u010dn\u00e9 sk\u00fasenosti. N\u00e1stroje musia by\u0165 prisp\u00f4soben\u00e9 potreb\u00e1m pou\u017e\u00edvate\u013eov, aby sa minimalizovalo \u00fasilie a z\u00e1rove\u0148 zv\u00fd\u0161ila efektivita pr\u00e1ce. Lesn\u00e1 pr\u00e1ca je \u010dasto n\u00e1ro\u010dn\u00e1, a preto je kvalitn\u00e9 vybavenie tak\u00e9 d\u00f4le\u017eit\u00e9. Kvalifikovan\u00fd lesn\u00fd pracovn\u00edk mus\u00ed ako nikto in\u00fd uprednost\u0148ova\u0165 vysok\u00fa kvalitu produktov.<\/p>\n<p>Po prihl\u00e1sen\u00ed z\u00edskate pr\u00edstup k \u0161irokej ponuke dielov a pr\u00edslu\u0161enstva pre lesn\u00edkov, pil\u010d\u00edkov, drevoruba\u010dov a arboristov.<\/p>\n<\/div>\n<\/div><\/div><\/div><div id=\"pgc-14-2-1\"  class=\"panel-grid-cell\" ><div id=\"panel-14-2-1-0\" class=\"so-panel widget widget_sow-editor panel-first-child panel-last-child\" data-index=\"6\" ><div\n\t\t\t\n\t\t\tclass=\"so-widget-sow-editor so-widget-sow-editor-base\"\n\t\t\t\n\t\t>\n<div class=\"siteorigin-widget-tinymce textwidget\">\n\t<p><img decoding=\"async\" src=\"http:\/\/partner-parts.com\/wp-content\/uploads\/2019\/08\/Las-thumb.jpg\" alt=\"\" width=\"100%\" height=\"auto\" class=\"alignnone size-full wp-image-202\" \/><\/p>\n<\/div>\n<\/div><\/div><\/div><\/div><\/div><div id=\"pg-14-3\"  class=\"panel-grid panel-has-style\" ><div class=\"siteorigin-panels-stretch panel-row-style panel-row-style-for-14-3\" data-stretch-type=\"full\" ><div id=\"pgc-14-3-0\"  class=\"panel-grid-cell\" ><div id=\"panel-14-3-0-0\" class=\"so-panel widget widget_sow-editor panel-first-child panel-last-child\" data-index=\"7\" ><div\n\t\t\t\n\t\t\tclass=\"so-widget-sow-editor so-widget-sow-editor-base\"\n\t\t\t\n\t\t>\n<div class=\"siteorigin-widget-tinymce textwidget\">\n\t<p><img decoding=\"async\" src=\"http:\/\/partner-parts.com\/wp-content\/uploads\/2019\/08\/Serwis-thumb.jpg\" alt=\"\" width=\"100%\" height=\"auto\" class=\"alignnone size-full wp-image-203\" \/><\/p>\n<\/div>\n<\/div><\/div><\/div><div id=\"pgc-14-3-1\"  class=\"panel-grid-cell\" ><div id=\"panel-14-3-1-0\" class=\"so-panel widget widget_sow-editor panel-first-child\" data-index=\"8\" ><div\n\t\t\t\n\t\t\tclass=\"so-widget-sow-editor so-widget-sow-editor-base\"\n\t\t\t\n\t\t>\n<div class=\"siteorigin-widget-tinymce textwidget\">\n\t<p>&nbsp;<\/p>\n<h1 style=\"font-size: 9vw; line-height: 1; margin-bottom: 0px;\">SERVIS<\/h1>\n<\/div>\n<\/div><\/div><div id=\"panel-14-3-1-1\" class=\"so-panel widget widget_sow-editor panel-last-child\" data-index=\"9\" ><div\n\t\t\t\n\t\t\tclass=\"so-widget-sow-editor so-widget-sow-editor-base\"\n\t\t\t\n\t\t>\n<div class=\"siteorigin-widget-tinymce textwidget\">\n\t<p>Oprava a \u00fadr\u017eba z\u00e1hradnej a lesnej techniky je \u010dasto spojen\u00e1 s v\u00e1\u0161\u0148ou pre pr\u00e1cu. Kvalitn\u00e9 zariadenie, aj ke\u010f jeho najlep\u0161ie \u010dasy s\u00fa u\u017e d\u00e1vno pre\u010d, m\u00f4\u017ee by\u0165 obnoven\u00e9 na pln\u00fa funk\u010dnos\u0165 a sl\u00fa\u017ei\u0165 e\u0161te mnoho rokov, ak sa dostane do r\u00fak sk\u00fasen\u00e9ho servisn\u00e9ho pracovn\u00edka. Mnoh\u00e9 servisy poskytuj\u00fa \u00fadr\u017ebu a opravy benz\u00ednov\u00fdch aj elektrick\u00fdch n\u00e1rad\u00ed ur\u010den\u00fdch na \u00fapravu krajiny. Zabezpe\u010duj\u00fa servis tr\u00e1vnych traktorov, snehov\u00fdch fr\u00e9z a pon\u00fakaj\u00fa diagnostiku a opravy stavebn\u00fdch strojov. Najlep\u0161ie servisy poskytuj\u00fa kompletn\u00fd sortiment overen\u00fdch n\u00e1hradn\u00fdch dielov.<\/p>\n<p>Pon\u00fakame diely vyr\u00e1ban\u00e9 svetov\u00fdmi v\u00fdrobcami, ktor\u00fdch sk\u00fasenosti zaru\u010duj\u00fa spokojnos\u0165 ka\u017ed\u00e9ho z\u00e1kazn\u00edckeho servisu.<\/p>\n<\/div>\n<\/div><\/div><\/div><\/div><\/div><div id=\"pg-14-4\"  class=\"panel-grid panel-has-style\" ><div class=\"siteorigin-panels-stretch panel-row-style panel-row-style-for-14-4\" data-stretch-type=\"full\" ><div id=\"pgc-14-4-0\"  class=\"panel-grid-cell\" ><div id=\"panel-14-4-0-0\" class=\"so-panel widget widget_sow-editor panel-first-child\" data-index=\"10\" ><div\n\t\t\t\n\t\t\tclass=\"so-widget-sow-editor so-widget-sow-editor-base\"\n\t\t\t\n\t\t>\n<div class=\"siteorigin-widget-tinymce textwidget\">\n\t<p>&nbsp;<\/p>\n<h1 style=\"font-size: 9vw; line-height: 1; margin-bottom: 0px;\">STAVBA<\/span><\/h1>\n<\/div>\n<\/div><\/div><div id=\"panel-14-4-0-1\" class=\"so-panel widget widget_sow-editor panel-last-child\" data-index=\"11\" ><div\n\t\t\t\n\t\t\tclass=\"so-widget-sow-editor so-widget-sow-editor-base\"\n\t\t\t\n\t\t>\n<div class=\"siteorigin-widget-tinymce textwidget\">\n\t<p>\u00da\u010dinnos\u0165 opravy zariadenia z\u00e1vis\u00ed od spr\u00e1vne identifikovanej pr\u00ed\u010diny po\u0161kodenia, alebo poruchy. Stroje pracuj\u00face v r\u00f4znorod\u00fdch podmienkach si vy\u017eaduj\u00fa modern\u00e9 a univerz\u00e1lne oprav\u00e1rensk\u00e9 dielne. Motor je srdcom ka\u017ed\u00e9ho stroja. Jeho kon\u0161trukcia ur\u010duje \u017eivotnos\u0165 a v\u00fdkon stroja, \u010do n\u00e1sledne v\u00fdznamne ovplyv\u0148uje kvalitu zariadenia a komfort pr\u00e1ce. V posledn\u00fdch rokoch v\u00fdrobcovia spa\u013eovac\u00edch motorov zdokona\u013euj\u00fa technol\u00f3giu svojich zariaden\u00ed, \u010do vedie k v\u00fdrazn\u00e9mu zv\u00fd\u0161eniu efekt\u00edvnosti strojov.<\/p>\n<p>Pon\u00fakame \u0161irok\u00fd v\u00fdber n\u00e1hradn\u00fdch dielov pre motory, ako aj vybran\u00e9 komponenty stavebn\u00fdch strojov. Viac podrobnost\u00ed n\u00e1jdete po prihl\u00e1sen\u00ed.<\/p>\n<\/div>\n<\/div><\/div><\/div><div id=\"pgc-14-4-1\"  class=\"panel-grid-cell\" ><div id=\"panel-14-4-1-0\" class=\"so-panel widget widget_sow-editor panel-first-child panel-last-child\" data-index=\"12\" ><div\n\t\t\t\n\t\t\tclass=\"so-widget-sow-editor so-widget-sow-editor-base\"\n\t\t\t\n\t\t>\n<div class=\"siteorigin-widget-tinymce textwidget\">\n\t<p><img decoding=\"async\" src=\"http:\/\/partner-parts.com\/wp-content\/uploads\/2019\/08\/budowa-thumb.jpg\" alt=\"\" width=\"100%\" height=\"auto\" class=\"alignnone size-full wp-image-201\" \/><\/p>\n<\/div>\n<\/div><\/div><\/div><\/div><\/div><\/div>","protected":false},"excerpt":{"rendered":"<p>PONUKA &nbsp; Z\u00c1HRADA Z\u00e1hrady s\u00fa vizitkou na\u0161ich domovov. Vy\u017eaduj\u00fa si ve\u013ea \u010dasu a \u00fasilia, aby p\u00f4sobili upravene. Ka\u017ed\u00e1 z\u00e1hrada potrebuje starostlivos\u0165 a ruky z\u00e1hradn\u00edka vy\u017eaduj\u00fa potrebn\u00e9 n\u00e1stroje. Jednou zo z\u00e1kladn\u00fdch \u00faloh v ka\u017edej z\u00e1hrade je kosenie tr\u00e1vnika, pri\u010dom pravideln\u00e9 kosenie zabezpe\u010duje kr\u00e1sny, upraven\u00fd, zelen\u00fd tr\u00e1vnik. Pr\u00e1ca v z\u00e1hrade by mala by\u0165 relaxa\u010dn\u00e1, a preto je [&hellip;]<\/p>\n","protected":false},"author":1,"featured_media":0,"parent":0,"menu_order":0,"comment_status":"closed","ping_status":"closed","template":"page-no-title.php","meta":{"footnotes":""},"class_list":["post-14","page","type-page","status-publish","hentry"],"_links":{"self":[{"href":"https:\/\/partner-parts.com\/sk\/wp-json\/wp\/v2\/pages\/14","targetHints":{"allow":["GET"]}}],"collection":[{"href":"https:\/\/partner-parts.com\/sk\/wp-json\/wp\/v2\/pages"}],"about":[{"href":"https:\/\/partner-parts.com\/sk\/wp-json\/wp\/v2\/types\/page"}],"author":[{"embeddable":true,"href":"https:\/\/partner-parts.com\/sk\/wp-json\/wp\/v2\/users\/1"}],"replies":[{"embeddable":true,"href":"https:\/\/partner-parts.com\/sk\/wp-json\/wp\/v2\/comments?post=14"}],"version-history":[{"count":22,"href":"https:\/\/partner-parts.com\/sk\/wp-json\/wp\/v2\/pages\/14\/revisions"}],"predecessor-version":[{"id":666,"href":"https:\/\/partner-parts.com\/sk\/wp-json\/wp\/v2\/pages\/14\/revisions\/666"}],"wp:attachment":[{"href":"https:\/\/partner-parts.com\/sk\/wp-json\/wp\/v2\/media?parent=14"}],"curies":[{"name":"wp","href":"https:\/\/api.w.org\/{rel}","templated":true}]}}