{"id":12,"date":"2019-08-31T20:39:16","date_gmt":"2019-08-31T18:39:16","guid":{"rendered":"http:\/\/partner-parts.com\/?page_id=12"},"modified":"2025-12-05T00:35:11","modified_gmt":"2025-12-04T23:35:11","slug":"o-nas","status":"publish","type":"page","link":"https:\/\/partner-parts.com\/sk\/o-nas\/","title":{"rendered":"O nas"},"content":{"rendered":"<div id=\"pl-12\"  class=\"panel-layout\" ><div id=\"pg-12-0\"  class=\"panel-grid panel-has-style\" ><div class=\"siteorigin-panels-stretch panel-row-style panel-row-style-for-12-0\" data-stretch-type=\"full-width-stretch\" ><div id=\"pgc-12-0-0\"  class=\"panel-grid-cell\" ><div id=\"panel-12-0-0-0\" class=\"widget_text so-panel widget widget_custom_html panel-first-child panel-last-child\" data-index=\"0\" ><div class=\"textwidget custom-html-widget\"><section class=\"movie\">\n<video autoplay muted loop id=\"myVideo\">\n<source src=\"http:\/\/partner-parts.com\/wp-content\/themes\/partner\/src\/AboutUs.mp4\" type=\"video\/mp4\">\n<\/video>\n<\/section><\/div><\/div><\/div><\/div><\/div><div id=\"pg-12-1\"  class=\"panel-grid panel-has-style\" ><div class=\"siteorigin-panels-stretch panel-row-style panel-row-style-for-12-1\" data-stretch-type=\"full\" ><div id=\"pgc-12-1-0\"  class=\"panel-grid-cell\" ><div id=\"panel-12-1-0-0\" class=\"so-panel widget widget_sow-editor panel-first-child panel-last-child\" data-index=\"1\" ><div\n\t\t\t\n\t\t\tclass=\"so-widget-sow-editor so-widget-sow-editor-base\"\n\t\t\t\n\t\t>\n<div class=\"siteorigin-widget-tinymce textwidget\">\n\t<p><img loading=\"lazy\" decoding=\"async\" src=\"http:\/\/partner-parts.com\/wp-content\/uploads\/2019\/08\/historia.jpg\" alt=\"\" width=\"1170\" height=\"772\" class=\"alignnone size-full wp-image-234\" \/><\/p>\n<\/div>\n<\/div><\/div><\/div><div id=\"pgc-12-1-1\"  class=\"panel-grid-cell\" ><div id=\"panel-12-1-1-0\" class=\"so-panel widget widget_sow-editor panel-first-child panel-last-child\" data-index=\"2\" ><div\n\t\t\t\n\t\t\tclass=\"so-widget-sow-editor so-widget-sow-editor-base\"\n\t\t\t\n\t\t><h3 class=\"widget-title\">PARTNER \u2013 MINULOS\u0164, PR\u00cdTOMNOS\u0164 A  BUD\u00daCNOS\u0164<\/h3>\n<div class=\"siteorigin-widget-tinymce textwidget\">\n\t<p>Ka\u017ed\u00e1 firma m\u00e1 svoju hist\u00f3riu\u2026 t\u00e1 na\u0161a sa za\u010dala v roku 1993, ke\u010f spolo\u010dnos\u0165 Partner za\u010dala p\u00f4sobi\u0165 ako po\u013esk\u00e9 zast\u00fapenie \u0161v\u00e9dskej firmy Partner AB. Spo\u010diatku hlavn\u00fdm predmetom \u010dinnosti bol predaj z\u00e1hradn\u00fdch a lesn\u00fdch strojov \u0161v\u00e9dskeho v\u00fdrobcu. Po dvoch rokoch sme ukon\u010dili zmluvu a strat\u00e9giu rozvoja na\u0161ej spolo\u010dnosti sme nasmerovali v\u00fdlu\u010dne na distrib\u00faciu n\u00e1hradn\u00fdch dielov a pr\u00edslu\u0161enstva k z\u00e1hradnej, lesnej a stavebnej technike. Nasleduj\u00face roky boli obdob\u00edm intenz\u00edvnej dynamiky a prij\u00edmania k\u013e\u00fa\u010dov\u00fdch rozhodnut\u00ed. V roku 2009 sme sa pres\u0165ahovali do novej budovy, navrhnutej pod\u013ea na\u0161ich potrieb, ktor\u00e1 sa nach\u00e1dza vo Vroclave na ulici Jerzmanowska 21.<\/p>\n<\/div>\n<\/div><\/div><\/div><\/div><\/div><div id=\"pg-12-2\"  class=\"panel-grid panel-has-style\" ><div class=\"panel-row-style panel-row-style-for-12-2\" ><div id=\"pgc-12-2-0\"  class=\"panel-grid-cell\" ><div id=\"panel-12-2-0-0\" class=\"so-panel widget widget_sow-editor panel-first-child panel-last-child\" data-index=\"3\" ><div\n\t\t\t\n\t\t\tclass=\"so-widget-sow-editor so-widget-sow-editor-base\"\n\t\t\t\n\t\t>\n<div class=\"siteorigin-widget-tinymce textwidget\">\n\t<p><img decoding=\"async\" class=\"alignnone size-full wp-image-235\" src=\"http:\/\/partner-parts.com\/wp-content\/uploads\/2019\/09\/about-1v2.jpg\" alt=\"\" width=\"100%\" height=\"auto\" \/><\/p>\n<p>V s\u00fa\u010dasnosti je Partner dynamicky sa rozv\u00edjaj\u00faca obchodn\u00e1 spolo\u010dnos\u0165, ktor\u00e1 sa \u0161pecializuje na obsluhu distribu\u010dn\u00e9ho trhu v oblasti n\u00e1hradn\u00fdch dielov a pr\u00edslu\u0161enstva lesnej, z\u00e1hradnej a stavebnej techniky. \u0160pecializujeme sa na predaj n\u00e1hrad\u00fdch dielov kosa\u010diek, vy\u017e\u00edna\u010dov, p\u00edl a mal\u00fdch motorov. Spolupracujeme s v\u00fdrobcami a obchodn\u00fdmi firmami z cel\u00e9ho sveta. Od roku 2012 rozv\u00edjame vlastn\u00fa produktov\u00fa l\u00edniu pod n\u00e1zvom NEVADA.<\/p>\n<\/div>\n<\/div><\/div><\/div><div id=\"pgc-12-2-1\"  class=\"panel-grid-cell\" ><div id=\"panel-12-2-1-0\" class=\"so-panel widget widget_sow-editor panel-first-child panel-last-child\" data-index=\"4\" ><div\n\t\t\t\n\t\t\tclass=\"so-widget-sow-editor so-widget-sow-editor-base\"\n\t\t\t\n\t\t>\n<div class=\"siteorigin-widget-tinymce textwidget\">\n\t<p><img decoding=\"async\" class=\"alignnone size-full wp-image-236\" src=\"http:\/\/partner-parts.com\/wp-content\/uploads\/2019\/09\/about-2v2.jpg\" alt=\"\" width=\"100%\" height=\"auto\" \/><\/p>\n<p>Po\u010das rokov sa n\u00e1m podarilo vytvori\u0165 t\u00edm \u013eud\u00ed, ktor\u00ed svoje \u00falohy realizuj\u00fa profesion\u00e1lnym sp\u00f4sobom. S\u00fa to odborn\u00edci, anga\u017eovan\u00ed a otvoren\u00ed potreb\u00e1m z\u00e1kazn\u00edkov. Vyu\u017e\u00edvame sk\u00fasenosti, schopnosti a nad\u0161enie ka\u017ed\u00e9ho zamestnanca, v\u010faka \u010domu m\u00e1me pln\u00fa d\u00f4veru zo strany na\u0161ich z\u00e1kazn\u00edkov.<\/p>\n<\/div>\n<\/div><\/div><\/div><div id=\"pgc-12-2-2\"  class=\"panel-grid-cell\" ><div id=\"panel-12-2-2-0\" class=\"so-panel widget widget_sow-editor panel-first-child panel-last-child\" data-index=\"5\" ><div\n\t\t\t\n\t\t\tclass=\"so-widget-sow-editor so-widget-sow-editor-base\"\n\t\t\t\n\t\t>\n<div class=\"siteorigin-widget-tinymce textwidget\">\n\t<p><img decoding=\"async\" class=\"alignnone size-full wp-image-237\" src=\"http:\/\/partner-parts.com\/wp-content\/uploads\/2019\/09\/about-3v2.jpg\" alt=\"\" width=\"100%\" height=\"auto\" \/><\/p>\n<p>Na\u0161\u00edm cie\u013eom je upev\u0148ovanie poz\u00edcie dom\u00e1ceho l\u00eddra predaja v odvetv\u00ed a to v\u010faka spolupr\u00e1ci s najlep\u0161\u00edmi v\u00fdrobcami n\u00e1hradn\u00fdch dielov. Zachovanie priazniv\u00e9ho pomeru medzi cenou a kvalitou produktov, v\u00fdhodn\u00e9ho pre z\u00e1kazn\u00edka, n\u00e1m ur\u010duje smer \u010fal\u0161\u00edch krokov.<\/p>\n<\/div>\n<\/div><\/div><\/div><\/div><\/div><div id=\"pg-12-3\"  class=\"panel-grid panel-has-style\" ><div class=\"siteorigin-panels-stretch panel-row-style panel-row-style-for-12-3\" data-stretch-type=\"full\" ><div id=\"pgc-12-3-0\"  class=\"panel-grid-cell\" ><div id=\"panel-12-3-0-0\" class=\"so-panel widget widget_sow-editor panel-first-child panel-last-child\" data-index=\"6\" ><div\n\t\t\t\n\t\t\tclass=\"so-widget-sow-editor so-widget-sow-editor-base\"\n\t\t\t\n\t\t><h3 class=\"widget-title\">gal\u00e9ria<\/h3>\n<div class=\"siteorigin-widget-tinymce textwidget\">\n\t<\/div>\n<\/div><\/div><\/div><\/div><\/div><div id=\"pg-12-4\"  class=\"panel-grid panel-has-style\" ><div class=\"siteorigin-panels-stretch panel-row-style panel-row-style-for-12-4\" data-stretch-type=\"full\" ><div id=\"pgc-12-4-0\"  class=\"panel-grid-cell\" ><div id=\"panel-12-4-0-0\" class=\"so-panel widget widget_sow-editor panel-first-child panel-last-child\" data-index=\"7\" ><div\n\t\t\t\n\t\t\tclass=\"so-widget-sow-editor so-widget-sow-editor-base\"\n\t\t\t\n\t\t>\n<div class=\"siteorigin-widget-tinymce textwidget\">\n\t<p><iframe loading=\"lazy\" title=\"Partner Wroc\u0142aw - cz\u0119\u015bci zamienne i akcesoria\" width=\"640\" height=\"360\" src=\"https:\/\/www.youtube.com\/embed\/Xw8AYohYs5I?feature=oembed\" frameborder=\"0\" allow=\"accelerometer; autoplay; clipboard-write; encrypted-media; gyroscope; picture-in-picture; web-share\" referrerpolicy=\"strict-origin-when-cross-origin\" allowfullscreen><\/iframe><\/p>\n<\/div>\n<\/div><\/div><\/div><div id=\"pgc-12-4-1\"  class=\"panel-grid-cell\" ><div id=\"panel-12-4-1-0\" class=\"so-panel widget widget_sow-editor panel-first-child panel-last-child\" data-index=\"8\" ><div\n\t\t\t\n\t\t\tclass=\"so-widget-sow-editor so-widget-sow-editor-base\"\n\t\t\t\n\t\t>\n<div class=\"siteorigin-widget-tinymce textwidget\">\n\t<div id='gallery-1' class='gallery galleryid-12 gallery-columns-4 gallery-size-thumbnail'><figure class='gallery-item'>\n\t\t\t<div class='gallery-icon landscape'>\n\t\t\t\t<a href='https:\/\/partner-parts.com\/wp-content\/uploads\/2019\/09\/galeria-4-1.jpg'><img loading=\"lazy\" decoding=\"async\" width=\"250\" height=\"250\" src=\"https:\/\/partner-parts.com\/wp-content\/uploads\/2019\/09\/galeria-4-1-250x250.jpg\" class=\"attachment-thumbnail size-thumbnail\" alt=\"\" \/><\/a>\n\t\t\t<\/div><\/figure><figure class='gallery-item'>\n\t\t\t<div class='gallery-icon landscape'>\n\t\t\t\t<a href='https:\/\/partner-parts.com\/wp-content\/uploads\/2019\/09\/galeria-3-1.jpg'><img loading=\"lazy\" decoding=\"async\" width=\"250\" height=\"250\" src=\"https:\/\/partner-parts.com\/wp-content\/uploads\/2019\/09\/galeria-3-1-250x250.jpg\" class=\"attachment-thumbnail size-thumbnail\" alt=\"\" \/><\/a>\n\t\t\t<\/div><\/figure><figure class='gallery-item'>\n\t\t\t<div class='gallery-icon landscape'>\n\t\t\t\t<a href='https:\/\/partner-parts.com\/wp-content\/uploads\/2019\/09\/galeria-2-1.jpg'><img loading=\"lazy\" decoding=\"async\" width=\"250\" height=\"250\" src=\"https:\/\/partner-parts.com\/wp-content\/uploads\/2019\/09\/galeria-2-1-250x250.jpg\" class=\"attachment-thumbnail size-thumbnail\" alt=\"\" \/><\/a>\n\t\t\t<\/div><\/figure><figure class='gallery-item'>\n\t\t\t<div class='gallery-icon landscape'>\n\t\t\t\t<a href='https:\/\/partner-parts.com\/wp-content\/uploads\/2019\/09\/galeria-1-1.jpg'><img loading=\"lazy\" decoding=\"async\" width=\"250\" height=\"250\" src=\"https:\/\/partner-parts.com\/wp-content\/uploads\/2019\/09\/galeria-1-1-250x250.jpg\" class=\"attachment-thumbnail size-thumbnail\" alt=\"\" \/><\/a>\n\t\t\t<\/div><\/figure><figure class='gallery-item'>\n\t\t\t<div class='gallery-icon landscape'>\n\t\t\t\t<a href='https:\/\/partner-parts.com\/wp-content\/uploads\/2019\/09\/galeria-5-1.jpg'><img loading=\"lazy\" decoding=\"async\" width=\"250\" height=\"250\" src=\"https:\/\/partner-parts.com\/wp-content\/uploads\/2019\/09\/galeria-5-1-250x250.jpg\" class=\"attachment-thumbnail size-thumbnail\" alt=\"\" \/><\/a>\n\t\t\t<\/div><\/figure>\n\t\t<\/div>\n\n<\/div>\n<\/div><\/div><\/div><\/div><\/div><\/div>","protected":false},"excerpt":{"rendered":"<p>Ka\u017ed\u00e1 firma m\u00e1 svoju hist\u00f3riu\u2026 t\u00e1 na\u0161a sa za\u010dala v roku 1993, ke\u010f spolo\u010dnos\u0165 Partner za\u010dala p\u00f4sobi\u0165 ako po\u013esk\u00e9 zast\u00fapenie \u0161v\u00e9dskej firmy Partner AB. Spo\u010diatku hlavn\u00fdm predmetom \u010dinnosti bol predaj z\u00e1hradn\u00fdch a lesn\u00fdch strojov \u0161v\u00e9dskeho v\u00fdrobcu. Po dvoch rokoch sme ukon\u010dili zmluvu a strat\u00e9giu rozvoja na\u0161ej spolo\u010dnosti sme nasmerovali v\u00fdlu\u010dne na distrib\u00faciu n\u00e1hradn\u00fdch dielov a [&hellip;]<\/p>\n","protected":false},"author":1,"featured_media":0,"parent":0,"menu_order":0,"comment_status":"closed","ping_status":"closed","template":"page-no-title.php","meta":{"footnotes":""},"class_list":["post-12","page","type-page","status-publish","hentry"],"_links":{"self":[{"href":"https:\/\/partner-parts.com\/sk\/wp-json\/wp\/v2\/pages\/12","targetHints":{"allow":["GET"]}}],"collection":[{"href":"https:\/\/partner-parts.com\/sk\/wp-json\/wp\/v2\/pages"}],"about":[{"href":"https:\/\/partner-parts.com\/sk\/wp-json\/wp\/v2\/types\/page"}],"author":[{"embeddable":true,"href":"https:\/\/partner-parts.com\/sk\/wp-json\/wp\/v2\/users\/1"}],"replies":[{"embeddable":true,"href":"https:\/\/partner-parts.com\/sk\/wp-json\/wp\/v2\/comments?post=12"}],"version-history":[{"count":39,"href":"https:\/\/partner-parts.com\/sk\/wp-json\/wp\/v2\/pages\/12\/revisions"}],"predecessor-version":[{"id":665,"href":"https:\/\/partner-parts.com\/sk\/wp-json\/wp\/v2\/pages\/12\/revisions\/665"}],"wp:attachment":[{"href":"https:\/\/partner-parts.com\/sk\/wp-json\/wp\/v2\/media?parent=12"}],"curies":[{"name":"wp","href":"https:\/\/api.w.org\/{rel}","templated":true}]}}