{"id":331,"date":"2020-03-13T14:55:16","date_gmt":"2020-03-13T13:55:16","guid":{"rendered":"https:\/\/partner-parts.com\/?page_id=331"},"modified":"2020-03-16T13:05:27","modified_gmt":"2020-03-16T12:05:27","slug":"regulamin-promocji-kreatywnie-z-nevada-marzec2020","status":"publish","type":"page","link":"https:\/\/partner-parts.com\/ro\/regulamin-promocji-kreatywnie-z-nevada-marzec2020\/","title":{"rendered":"(Polski) REGULAMIN PROMOCJI \u201eKREATYWNIE Z NEVAD\u0104\u201d marzec2020"},"content":{"rendered":"<div id=\"pl-331\"  class=\"panel-layout\" ><div id=\"pg-331-0\"  class=\"panel-grid panel-no-style\" ><div id=\"pgc-331-0-0\"  class=\"panel-grid-cell\" ><div id=\"panel-331-0-0-0\" class=\"so-panel widget widget_sow-editor panel-first-child panel-last-child\" data-index=\"0\" ><div\n\t\t\t\n\t\t\tclass=\"so-widget-sow-editor so-widget-sow-editor-base\"\n\t\t\t\n\t\t>\n<div class=\"siteorigin-widget-tinymce textwidget\">\n\t<h3>1. [Organizator]<\/h3>\n<p>1.1. Organizatorem promocji Partner Sp. z o.o. ulica Jerzmanowska 21 54-530 Wroc\u0142aw NIP 8940013103.<\/p>\n<h3>2. [Zasady konkursu]<\/h3>\n<p>2.1 Zadaniem Uczestnika w ramach Konkursu jest samodzielne wykonanie fotografii promuj\u0105cej mark\u0119 Nevada<\/p>\n<p>2.2 Fotografia mo\u017ce przybra\u0107 form\u0119 portretu ,p\u00f3\u0142-portretu, zdj\u0119cia samej sylwetki z produktem Nevada.<\/p>\n<p>2.3. Fotografia konkursowa mo\u017ce zawiera\u0107 sam produkt marki Nevada w kreatywnej ods\u0142onie.<\/p>\n<p>2.4. Zrobione zdj\u0119cie nale\u017cy zamie\u015bci\u0107 w komentarzu pod postem konkursowym na serwisie spo\u0142eczno\u015bciowym <a href=\"https:\/\/www.facebook.com\/partnerpartswroclawnevada\/\">facebook<\/a>.<\/p>\n<p>2.5. Fotografia zg\u0142oszona do konkursu nie mo\u017ce zawiera\u0107 tre\u015bci, kt\u00f3re mog\u0142yby:<\/p>\n<p>2.5.1. zosta\u0107 zamieszczone w z\u0142ej wierze, np. z zamiarem naruszenia d\u00f3br osobistych os\u00f3b trzecich,<\/p>\n<p>2.5.2. narusza\u0107 jakiekolwiek prawa os\u00f3b trzecich, w tym prawa zwi\u0105zane z ochron\u0105 praw autorskich i praw pokrewnych, ochron\u0105 praw w\u0142asno\u015bci przemys\u0142owej, tajemnic\u0105 przedsi\u0119biorstwa lub maj\u0105ce zwi\u0105zek ze zobowi\u0105zaniami do zachowania poufno\u015bci, posiada\u0107 charakter obra\u017aliwy, wulgarny lub stanowi\u0107 gro\u017ab\u0119 skierowan\u0105 do innych os\u00f3b,<\/p>\n<p>2.5.3. pozostawa\u0107 w sprzeczno\u015bci z interesem Organizatora.<\/p>\n<p>2.5.4. nie mo\u017ce narusza\u0107 w inny spos\u00f3b postanowienia Regulaminu, dobre obyczaje, przepisy obowi\u0105zuj\u0105cego prawa, normy spo\u0142eczne lub obyczajowe, zawiera\u0107 wizerunek innych os\u00f3b, kt\u00f3re nie wyrazi\u0142y zgody na udost\u0119pnienie wykonanej fotografii przez organizatora.<\/p>\n<p>2.6. Fotografia opublikowana na koncie profilowym Uczestnika Konkursu na portalu spo\u0142eczno\u015bciowym facebook wymaga zamieszczenia hasztagu #KREATYWNIEZNEVADA.<\/p>\n<p>2.7. Zg\u0142oszenia do Konkursu dokonuje si\u0119 poprzez udost\u0119pnienie fotografii na <a href=\"https:\/\/www.facebook.com\/partnerpartswroclawnevada\/\">facebooku<\/a> firmy Partner.<\/p>\n<p>2.8. Czas trwania konkursu : od godziny 8.00 16.03.2020 do 20.00 20.03.2020.<\/p>\n<p>2.9. Uczestnik Konkursu mo\u017ce udost\u0119pni\u0107 dowoln\u0105 liczb\u0119 Fotografii.<\/p>\n<p>2.10. Zadanie konkursowe nie b\u0119dzie ulega\u0107 zmianie w czasie trwania Konkursu.<\/p>\n<p>2.11. Organizator Konkursu dokona wyboru najbardziej atrakcyjnych, kreatywnych i oryginalnych Fotografii wed\u0142ug w\u0142asnej subiektywnej oceny. O wyborze zwyci\u0119skich Fotografii Organizator Konkursu powiadomi Uczestnik\u00f3w Konkursu, kt\u00f3rzy dodali zwyci\u0119skie Fotografie (zwani dalej \u201eLaureatami\u201d) za po\u015brednictwem portalu spo\u0142eczno\u015bciowego <a href=\"https:\/\/www.facebook.com\/partnerpartswroclawnevada\/\">facebook<\/a>) poprzez dodanie pod Fotografi\u0105 komentarza informuj\u0105cego o zwyci\u0119stwie. Organizator mo\u017ce na bie\u017c\u0105co dodawa\u0107 wybrane przez siebie najlepsze zwyci\u0119skie Fotografie na sw\u00f3j oficjalny kana\u0142 na Facebooku w formie \u201erepostu\u201d.<\/p>\n<p>2.12. Organizator b\u0119dzie prowadzi\u0142 bie\u017c\u0105c\u0105 relacj\u0119 z przebiegu Konkursu za po\u015brednictwem Fanpage Organizatora na portalu spo\u0142eczno\u015bciowym <a href=\"https:\/\/www.facebook.com\/partnerpartswroclawnevada\/\">Facebook <\/a>\u00a0w tym celu b\u0119dzie uprawniony do publikacji na tym portalu zdj\u0119\u0107 Uczestnik\u00f3w powsta\u0142ych i upublicznionych na Instagram w opisany wy\u017cej spos\u00f3b.<\/p>\n<p>2.13. Uczestnik Konkursu wyra\u017ca zgod\u0119 na wykorzystanie fotografii z jego wizerunkiem na <a href=\"https:\/\/www.facebook.com\/partnerpartswroclawnevada\/\">Facebook<\/a> do prowadzenia marketingu w\u0142asnych produkt\u00f3w i us\u0142ug administratora, na podstawie art. 81 ust. 1 ustawy z dnia 4 lutego 1994 r. o prawie autorskim i prawach pokrewnych.<\/p>\n<p>2.14. Uczestnik Konkursu otrzyma\u0142 um\u00f3wion\u0105 zap\u0142at\u0119 za wykorzystanie fotografii z jego wizerunkiem w postaci Nagrody G\u0142\u00f3wnej lub Nagrody Nevada w Konkursie na <a href=\"https:\/\/www.facebook.com\/partnerpartswroclawnevada\/\">Facebook <\/a>do prowadzenia marketingu w\u0142asnych produkt\u00f3w i us\u0142ug administratora, na podstawie art. 81 ust. 1 ustawy z dnia 4 lutego 1994 r. o prawie autorskim i prawach pokrewnych.<\/p>\n<p>2.15. Uczestnik Konkursu wyra\u017ca zgod\u0119 na otrzymywanie informacji handlowych o produktach lub us\u0142ugach Administratora i podmiot\u00f3w \u015bwiadcz\u0105cych us\u0142ugi powi\u0105zane z produktami Administratora za pomoc\u0105 \u015brodk\u00f3w komunikacji elektronicznej.<\/p>\n<h3>3. [Nagroda]<\/h3>\n<p>3.1. Nagrod\u0105 g\u0142\u00f3wn\u0105 w Konkursie jest g\u0142o\u015bnik marki Hama z logo Nevada o warto\u015bci 100z\u0142. (zwany dalej \u201cNagrod\u0105 G\u0142\u00f3wn\u0105\u201d)<\/p>\n<p>3.2. Nagrodami dodatkowymi s\u0105 zestaw gad\u017cet\u00f3w Nevada za nagrod\u0119 zwan\u0105 dalej \u201cNagroda Nevada\u201d)<\/p>\n<p>3.3. Laureatom nie przys\u0142uguje prawo wymiany Nagr\u00f3d na got\u00f3wk\u0119 ani nagrod\u0119 innego rodzaju.<\/p>\n<p>3.4. Zwyci\u0119zca mo\u017ce zrzec si\u0119 Nagrody, ale w zamian nie przys\u0142uguje mu ekwiwalent pieni\u0119\u017cny ani jakakolwiek inna nagroda<\/p>\n<h4>4. [Zasady przyznawania nagr\u00f3d]<\/h4>\n<p>4.2 Zwyci\u0119zca Konkursu zostanie powiadomiony o wygranej i warunkach odbioru Nagrody za po\u015brednictwem wiadomo\u015bci wys\u0142anej na adres e-mail podany w Profilu lub \u2013 w razie braku mo\u017cliwo\u015bci skontaktowania si\u0119 \u2013 poprzez wiadomo\u015b\u0107 wys\u0142an\u0105 na Facebooku.<\/p>\n<p>4.3 Informacja o wygranej nagrodzie dnia zostanie umieszczona w po\u015bcie konkursowym na <a href=\"https:\/\/www.facebook.com\/partnerpartswroclawnevada\/\">Facebooku <\/a>25.03.2020 o godzinie 12.00 oraz zostanie przes\u0142ana zwyci\u0119zcy w ci\u0105gu 3 dni roboczych.<\/p>\n<p>4.4 Informacja o wygranej Nagrodzie G\u0142\u00f3wnej zostanie przes\u0142ana Zwyci\u0119zcy w ci\u0105gu 3 dni roboczych od momentu og\u0142oszenia wynik\u00f3w i zako\u0144czenia konkursu.<\/p>\n<p>4.5 Nagrody zostan\u0105 wydane Zwyci\u0119zcy na koszt Organizatora spedycj\u0105 dostarczon\u0105 w obr\u0119bie granic Polski.<\/p>\n<p>4.6 W celu przekazania Nagr\u00f3d, Zwyci\u0119zca w ci\u0105gu 7 dni od daty otrzymania wiadomo\u015bci o wygranej, powinien przes\u0142a\u0107 w wiadomo\u015bci zwrotnej adres oraz telefon odbiorcy nagrody.<\/p>\n<p>4.7 W przypadku niedotrzymania w\/w terminu, nagroda nie zostanie wys\u0142ana.<\/p>\n<p>4.8 Organizator ma prawo poda\u0107 dane na Fanpage Facebook.<\/p>\n<p>4.9 Nagroda zostanie przes\u0142ana na adres wskazany przez Zwyci\u0119zc\u0119 w ci\u0105gu 30 dni od daty przes\u0142ania danych adresowych.<\/p>\n<p>4.10 Organizator nie ponosi odpowiedzialno\u015bci za brak mo\u017cliwo\u015bci przekazania nagrody z przyczyn le\u017c\u0105cych po stronie Uczestnika, a w szczeg\u00f3lno\u015bci w przypadku niepodania b\u0105d\u017a podania b\u0142\u0119dnych danych, zmiany danych Uczestnika, o kt\u00f3rej nie zosta\u0142 poinformowany . W takim przypadku nagroda przepada.<\/p>\n<p>4.11 Organizator nie ponosi odpowiedzialno\u015bci za nieprawid\u0142owe dane podane przy rejestracji, w szczeg\u00f3lno\u015bci za zmian\u0119 danych osobowych uniemo\u017cliwiaj\u0105c\u0105 odszukanie Uczestnika, kt\u00f3remu przyznano nagrod\u0119.<\/p>\n<p>4.12 W przypadkach wykrycia dzia\u0142a\u0144 niezgodnych z Regulaminem, pr\u00f3by wp\u0142ywania na wy\u0142onienie Zwyci\u0119zcy w spos\u00f3b niedozwolony, w szczeg\u00f3lno\u015bci poprzez zak\u0142adanie fikcyjnych profili prywatnych w serwisie Facebook, dany Uczestnik mo\u017ce zosta\u0107 wykluczony z Konkursu<\/p>\n<h3>5. [Przetwarzanie danych osobowych]<\/h3>\n<p>5.1. Administratorem danych jest Partner sp. z o.o. z siedzib\u0105 we Wroc\u0142awiu, przy ul. Jerzmanowska 21, 54-530 Wroc\u0142aw, adres email: partner@partner-parts.pl.<\/p>\n<p>5.2. Kontakt z inspektorem ochrony danych adres email: iod@partner-parts.pl.<\/p>\n<p>5.3. Celem przetwarzania danych osobowych oraz podstaw\u0105 prawn\u0105 przetwarzania jest:<\/p>\n<p>5.3.1. udzia\u0142 w promocji \u201eKREATYWNIE Z NEVAD\u0104\u201d marzec2020, na podstawie art. 6 ust. 1 lit. b RODO;<\/p>\n<p>5.3.2. wype\u0142nienie obowi\u0105zku prawnego ci\u0105\u017c\u0105cego na administratorze, na podstawie art. 6 ust. 1 lit. c RODO;<\/p>\n<p>5.3.3. wykorzystanie fotografii z Pana\/Pani wizerunkiem na <a href=\"https:\/\/www.facebook.com\/partnerpartswroclawnevada\/\">Facebook<\/a> do prowadzenia marketingu w\u0142asnych produkt\u00f3w i us\u0142ug administratora, na podstawie art. 6 ust. 1 lit. a lub b RODO, art. 81 ust. 1 ustawy z dnia 4 lutego 1994 r. o prawie autorskim i prawach pokrewnych;<\/p>\n<p>5.3.4. marketing prowadzony w formie elektronicznej, na podstawie w art. 6 ust. 1 lit. a RODO.<\/p>\n<p>5.4. Przetwarzanie danych osobowych odbywa si\u0119 z prawnie uzasadnionych interes\u00f3w, realizowanych przez administratora danych, na podstawie art. 6 ust. 1 lit. f RODO: rozpatrzenia ewentualnych reklamacji; archiwalnym (dowodowym) b\u0119d\u0105cym realizacj\u0105 naszego prawnie uzasadnionego interesu zabezpieczenia informacji na wypadek prawnej potrzeby wykazania fakt\u00f3w oraz ustalenia, dochodzenia lub obrony roszcze\u0144 z tytu\u0142u prowadzonej<br \/>\ndzia\u0142alno\u015bci gospodarczej.<\/p>\n<p>5.5. Pani\/Pana dane osobowe mog\u0105 by\u0107 przekazywane: podmiotom \u015bwiadcz\u0105cym na rzecz Administratora danych us\u0142ug niezb\u0119dnych do wykonania zawieranej z Pani\u0105\/Panem umowy tj.: us\u0142ugi prawne, us\u0142ugi informatyczne, dostawcom system\u00f3w informatycznych; organom upowa\u017cnionym na podstawie przepis\u00f3w prawa.<\/p>\n<p>5.6. Okres przechowywania danych osobowych wynosi odpowiednio dla celu:<\/p>\n<p>5.6.1. udzia\u0142 w promocji \u2013 przez okres trwania promocji \u201ekreatywnie z NEVAD\u0104\u201d marzec2020 oraz 12 miesi\u0119cy po jej zako\u0144czeniu, a w przypadku uczestnik\u00f3w Konkursu, kt\u00f3rzy otrzymali Nagrod\u0119 G\u0142\u00f3wn\u0105 lub Nagrody Nevada przez okres co najmniej 5 lat od pocz\u0105tku roku nast\u0119puj\u0105cego po roku obrotowym, w kt\u00f3rym operacje, transakcje i post\u0119powanie zosta\u0142y ostatecznie zako\u0144czone, sp\u0142acone, rozliczone lub przedawnione;<\/p>\n<p>5.6.2. ustalenia, dochodzenia lub obrony przed roszczeniami zwi\u0105zanymi bezpo\u015brednio lub po\u015brednio z reklamacj\u0105 przez okres roku od dnia udzielenia odpowiedzi przez administratora na reklamacj\u0119 lub do przez okres 3 lat od otrzymania reklamacji, a w przypadku tocz\u0105cego si\u0119 post\u0119powania przez okres trwania post\u0119powania do czasu jego prawomocnego zako\u0144czenia oraz czasu przedawnienia roszcze\u0144;<\/p>\n<p>5.6.3. marketingu prowadzonego w formie elektronicznej - przez okres udzielenia zgody na przetwarzanie danych osobowych.<\/p>\n<p>5.7. Przys\u0142uguje Pani\/Panu prawo dost\u0119pu do Pani\/Pana danych osobowych, ich sprostowania, usuni\u0119cia lub ograniczenia przetwarzania lub prawo do wniesienia sprzeciwu wobec przetwarzania, a tak\u017ce prawo do przenoszenia danych.<\/p>\n<p>5.8. Je\u017celi przetwarzanie odbywa si\u0119 na podstawie zgody, to osobie, kt\u00f3rej dane dotycz\u0105, przys\u0142uguje prawo do cofni\u0119cia zgody w dowolnym momencie, bez wp\u0142ywu na zgodno\u015b\u0107 z prawem przetwarzania, kt\u00f3rego dokonano na podstawie zgody przed jej cofni\u0119ciem. Je\u017celi chcesz cofn\u0105\u0107 zgod\u0119, wy\u015blij informacj\u0119 na adres email: partner@partner-parts.pl.<\/p>\n<p>5.9. Przys\u0142uguje Pani\/Panu prawo do wniesienia skargi do Prezesa Urz\u0119du Ochrony Danych Osobowych.<\/p>\n<p>5.10. Podania danych jest dobrowolne, jednak niezb\u0119dne do realizacji ww. cel\u00f3w.<\/p>\n<p>5.11. Pani\/Pana dane nie podlegaj\u0105 zautomatyzowanym podejmowaniu decyzji, w tym o profilowaniu, o kt\u00f3rym mowa w art. 22 ust. 1 i 4 RODO.<\/p>\n<p>5.12. Przys\u0142uguje Pani\/Panu prawo wniesienia sprzeciwu wobec przetwarzania danych osobowych opartego na art. 6 ust. 1 lit. e lub f RODO, w tym profilowania na podstawie tych przepis\u00f3w z przyczyn zwi\u0105zanych z szczeg\u00f3ln\u0105 sytuacj\u0105 osoby, kt\u00f3rej dane dotycz\u0105.<\/p>\n<p>5.13. Przys\u0142uguje Pani\/Panu prawo wniesienia sprzeciwu wobec przetwarzania Pani\/Pana danych osobowych, w celu marketingu bezpo\u015bredniego, w tym profilowania, w zakresie, w jakim przetwarzanie jest zwi\u0105zane z takim marketingiem bezpo\u015brednim.<\/p>\n<h3>6. [Post\u0119powanie reklamacyjne]<\/h3>\n<p>6.1. Wszelkie reklamacje dotycz\u0105ce promocji \u201eKreatywni z Nevad\u0105 akcja cenowa marzec 2020\u201d Uczestnicy mog\u0105 zg\u0142asza\u0107 za pomoc\u0105 wiadomo\u015bci e-mail na adres reklamacje@partner-parts.pl<\/p>\n<p>6.2. .Reklamacja powinna zawiera\u0107: imi\u0119, nazwisko Uczestnika, adres jego profilu na fb, jak r\u00f3wnie\u017c dok\u0142adny opis i pow\u00f3d reklamacji.<\/p>\n<p>6.3. Reklamacje rozpatrywane b\u0119d\u0105 przez Organizatora w terminie 14 dni od daty ich otrzymania.<\/p>\n<p>6.4. Reklamacja rozpatrywane b\u0119d\u0105 na podstawie Regulaminu i powszechnie obowi\u0105zuj\u0105cych przepis\u00f3w prawa.<\/p>\n<p>6.5. O decyzji Organizatora w przedmiocie reklamacji Uczestnik zostanie powiadomiony za po\u015brednictwem wiadomo\u015bci e-mail, wys\u0142anej na adres podany podczas z\u0142o\u017cenia reklamacji.<\/p>\n<h3>7. [Postanowienia ko\u0144cowe]<\/h3>\n<p>7.1. Regulamin Promocji jest dost\u0119pny na B2B firmy Partner<\/p>\n<p>7.2. Przed wzi\u0119ciem udzia\u0142u w Promocji, Uczestnik powinien zapozna\u0107 si\u0119 z niniejszym Regulaminem. Wzi\u0119cie udzia\u0142u w Promocji oznacza zapoznanie si\u0119 z postanowieniami niniejszego Regulaminu.<\/p>\n<p>7.3. Organizator zastrzega sobie prawo do wprowadzania zmian w Regulaminie z wa\u017cnych powod\u00f3w, kt\u00f3rymi s\u0105: przed\u0142u\u017cenie lub skr\u00f3cenie okresu trwania Promocji, zmiany przedmiotu Promocji, wa\u017cne przyczyny ekonomiczne lub marketingowe le\u017c\u0105ce po stronie Organizatora. Zmiana Regulaminu nie ma wp\u0142ywu na prawa uprzednio nabyte przez Uczestnik\u00f3w.<\/p>\n<\/div>\n<\/div><\/div><\/div><\/div><\/div>","protected":false},"excerpt":{"rendered":"<p>1. [Organizator] 1.1. Organizatorem promocji Partner Sp. z o.o. ulica Jerzmanowska 21 54-530 Wroc\u0142aw NIP 8940013103. 2. [Zasady konkursu] 2.1 Zadaniem Uczestnika w ramach Konkursu jest samodzielne wykonanie fotografii promuj\u0105cej mark\u0119 Nevada 2.2 Fotografia mo\u017ce przybra\u0107 form\u0119 portretu ,p\u00f3\u0142-portretu, zdj\u0119cia samej sylwetki z produktem Nevada. 2.3. Fotografia konkursowa mo\u017ce zawiera\u0107 sam produkt marki Nevada w [&hellip;]<\/p>\n","protected":false},"author":1,"featured_media":0,"parent":0,"menu_order":0,"comment_status":"closed","ping_status":"closed","template":"","meta":{"footnotes":""},"class_list":["post-331","page","type-page","status-publish","hentry"],"_links":{"self":[{"href":"https:\/\/partner-parts.com\/ro\/wp-json\/wp\/v2\/pages\/331","targetHints":{"allow":["GET"]}}],"collection":[{"href":"https:\/\/partner-parts.com\/ro\/wp-json\/wp\/v2\/pages"}],"about":[{"href":"https:\/\/partner-parts.com\/ro\/wp-json\/wp\/v2\/types\/page"}],"author":[{"embeddable":true,"href":"https:\/\/partner-parts.com\/ro\/wp-json\/wp\/v2\/users\/1"}],"replies":[{"embeddable":true,"href":"https:\/\/partner-parts.com\/ro\/wp-json\/wp\/v2\/comments?post=331"}],"version-history":[{"count":3,"href":"https:\/\/partner-parts.com\/ro\/wp-json\/wp\/v2\/pages\/331\/revisions"}],"predecessor-version":[{"id":334,"href":"https:\/\/partner-parts.com\/ro\/wp-json\/wp\/v2\/pages\/331\/revisions\/334"}],"wp:attachment":[{"href":"https:\/\/partner-parts.com\/ro\/wp-json\/wp\/v2\/media?parent=331"}],"curies":[{"name":"wp","href":"https:\/\/api.w.org\/{rel}","templated":true}]}}