{"id":295,"date":"2019-11-26T16:56:00","date_gmt":"2019-11-26T15:56:00","guid":{"rendered":"http:\/\/partner-parts.com\/?page_id=295"},"modified":"2026-04-15T20:19:58","modified_gmt":"2026-04-15T18:19:58","slug":"rozpocznij-wspolprace","status":"publish","type":"page","link":"https:\/\/partner-parts.com\/ro\/rozpocznij-wspolprace\/","title":{"rendered":"\u00cencepe\u021bi cooperarea"},"content":{"rendered":"<div id=\"pl-295\"  class=\"panel-layout\" ><div id=\"pg-295-0\"  class=\"panel-grid panel-has-style\" ><div class=\"siteorigin-panels-stretch panel-row-style panel-row-style-for-295-0\" data-stretch-type=\"full\" ><div id=\"pgc-295-0-0\"  class=\"panel-grid-cell\" ><div id=\"panel-295-0-0-0\" class=\"so-panel widget widget_sow-editor panel-first-child panel-last-child\" data-index=\"0\" ><div\n\t\t\t\n\t\t\tclass=\"so-widget-sow-editor so-widget-sow-editor-base\"\n\t\t\t\n\t\t>\n<div class=\"siteorigin-widget-tinymce textwidget\">\n\t<h1 style=\"text-align: center;\">\u00cencepe\u021bi cooperarea<\/h1>\n<\/div>\n<\/div><\/div><\/div><\/div><\/div><div id=\"pg-295-1\"  class=\"panel-grid panel-no-style\" ><div id=\"pgc-295-1-0\"  class=\"panel-grid-cell panel-grid-cell-empty\" ><\/div><div id=\"pgc-295-1-1\"  class=\"panel-grid-cell\" ><div id=\"panel-295-1-1-0\" class=\"so-panel widget widget_sow-editor panel-first-child panel-last-child\" data-index=\"1\" ><div class=\"panel-widget-style panel-widget-style-for-295-1-1-0\" ><div\n\t\t\t\n\t\t\tclass=\"so-widget-sow-editor so-widget-sow-editor-base\"\n\t\t\t\n\t\t>\n<div class=\"siteorigin-widget-tinymce textwidget\">\n\t\n<div class=\"wpcf7 no-js\" id=\"wpcf7-f626-o1\" lang=\"pl-PL\" dir=\"ltr\" data-wpcf7-id=\"626\">\n<div class=\"screen-reader-response\"><p role=\"status\" aria-live=\"polite\" aria-atomic=\"true\"><\/p> <ul><\/ul><\/div>\n<form action=\"\/ro\/wp-json\/wp\/v2\/pages\/295#wpcf7-f626-o1\" method=\"post\" class=\"wpcf7-form init\" aria-label=\"Formularz kontaktowy\" novalidate=\"novalidate\" data-status=\"init\">\n<fieldset class=\"hidden-fields-container\"><input type=\"hidden\" name=\"_wpcf7\" value=\"626\" \/><input type=\"hidden\" name=\"_wpcf7_version\" value=\"6.1.4\" \/><input type=\"hidden\" name=\"_wpcf7_locale\" value=\"pl_PL\" \/><input type=\"hidden\" name=\"_wpcf7_unit_tag\" value=\"wpcf7-f626-o1\" \/><input type=\"hidden\" name=\"_wpcf7_container_post\" value=\"0\" \/><input type=\"hidden\" name=\"_wpcf7_posted_data_hash\" value=\"\" \/><input type=\"hidden\" name=\"_wpcf7cf_hidden_group_fields\" value=\"[]\" \/><input type=\"hidden\" name=\"_wpcf7cf_hidden_groups\" value=\"[]\" \/><input type=\"hidden\" name=\"_wpcf7cf_visible_groups\" value=\"[]\" \/><input type=\"hidden\" name=\"_wpcf7cf_repeaters\" value=\"[]\" \/><input type=\"hidden\" name=\"_wpcf7cf_steps\" value=\"{}\" \/><input type=\"hidden\" name=\"_wpcf7cf_options\" value=\"{&quot;form_id&quot;:626,&quot;conditions&quot;:[{&quot;then_field&quot;:&quot;grupa-Adres-dostawy&quot;,&quot;and_rules&quot;:[{&quot;if_field&quot;:&quot;Adres-dostawy&quot;,&quot;operator&quot;:&quot;equals&quot;,&quot;if_value&quot;:&quot;\\u00een afar\\u0103 de facturare&quot;}]}],&quot;settings&quot;:{&quot;animation&quot;:&quot;yes&quot;,&quot;animation_intime&quot;:200,&quot;animation_outtime&quot;:200,&quot;conditions_ui&quot;:&quot;normal&quot;,&quot;notice_dismissed&quot;:false}}\" \/><input type=\"hidden\" name=\"_wpcf7_recaptcha_response\" value=\"\" \/>\n<\/fieldset>\n<p><span class=\"wpcf7-form-control-wrap\" data-name=\"Imie\"><input size=\"40\" maxlength=\"400\" class=\"wpcf7-form-control wpcf7-text wpcf7-validates-as-required\" aria-required=\"true\" aria-invalid=\"false\" placeholder=\"Prenume\" value=\"\" type=\"text\" name=\"Imie\" \/><\/span>\n<\/p>\n<p><span class=\"wpcf7-form-control-wrap\" data-name=\"Nazwisko\"><input size=\"40\" maxlength=\"400\" class=\"wpcf7-form-control wpcf7-text wpcf7-validates-as-required\" aria-required=\"true\" aria-invalid=\"false\" placeholder=\"Nume\" value=\"\" type=\"text\" name=\"Nazwisko\" \/><\/span>\n<\/p>\n<p><span class=\"wpcf7-form-control-wrap\" data-name=\"Nazwa-firmy\"><input size=\"40\" maxlength=\"400\" class=\"wpcf7-form-control wpcf7-text wpcf7-validates-as-required\" aria-required=\"true\" aria-invalid=\"false\" placeholder=\"Numele firmei\" value=\"\" type=\"text\" name=\"Nazwa-firmy\" \/><\/span>\n<\/p>\n<p><span class=\"wpcf7-form-control-wrap\" data-name=\"NIP\"><input size=\"40\" maxlength=\"400\" class=\"wpcf7-form-control wpcf7-text wpcf7-validates-as-required\" aria-required=\"true\" aria-invalid=\"false\" placeholder=\"CIF\" value=\"\" type=\"text\" name=\"NIP\" \/><\/span>\n<\/p>\n<p><span class=\"wpcf7-form-control-wrap\" data-name=\"Ulica\"><input size=\"40\" maxlength=\"400\" class=\"wpcf7-form-control wpcf7-text wpcf7-validates-as-required\" aria-required=\"true\" aria-invalid=\"false\" placeholder=\"Strada\" value=\"\" type=\"text\" name=\"Ulica\" \/><\/span>\n<\/p>\n<p><span class=\"wpcf7-form-control-wrap\" data-name=\"kod-pocztowy\"><input size=\"40\" maxlength=\"400\" class=\"wpcf7-form-control wpcf7-text wpcf7-validates-as-required\" aria-required=\"true\" aria-invalid=\"false\" placeholder=\"Cod po\u0219tal\" value=\"\" type=\"text\" name=\"kod-pocztowy\" \/><\/span>\n<\/p>\n<p><span class=\"wpcf7-form-control-wrap\" data-name=\"Miejscowosc\"><input size=\"40\" maxlength=\"400\" class=\"wpcf7-form-control wpcf7-text wpcf7-validates-as-required\" aria-required=\"true\" aria-invalid=\"false\" placeholder=\"Localitate\" value=\"\" type=\"text\" name=\"Miejscowosc\" \/><\/span>\n<\/p>\n<p><span class=\"wpcf7-form-control-wrap\" data-name=\"your-email\"><input size=\"40\" maxlength=\"400\" class=\"wpcf7-form-control wpcf7-email wpcf7-validates-as-required wpcf7-text wpcf7-validates-as-email\" aria-required=\"true\" aria-invalid=\"false\" placeholder=\"Adresa de e-mail\" value=\"\" type=\"email\" name=\"your-email\" \/><\/span>\n<\/p>\n<p><span class=\"wpcf7-form-control-wrap\" data-name=\"Telefon\"><input size=\"40\" maxlength=\"400\" class=\"wpcf7-form-control wpcf7-text wpcf7-validates-as-required\" aria-required=\"true\" aria-invalid=\"false\" placeholder=\"Telefon\" value=\"\" type=\"text\" name=\"Telefon\" \/><\/span>\n<\/p>\n<div style=\"border: 1px solid #4D525A; padding:20px; background:#3b4045;\">\n\t<h3 style=\"color: #747679; font-size: 21px;\">Adresa de livrare\n\t<\/h3>\n\t<p><span class=\"wpcf7-form-control-wrap\" data-name=\"Adres-dostawy\"><span class=\"wpcf7-form-control wpcf7-radio\"><span class=\"wpcf7-list-item first\"><label><input type=\"radio\" name=\"Adres-dostawy\" value=\"Aceea\u0219i cu adresa de facturare\" checked=\"checked\" \/><span class=\"wpcf7-list-item-label\">Aceea\u0219i cu adresa de facturare<\/span><\/label><\/span><span class=\"wpcf7-list-item last\"><label><input type=\"radio\" name=\"Adres-dostawy\" value=\"Diferit\u0103 de adresa de facturare\" \/><span class=\"wpcf7-list-item-label\">Diferit\u0103 de adresa de facturare<\/span><\/label><\/span><\/span><\/span>\n\t<\/p>\n\t<div data-id=\"grupa-Adres-dostawy\" data-orig_data_id=\"grupa-Adres-dostawy\"  class=\"\" data-class=\"wpcf7cf_group\">\n\t\t<p><span class=\"wpcf7-form-control-wrap\" data-name=\"Ulica-AD\"><input size=\"40\" maxlength=\"400\" class=\"wpcf7-form-control wpcf7-text wpcf7-validates-as-required\" aria-required=\"true\" aria-invalid=\"false\" placeholder=\"Strada\" value=\"\" type=\"text\" name=\"Ulica-AD\" \/><\/span>\n\t\t<\/p>\n\t\t<p><span class=\"wpcf7-form-control-wrap\" data-name=\"kod-pocztowy-AD\"><input size=\"40\" maxlength=\"400\" class=\"wpcf7-form-control wpcf7-text wpcf7-validates-as-required\" aria-required=\"true\" aria-invalid=\"false\" placeholder=\"Cod po\u0219tal\" value=\"\" type=\"text\" name=\"kod-pocztowy-AD\" \/><\/span>\n\t\t<\/p>\n\t\t<p><span class=\"wpcf7-form-control-wrap\" data-name=\"Miejscowosc-AD\"><input size=\"40\" maxlength=\"400\" class=\"wpcf7-form-control wpcf7-text wpcf7-validates-as-required\" aria-required=\"true\" aria-invalid=\"false\" placeholder=\"Localitate\" value=\"\" type=\"text\" name=\"Miejscowosc-AD\" \/><\/span>\n\t\t<\/p>\n\t<\/div>\n<\/div>\n<p><span class=\"wpcf7-form-control-wrap\" data-name=\"acceptance-110\"><span class=\"wpcf7-form-control wpcf7-acceptance\"><span class=\"wpcf7-list-item\"><label><input type=\"checkbox\" name=\"acceptance-110\" value=\"1\" aria-invalid=\"false\" \/><span class=\"wpcf7-list-item-label\">Am citit \u0219i accept <a class=\"modal-link\" href=\"http:\/\/partner-parts.com\/regulamin\/\" data-div=\"content\">Termenii \u0219i Condi\u021biile<\/a> \u0219i <a class=\"modal-link\" href=\"http:\/\/partner-parts.com\/polityka-prywatnosci-2\/\" data-div=\"content\">Politica de Confiden\u021bialitate.<\/a>.<\/span><\/label><\/span><\/span><\/span>\n<\/p>\n<p><span class=\"wpcf7-form-control-wrap\" data-name=\"acceptance-111\"><span class=\"wpcf7-form-control wpcf7-acceptance\"><span class=\"wpcf7-list-item\"><label><input type=\"checkbox\" name=\"acceptance-111\" value=\"1\" aria-invalid=\"false\" \/><span class=\"wpcf7-list-item-label\">Sunt de acord cu prelucrarea datelor mele personale listate \u00een formular de c\u0103tre Partner Sp. z o.o. \u00een scopul \u00eenregistr\u0103rii, men\u021binerii unui cont \u0219i proces\u0103rii comenzilor.<\/span><\/label><\/span><\/span><\/span>\n<\/p>\n<p><span class=\"wpcf7-form-control-wrap\" data-name=\"acceptance-112\"><span class=\"wpcf7-form-control wpcf7-acceptance\"><span class=\"wpcf7-list-item\"><label><input type=\"checkbox\" name=\"acceptance-112\" value=\"1\" aria-invalid=\"false\" \/><span class=\"wpcf7-list-item-label\">Sunt de acord s\u0103 primesc informa\u021bii comerciale de la Partner Sp. z o.o. prin mijloace electronice. Declar c\u0103 am dreptul s\u0103-mi retrag consim\u021b\u0103m\u00e2ntul \u00een orice moment.<\/span><\/label><\/span><\/span><\/span>\n<\/p>\n<p><span class=\"wpcf7-form-control-wrap\" data-name=\"acceptance-113\"><span class=\"wpcf7-form-control wpcf7-acceptance\"><span class=\"wpcf7-list-item\"><label><input type=\"checkbox\" name=\"acceptance-113\" value=\"1\" aria-invalid=\"false\" \/><span class=\"wpcf7-list-item-label\">Sunt de acord cu ini\u021bierea apelurilor telefonice de c\u0103tre Partner Sp. z o.o. \u00een scopuri de marketing. Declar c\u0103 am dreptul s\u0103-mi retrag consim\u021b\u0103m\u00e2ntul \u00een orice moment.<\/span><\/label><\/span><\/span><\/span>\n<\/p>\n<p style=\"font-size:80%;\">Administratorul de date este PARTNER Sp. z o.o. . Informa\u021bii privind prelucrarea<br \/>\ndatelor cu caracter personal sunt disponibile \u00een <a class=\"modal-link\" href=\"http:\/\/partner-parts.com\/polityka-prywatnosci-2\/\" data-div=\"content\">Politica de Confiden\u021bialitate<\/a>.\n<\/p>\n<p><input class=\"wpcf7-form-control wpcf7-submit has-spinner\" type=\"submit\" value=\"TRIMITE\" \/>\n<\/p><div class=\"wpcf7-response-output\" aria-hidden=\"true\"><\/div>\n<\/form>\n<\/div>\n\n<\/div>\n<\/div><\/div><\/div><\/div><\/div><\/div>","protected":false},"excerpt":{"rendered":"<p>\u00cencepe\u021bi cooperarea<\/p>\n","protected":false},"author":1,"featured_media":0,"parent":0,"menu_order":0,"comment_status":"closed","ping_status":"closed","template":"page-no-title.php","meta":{"footnotes":""},"class_list":["post-295","page","type-page","status-publish","hentry"],"_links":{"self":[{"href":"https:\/\/partner-parts.com\/ro\/wp-json\/wp\/v2\/pages\/295","targetHints":{"allow":["GET"]}}],"collection":[{"href":"https:\/\/partner-parts.com\/ro\/wp-json\/wp\/v2\/pages"}],"about":[{"href":"https:\/\/partner-parts.com\/ro\/wp-json\/wp\/v2\/types\/page"}],"author":[{"embeddable":true,"href":"https:\/\/partner-parts.com\/ro\/wp-json\/wp\/v2\/users\/1"}],"replies":[{"embeddable":true,"href":"https:\/\/partner-parts.com\/ro\/wp-json\/wp\/v2\/comments?post=295"}],"version-history":[{"count":10,"href":"https:\/\/partner-parts.com\/ro\/wp-json\/wp\/v2\/pages\/295\/revisions"}],"predecessor-version":[{"id":702,"href":"https:\/\/partner-parts.com\/ro\/wp-json\/wp\/v2\/pages\/295\/revisions\/702"}],"wp:attachment":[{"href":"https:\/\/partner-parts.com\/ro\/wp-json\/wp\/v2\/media?parent=295"}],"curies":[{"name":"wp","href":"https:\/\/api.w.org\/{rel}","templated":true}]}}