{"id":20,"date":"2019-08-31T20:45:15","date_gmt":"2019-08-31T18:45:15","guid":{"rendered":"http:\/\/partner-parts.com\/?page_id=20"},"modified":"2026-01-22T18:08:03","modified_gmt":"2026-01-22T17:08:03","slug":"start","status":"publish","type":"page","link":"https:\/\/partner-parts.com\/ro\/","title":{"rendered":"Start"},"content":{"rendered":"<div id=\"pl-20\"  class=\"panel-layout\" ><div id=\"pg-20-0\"  class=\"panel-grid panel-has-style\" ><div class=\"siteorigin-panels-stretch panel-row-style panel-row-style-for-20-0\" data-stretch-type=\"full-width-stretch\" ><div id=\"pgc-20-0-0\"  class=\"panel-grid-cell\" ><div id=\"panel-20-0-0-0\" class=\"widget_text so-panel widget widget_custom_html panel-first-child panel-last-child\" data-index=\"0\" ><div class=\"textwidget custom-html-widget\"><section class=\"movie\">\n<video autoplay muted loop id=\"myVideo\">\n<source src=\"http:\/\/partner-parts.com\/wp-content\/themes\/partner\/src\/INTRO_RO.mp4\" type=\"video\/mp4\">\n<\/video>\n<\/section><\/div><\/div><\/div><\/div><\/div><div id=\"pg-20-1\"  class=\"panel-grid panel-has-style\" ><div class=\"siteorigin-panels-stretch panel-row-style panel-row-style-for-20-1\" data-stretch-type=\"full\" ><div id=\"pgc-20-1-0\"  class=\"panel-grid-cell\" ><div id=\"panel-20-1-0-0\" class=\"so-panel widget widget_sow-editor panel-first-child panel-last-child\" data-index=\"1\" ><div\n\t\t\t\n\t\t\tclass=\"so-widget-sow-editor so-widget-sow-editor-base\"\n\t\t\t\n\t\t>\n<div class=\"siteorigin-widget-tinymce textwidget\">\n\t<p><img decoding=\"async\" class=\"alignnone wp-image-154 size-full\" src=\"http:\/\/partner-parts.com\/wp-content\/uploads\/2019\/09\/Partner_logo_R.png\" alt=\"\" width=\"300\" height=\"auto\" \/><\/p>\n<p>Compania noastr\u0103 este unul dintre cei mai importan\u021bi Distribuitori Europeni de piese pentru echipamente de exterior. Furniz\u0103m \u00eenlocuitori aftermarket de calitate, piese originale \u0219i accesorii pentru industria forestier\u0103 \u0219i a gr\u0103din\u0103ritului. Experien\u021ba de 30 de ani a companiei ne-a \u00eenv\u0103\u021bat s\u0103 abord\u0103m noi provoc\u0103ri \u0219i ne-a permis crearea propriului brand \u2013 NEVADA, care poate merge cu \u00eencredere dincolo de pia\u021ba local\u0103.<\/p>\n<p>Suntem m\u00e2ndri c\u0103 pasiunea noastr\u0103 aparent modest\u0103 a evoluat \u00een ceva at\u00e2t de remarcabil.<\/p>\n<\/div>\n<\/div><\/div><\/div><div id=\"pgc-20-1-1\"  class=\"panel-grid-cell\" ><div id=\"panel-20-1-1-0\" class=\"so-panel widget widget_sow-editor panel-first-child\" data-index=\"2\" ><div\n\t\t\t\n\t\t\tclass=\"so-widget-sow-editor so-widget-sow-editor-base\"\n\t\t\t\n\t\t><h3 class=\"widget-title\">MISIUNEA NOASTR\u0102<\/h3>\n<div class=\"siteorigin-widget-tinymce textwidget\">\n\t<p>S\u0103 oferim piese \u0219i accesorii pentru echipamente de silvicultur\u0103, gr\u0103din\u0103rit \u0219i de construc\u021bii, men\u021bin\u00e2nd un raport calitate-pre\u021b favorabil clien\u021bilor no\u0219tri.<\/p>\n<\/div>\n<\/div><\/div><div id=\"panel-20-1-1-1\" class=\"so-panel widget widget_sow-editor panel-last-child\" data-index=\"3\" ><div\n\t\t\t\n\t\t\tclass=\"so-widget-sow-editor so-widget-sow-editor-base\"\n\t\t\t\n\t\t><h3 class=\"widget-title\">VIZIUNEA NOASTR\u0102<\/h3>\n<div class=\"siteorigin-widget-tinymce textwidget\">\n\t<p>Consolidarea pozi\u021biei noastre ca lider de v\u00e2nz\u0103ri \u00een industrie, bazat\u0103 pe cooperarea cu cei mai buni produc\u0103tori de piese \u0219i accesorii pentru echipamente de amenaj\u0103ri peisagistice , silvicultur\u0103 \u0219i construc\u021bii.<\/p>\n<\/div>\n<\/div><\/div><\/div><div id=\"pgc-20-1-2\"  class=\"panel-grid-cell\" ><div id=\"panel-20-1-2-0\" class=\"so-panel widget widget_sow-editor panel-first-child panel-last-child\" data-index=\"4\" ><div\n\t\t\t\n\t\t\tclass=\"so-widget-sow-editor so-widget-sow-editor-base\"\n\t\t\t\n\t\t>\n<div class=\"siteorigin-widget-tinymce textwidget\">\n\t<p>&nbsp;<\/p>\n<div class=\"o-nas\">\n<div class=\"bg-wrap\"><\/div>\n<div class=\"button-inside\">DESPRE NOI<\/div>\n<\/div>\n<p>&nbsp;<\/p>\n<\/div>\n<\/div><\/div><\/div><\/div><\/div><div id=\"pg-20-2\"  class=\"panel-grid panel-has-style\" ><div class=\"siteorigin-panels-stretch panel-row-style panel-row-style-for-20-2\" data-stretch-type=\"full\" ><div id=\"pgc-20-2-0\"  class=\"panel-grid-cell\" ><div id=\"panel-20-2-0-0\" class=\"so-panel widget widget_sow-editor panel-first-child panel-last-child\" data-index=\"5\" ><div\n\t\t\t\n\t\t\tclass=\"so-widget-sow-editor so-widget-sow-editor-base\"\n\t\t\t\n\t\t>\n<div class=\"siteorigin-widget-tinymce textwidget\">\n\t<h1 style=\"text-align: center; margin: 0;\">OFERT\u0102<\/h1><\/div>\n<\/div><\/div><\/div><\/div><\/div><div id=\"pg-20-3\"  class=\"panel-grid panel-has-style\" ><div class=\"offer siteorigin-panels-stretch panel-row-style panel-row-style-for-20-3\" data-stretch-type=\"full-width-stretch\" ><div id=\"pgc-20-3-0\"  class=\"panel-grid-cell\" ><div id=\"panel-20-3-0-0\" class=\"so-panel widget widget_sow-editor panel-first-child panel-last-child\" data-index=\"6\" ><div class=\"panel-widget-style panel-widget-style-for-20-3-0-0\" ><div\n\t\t\t\n\t\t\tclass=\"so-widget-sow-editor so-widget-sow-editor-base\"\n\t\t\t\n\t\t>\n<div class=\"siteorigin-widget-tinymce textwidget\">\n\t&nbsp;\n<div class=\"garden\">\n<div class=\"bg-wrap\"><\/div>\n<div class=\"button-inside\">GR\u0102DIN\u0102<\/div>\n<\/div>\n&nbsp;<\/div>\n<\/div><\/div><\/div><\/div><div id=\"pgc-20-3-1\"  class=\"panel-grid-cell\" ><div id=\"panel-20-3-1-0\" class=\"so-panel widget widget_sow-editor panel-first-child panel-last-child\" data-index=\"7\" ><div class=\"panel-widget-style panel-widget-style-for-20-3-1-0\" ><div\n\t\t\t\n\t\t\tclass=\"so-widget-sow-editor so-widget-sow-editor-base\"\n\t\t\t\n\t\t>\n<div class=\"siteorigin-widget-tinymce textwidget\">\n\t&nbsp;\n<div class=\"forest\">\n<div class=\"bg-wrap\"><\/div>\n<div class=\"button-inside\">P\u0102DURE<\/div>\n<\/div>\n&nbsp;<\/div>\n<\/div><\/div><\/div><\/div><div id=\"pgc-20-3-2\"  class=\"panel-grid-cell\" ><div id=\"panel-20-3-2-0\" class=\"so-panel widget widget_sow-editor panel-first-child panel-last-child\" data-index=\"8\" ><div class=\"panel-widget-style panel-widget-style-for-20-3-2-0\" ><div\n\t\t\t\n\t\t\tclass=\"so-widget-sow-editor so-widget-sow-editor-base\"\n\t\t\t\n\t\t>\n<div class=\"siteorigin-widget-tinymce textwidget\">\n\t&nbsp;\n<div class=\"serwis\">\n<div class=\"bg-wrap\"><\/div>\n<div class=\"button-inside\">SERVICE<\/div>\n<\/div>\n&nbsp;<\/div>\n<\/div><\/div><\/div><\/div><div id=\"pgc-20-3-3\"  class=\"panel-grid-cell\" ><div id=\"panel-20-3-3-0\" class=\"so-panel widget widget_sow-editor panel-first-child panel-last-child\" data-index=\"9\" ><div class=\"panel-widget-style panel-widget-style-for-20-3-3-0\" ><div\n\t\t\t\n\t\t\tclass=\"so-widget-sow-editor so-widget-sow-editor-base\"\n\t\t\t\n\t\t>\n<div class=\"siteorigin-widget-tinymce textwidget\">\n\t&nbsp;\n<div class=\"construction\">\n<div class=\"bg-wrap\"><\/div>\n<div class=\"button-inside\">CONSTRUC\u021aII<\/div>\n<\/div>\n&nbsp;<\/div>\n<\/div><\/div><\/div><\/div><\/div><\/div><div id=\"pg-20-4\"  class=\"panel-grid panel-has-style\" ><div class=\"siteorigin-panels-stretch panel-row-style panel-row-style-for-20-4\" data-stretch-type=\"full\" ><div id=\"pgc-20-4-0\"  class=\"panel-grid-cell panel-grid-cell-mobile-last\" ><div id=\"panel-20-4-0-0\" class=\"so-panel widget widget_sow-editor panel-first-child panel-last-child\" data-index=\"10\" ><div class=\"przedstawiciele panel-widget-style panel-widget-style-for-20-4-0-0\" ><div\n\t\t\t\n\t\t\tclass=\"so-widget-sow-editor so-widget-sow-editor-base\"\n\t\t\t\n\t\t><h3 class=\"widget-title\">Przedstawiciele<\/h3>\n<div class=\"siteorigin-widget-tinymce textwidget\">\n\t<p>Profesjonalni, zaanga\u017cowani i otwarci na potrzeby Klient\u00f3w.<\/p>\n<p><a href=\"http:\/\/partner-parts.com\/przedstawiciele\/\">Wi\u0119cej<\/a><\/p>\n<\/div>\n<\/div><\/div><\/div><\/div><div id=\"pgc-20-4-1\"  class=\"panel-grid-cell panel-grid-cell-empty\" ><\/div><\/div><\/div><div id=\"pg-20-5\"  class=\"panel-grid panel-has-style\" ><div class=\"so-parallax siteorigin-panels-stretch panel-row-style panel-row-style-for-20-5\" data-stretch-type=\"full\" ><img fetchpriority=\"high\" decoding=\"async\" width=\"2304\" height=\"1440\" src=\"https:\/\/partner-parts.com\/wp-content\/uploads\/2022\/11\/gear-up-NEVADA-1.webp\" class=\"attachment-full size-full\" alt=\"\" data-siteorigin-parallax=\"true\" loading=\"eager\" srcset=\"https:\/\/partner-parts.com\/wp-content\/uploads\/2022\/11\/gear-up-NEVADA-1.webp 2304w, https:\/\/partner-parts.com\/wp-content\/uploads\/2022\/11\/gear-up-NEVADA-1-300x188.webp 300w, https:\/\/partner-parts.com\/wp-content\/uploads\/2022\/11\/gear-up-NEVADA-1-1024x640.webp 1024w, https:\/\/partner-parts.com\/wp-content\/uploads\/2022\/11\/gear-up-NEVADA-1-768x480.webp 768w, https:\/\/partner-parts.com\/wp-content\/uploads\/2022\/11\/gear-up-NEVADA-1-1536x960.webp 1536w, https:\/\/partner-parts.com\/wp-content\/uploads\/2022\/11\/gear-up-NEVADA-1-2048x1280.webp 2048w\" sizes=\"(max-width: 2304px) 100vw, 2304px\" \/><div id=\"pgc-20-5-0\"  class=\"panel-grid-cell\" ><div id=\"panel-20-5-0-0\" class=\"so-panel widget widget_sow-editor panel-first-child panel-last-child\" data-index=\"11\" ><div class=\"przedstawiciele panel-widget-style panel-widget-style-for-20-5-0-0\" ><div\n\t\t\t\n\t\t\tclass=\"so-widget-sow-editor so-widget-sow-editor-base\"\n\t\t\t\n\t\t>\n<div class=\"siteorigin-widget-tinymce textwidget\">\n\t<p style=\"text-align: right;\"><a href=\"https:\/\/nevada-parts.com\" target=\"_blank\" rel=\"noopener\">Mai mult<\/a><\/p>\n<\/div>\n<\/div><\/div><\/div><\/div><\/div><\/div><div id=\"pg-20-6\"  class=\"panel-grid panel-has-style\" ><div class=\"siteorigin-panels-stretch panel-row-style panel-row-style-for-20-6\" data-stretch-type=\"full\" ><div id=\"pgc-20-6-0\"  class=\"panel-grid-cell\" ><div id=\"panel-20-6-0-0\" class=\"so-panel widget widget_sow-editor panel-first-child panel-last-child\" data-index=\"12\" ><div class=\"przedstawiciele panel-widget-style panel-widget-style-for-20-6-0-0\" ><div\n\t\t\t\n\t\t\tclass=\"so-widget-sow-editor so-widget-sow-editor-base\"\n\t\t\t\n\t\t>\n<div class=\"siteorigin-widget-tinymce textwidget\">\n\t<p style=\"text-align: center;\"><a href=\"https:\/\/nevada-parts.com\" target=\"_blank\" rel=\"noopener\">Mai mult<\/a><\/p>\n<\/div>\n<\/div><\/div><\/div><\/div><\/div><\/div><div id=\"pg-20-7\"  class=\"panel-grid panel-has-style\" ><div class=\"so-parallax siteorigin-panels-stretch panel-row-style panel-row-style-for-20-7\" data-stretch-type=\"full\" ><img decoding=\"async\" width=\"2304\" height=\"1440\" src=\"https:\/\/partner-parts.com\/wp-content\/uploads\/2022\/11\/EGO-belka-horizontal.webp\" class=\"attachment-full size-full\" alt=\"\" data-siteorigin-parallax=\"true\" loading=\"eager\" srcset=\"https:\/\/partner-parts.com\/wp-content\/uploads\/2022\/11\/EGO-belka-horizontal.webp 2304w, https:\/\/partner-parts.com\/wp-content\/uploads\/2022\/11\/EGO-belka-horizontal-300x188.webp 300w, https:\/\/partner-parts.com\/wp-content\/uploads\/2022\/11\/EGO-belka-horizontal-1024x640.webp 1024w, https:\/\/partner-parts.com\/wp-content\/uploads\/2022\/11\/EGO-belka-horizontal-768x480.webp 768w, https:\/\/partner-parts.com\/wp-content\/uploads\/2022\/11\/EGO-belka-horizontal-1536x960.webp 1536w, https:\/\/partner-parts.com\/wp-content\/uploads\/2022\/11\/EGO-belka-horizontal-2048x1280.webp 2048w\" sizes=\"(max-width: 2304px) 100vw, 2304px\" \/><div id=\"pgc-20-7-0\"  class=\"panel-grid-cell panel-grid-cell-mobile-last\" ><div id=\"panel-20-7-0-0\" class=\"so-panel widget widget_sow-editor panel-first-child panel-last-child\" data-index=\"13\" ><div class=\"przedstawiciele panel-widget-style panel-widget-style-for-20-7-0-0\" ><div\n\t\t\t\n\t\t\tclass=\"so-widget-sow-editor so-widget-sow-editor-base\"\n\t\t\t\n\t\t>\n<div class=\"siteorigin-widget-tinymce textwidget\">\n\t<p><img loading=\"lazy\" decoding=\"async\" class=\"aligncenter size-full wp-image-438\" src=\"https:\/\/partner-parts.com\/wp-content\/uploads\/2022\/11\/Logo-belka.webp\" alt=\"\" width=\"650\" height=\"365\" srcset=\"https:\/\/partner-parts.com\/wp-content\/uploads\/2022\/11\/Logo-belka.webp 650w, https:\/\/partner-parts.com\/wp-content\/uploads\/2022\/11\/Logo-belka-300x168.webp 300w\" sizes=\"auto, (max-width: 650px) 100vw, 650px\" \/><\/p>\n<p style=\"text-align: center;\"><a style=\"background-color: #77bc1f; box-shadow: none;\" href=\"https:\/\/partner-ego.pl\/\" target=\"_blank\" rel=\"noopener\">Mai mult<\/a><\/p>\n<\/div>\n<\/div><\/div><\/div><\/div><div id=\"pgc-20-7-1\"  class=\"panel-grid-cell panel-grid-cell-empty\" ><\/div><\/div><\/div><div id=\"pg-20-8\"  class=\"panel-grid panel-has-style\" ><div class=\"siteorigin-panels-stretch panel-row-style panel-row-style-for-20-8\" data-stretch-type=\"full\" ><div id=\"pgc-20-8-0\"  class=\"panel-grid-cell\" ><div id=\"panel-20-8-0-0\" class=\"so-panel widget widget_sow-editor panel-first-child panel-last-child\" data-index=\"14\" ><div class=\"przedstawiciele panel-widget-style panel-widget-style-for-20-8-0-0\" ><div\n\t\t\t\n\t\t\tclass=\"so-widget-sow-editor so-widget-sow-editor-base\"\n\t\t\t\n\t\t>\n<div class=\"siteorigin-widget-tinymce textwidget\">\n\t<p><img loading=\"lazy\" decoding=\"async\" class=\"aligncenter size-full wp-image-438\" src=\"https:\/\/partner-parts.com\/wp-content\/uploads\/2022\/11\/Logo-belka.webp\" alt=\"\" width=\"650\" height=\"365\" srcset=\"https:\/\/partner-parts.com\/wp-content\/uploads\/2022\/11\/Logo-belka.webp 650w, https:\/\/partner-parts.com\/wp-content\/uploads\/2022\/11\/Logo-belka-300x168.webp 300w\" sizes=\"auto, (max-width: 650px) 100vw, 650px\" \/><\/p>\n<p style=\"text-align: center;\"><a style=\"background-color: #77bc1f; box-shadow: none;\" href=\"https:\/\/partner-ego.pl\/\" target=\"_blank\" rel=\"noopener\">Mai mult<\/a><\/p>\n<\/div>\n<\/div><\/div><\/div><\/div><\/div><\/div><\/div>","protected":false},"excerpt":{"rendered":"<p>Compania noastr\u0103 este unul dintre cei mai importan\u021bi Distribuitori Europeni de piese pentru echipamente de exterior. Furniz\u0103m \u00eenlocuitori aftermarket de calitate, piese originale \u0219i accesorii pentru industria forestier\u0103 \u0219i a gr\u0103din\u0103ritului. Experien\u021ba de 30 de ani a companiei ne-a \u00eenv\u0103\u021bat s\u0103 abord\u0103m noi provoc\u0103ri \u0219i ne-a permis crearea propriului brand \u2013 NEVADA, care poate merge [&hellip;]<\/p>\n","protected":false},"author":1,"featured_media":0,"parent":0,"menu_order":0,"comment_status":"closed","ping_status":"closed","template":"page-no-title.php","meta":{"footnotes":""},"class_list":["post-20","page","type-page","status-publish","hentry"],"_links":{"self":[{"href":"https:\/\/partner-parts.com\/ro\/wp-json\/wp\/v2\/pages\/20","targetHints":{"allow":["GET"]}}],"collection":[{"href":"https:\/\/partner-parts.com\/ro\/wp-json\/wp\/v2\/pages"}],"about":[{"href":"https:\/\/partner-parts.com\/ro\/wp-json\/wp\/v2\/types\/page"}],"author":[{"embeddable":true,"href":"https:\/\/partner-parts.com\/ro\/wp-json\/wp\/v2\/users\/1"}],"replies":[{"embeddable":true,"href":"https:\/\/partner-parts.com\/ro\/wp-json\/wp\/v2\/comments?post=20"}],"version-history":[{"count":93,"href":"https:\/\/partner-parts.com\/ro\/wp-json\/wp\/v2\/pages\/20\/revisions"}],"predecessor-version":[{"id":694,"href":"https:\/\/partner-parts.com\/ro\/wp-json\/wp\/v2\/pages\/20\/revisions\/694"}],"wp:attachment":[{"href":"https:\/\/partner-parts.com\/ro\/wp-json\/wp\/v2\/media?parent=20"}],"curies":[{"name":"wp","href":"https:\/\/api.w.org\/{rel}","templated":true}]}}