{"id":12,"date":"2019-08-31T20:39:16","date_gmt":"2019-08-31T18:39:16","guid":{"rendered":"http:\/\/partner-parts.com\/?page_id=12"},"modified":"2025-12-05T00:35:11","modified_gmt":"2025-12-04T23:35:11","slug":"o-nas","status":"publish","type":"page","link":"https:\/\/partner-parts.com\/ro\/o-nas\/","title":{"rendered":"O nas"},"content":{"rendered":"<div id=\"pl-12\"  class=\"panel-layout\" ><div id=\"pg-12-0\"  class=\"panel-grid panel-has-style\" ><div class=\"siteorigin-panels-stretch panel-row-style panel-row-style-for-12-0\" data-stretch-type=\"full-width-stretch\" ><div id=\"pgc-12-0-0\"  class=\"panel-grid-cell\" ><div id=\"panel-12-0-0-0\" class=\"widget_text so-panel widget widget_custom_html panel-first-child panel-last-child\" data-index=\"0\" ><div class=\"textwidget custom-html-widget\"><section class=\"movie\">\n<video autoplay muted loop id=\"myVideo\">\n<source src=\"http:\/\/partner-parts.com\/wp-content\/themes\/partner\/src\/AboutUs.mp4\" type=\"video\/mp4\">\n<\/video>\n<\/section><\/div><\/div><\/div><\/div><\/div><div id=\"pg-12-1\"  class=\"panel-grid panel-has-style\" ><div class=\"siteorigin-panels-stretch panel-row-style panel-row-style-for-12-1\" data-stretch-type=\"full\" ><div id=\"pgc-12-1-0\"  class=\"panel-grid-cell\" ><div id=\"panel-12-1-0-0\" class=\"so-panel widget widget_sow-editor panel-first-child panel-last-child\" data-index=\"1\" ><div\n\t\t\t\n\t\t\tclass=\"so-widget-sow-editor so-widget-sow-editor-base\"\n\t\t\t\n\t\t>\n<div class=\"siteorigin-widget-tinymce textwidget\">\n\t<p><img loading=\"lazy\" decoding=\"async\" src=\"http:\/\/partner-parts.com\/wp-content\/uploads\/2019\/08\/historia.jpg\" alt=\"\" width=\"1170\" height=\"772\" class=\"alignnone size-full wp-image-234\" \/><\/p>\n<\/div>\n<\/div><\/div><\/div><div id=\"pgc-12-1-1\"  class=\"panel-grid-cell\" ><div id=\"panel-12-1-1-0\" class=\"so-panel widget widget_sow-editor panel-first-child panel-last-child\" data-index=\"2\" ><div\n\t\t\t\n\t\t\tclass=\"so-widget-sow-editor so-widget-sow-editor-base\"\n\t\t\t\n\t\t><h3 class=\"widget-title\">PARTNER \u2013 TRECUT, PREZENT \u0218I VIITOR.<\/h3>\n<div class=\"siteorigin-widget-tinymce textwidget\">\n\t<p>Toate companiile au propria istorie... a noastr\u0103 a debutat \u00een 1993 c\u00e2nd Compania Partner \u0219i-a \u00eenceput activitatea ca distribuitor polonez al companiei suedeze Partner AB. Ini\u021bial, principalul subiect al activit\u0103\u021bii comerciale era v\u00e2nzarea ma\u0219inilor de gr\u0103din\u0103rit \u0219i silvicultur\u0103 a produc\u0103torului suedez. Dup\u0103 doi ani, drumurile noastre s-au separat \u0219i ne-am concentrat exclusiv pe distribu\u021bia pieselor de schimb \u0219i accesoriilor pentru echipamentele de gr\u0103din\u0103rit, silvicultur\u0103 \u0219i construc\u021bii. Anii ce au urmat au fost o perioad\u0103 de accelerare sporit\u0103 \u0219i de luare a deciziilor cheie. \u00cen 2009 ne-am mutat sediul, conceput special pentru nevoile noastre, \u00een Wroc\u0142aw, pe strada Jerzmanowska 21.<\/p>\n<\/div>\n<\/div><\/div><\/div><\/div><\/div><div id=\"pg-12-2\"  class=\"panel-grid panel-has-style\" ><div class=\"panel-row-style panel-row-style-for-12-2\" ><div id=\"pgc-12-2-0\"  class=\"panel-grid-cell\" ><div id=\"panel-12-2-0-0\" class=\"so-panel widget widget_sow-editor panel-first-child panel-last-child\" data-index=\"3\" ><div\n\t\t\t\n\t\t\tclass=\"so-widget-sow-editor so-widget-sow-editor-base\"\n\t\t\t\n\t\t>\n<div class=\"siteorigin-widget-tinymce textwidget\">\n\t<p><img decoding=\"async\" class=\"alignnone size-full wp-image-235\" src=\"http:\/\/partner-parts.com\/wp-content\/uploads\/2019\/09\/about-1v2.jpg\" alt=\"\" width=\"100%\" height=\"auto\" \/><\/p>\n<p>Ast\u0103zi, Partner este o companie dinamic\u0103 \u00een cre\u0219tere, specializat\u0103 \u00een distribu\u021bia pieselor de schimb \u0219i accesoriilor pentru echipamentele de gr\u0103din\u0103rit, silvicultur\u0103 \u0219i utilajelor de construc\u021bii. Ne focus\u0103m pe v\u00e2nzarea pieselor pentru ma\u0219inile de tuns iarba, motocoase, motofier\u0103straie \u0219i motoare. Colabor\u0103m cu produc\u0103tori \u0219i dealeri din toat\u0103 lumea. Din 2012 ne dezvolt\u0103m propriile produse sub marca NEVADA.<\/p>\n<\/div>\n<\/div><\/div><\/div><div id=\"pgc-12-2-1\"  class=\"panel-grid-cell\" ><div id=\"panel-12-2-1-0\" class=\"so-panel widget widget_sow-editor panel-first-child panel-last-child\" data-index=\"4\" ><div\n\t\t\t\n\t\t\tclass=\"so-widget-sow-editor so-widget-sow-editor-base\"\n\t\t\t\n\t\t>\n<div class=\"siteorigin-widget-tinymce textwidget\">\n\t<p><img decoding=\"async\" class=\"alignnone size-full wp-image-236\" src=\"http:\/\/partner-parts.com\/wp-content\/uploads\/2019\/09\/about-2v2.jpg\" alt=\"\" width=\"100%\" height=\"auto\" \/><\/p>\n<p>\u00cen decursul anilor, am reu\u0219it s\u0103 cre\u0103m o echip\u0103 care \u00ee\u0219i \u00eendepline\u0219te sarcinile \u00eentr-o mainer\u0103 extrem de competent\u0103, profesionist\u0103, dedicat\u0103 \u0219i deschis\u0103 la nevoile Clientului. Profit\u0103m de experien\u021ba, abilit\u0103\u021bile \u0219i entuziasmul fiec\u0103rui angajat, care garanteaz\u0103 \u00eencrederea deplin\u0103 a Clien\u021bilor nostri.<\/p>\n<\/div>\n<\/div><\/div><\/div><div id=\"pgc-12-2-2\"  class=\"panel-grid-cell\" ><div id=\"panel-12-2-2-0\" class=\"so-panel widget widget_sow-editor panel-first-child panel-last-child\" data-index=\"5\" ><div\n\t\t\t\n\t\t\tclass=\"so-widget-sow-editor so-widget-sow-editor-base\"\n\t\t\t\n\t\t>\n<div class=\"siteorigin-widget-tinymce textwidget\">\n\t<p><img decoding=\"async\" class=\"alignnone size-full wp-image-237\" src=\"http:\/\/partner-parts.com\/wp-content\/uploads\/2019\/09\/about-3v2.jpg\" alt=\"\" width=\"100%\" height=\"auto\" \/><\/p>\n<p>Scopul nostru este de a ne consolida pozi\u021bia ca lider \u00een v\u00e2nz\u0103ri al industriei, gra\u021bie cooper\u0103rii cu cei mai buni produc\u0103tori de piese. Men\u021binerea unui raport calitate-pre\u021b favorabil Clien\u021bilor determin\u0103 direc\u021bia eforturilor noastre viitoare.<\/p>\n<\/div>\n<\/div><\/div><\/div><\/div><\/div><div id=\"pg-12-3\"  class=\"panel-grid panel-has-style\" ><div class=\"siteorigin-panels-stretch panel-row-style panel-row-style-for-12-3\" data-stretch-type=\"full\" ><div id=\"pgc-12-3-0\"  class=\"panel-grid-cell\" ><div id=\"panel-12-3-0-0\" class=\"so-panel widget widget_sow-editor panel-first-child panel-last-child\" data-index=\"6\" ><div\n\t\t\t\n\t\t\tclass=\"so-widget-sow-editor so-widget-sow-editor-base\"\n\t\t\t\n\t\t><h3 class=\"widget-title\">Galerie<\/h3>\n<div class=\"siteorigin-widget-tinymce textwidget\">\n\t<\/div>\n<\/div><\/div><\/div><\/div><\/div><div id=\"pg-12-4\"  class=\"panel-grid panel-has-style\" ><div class=\"siteorigin-panels-stretch panel-row-style panel-row-style-for-12-4\" data-stretch-type=\"full\" ><div id=\"pgc-12-4-0\"  class=\"panel-grid-cell\" ><div id=\"panel-12-4-0-0\" class=\"so-panel widget widget_sow-editor panel-first-child panel-last-child\" data-index=\"7\" ><div\n\t\t\t\n\t\t\tclass=\"so-widget-sow-editor so-widget-sow-editor-base\"\n\t\t\t\n\t\t>\n<div class=\"siteorigin-widget-tinymce textwidget\">\n\t<p><iframe loading=\"lazy\" title=\"Partner Wroc\u0142aw - cz\u0119\u015bci zamienne i akcesoria\" width=\"640\" height=\"360\" src=\"https:\/\/www.youtube.com\/embed\/Xw8AYohYs5I?feature=oembed\" frameborder=\"0\" allow=\"accelerometer; autoplay; clipboard-write; encrypted-media; gyroscope; picture-in-picture; web-share\" referrerpolicy=\"strict-origin-when-cross-origin\" allowfullscreen><\/iframe><\/p>\n<\/div>\n<\/div><\/div><\/div><div id=\"pgc-12-4-1\"  class=\"panel-grid-cell\" ><div id=\"panel-12-4-1-0\" class=\"so-panel widget widget_sow-editor panel-first-child panel-last-child\" data-index=\"8\" ><div\n\t\t\t\n\t\t\tclass=\"so-widget-sow-editor so-widget-sow-editor-base\"\n\t\t\t\n\t\t>\n<div class=\"siteorigin-widget-tinymce textwidget\">\n\t<div id='gallery-1' class='gallery galleryid-12 gallery-columns-4 gallery-size-thumbnail'><figure class='gallery-item'>\n\t\t\t<div class='gallery-icon landscape'>\n\t\t\t\t<a href='https:\/\/partner-parts.com\/wp-content\/uploads\/2019\/09\/galeria-4-1.jpg'><img loading=\"lazy\" decoding=\"async\" width=\"250\" height=\"250\" src=\"https:\/\/partner-parts.com\/wp-content\/uploads\/2019\/09\/galeria-4-1-250x250.jpg\" class=\"attachment-thumbnail size-thumbnail\" alt=\"\" \/><\/a>\n\t\t\t<\/div><\/figure><figure class='gallery-item'>\n\t\t\t<div class='gallery-icon landscape'>\n\t\t\t\t<a href='https:\/\/partner-parts.com\/wp-content\/uploads\/2019\/09\/galeria-3-1.jpg'><img loading=\"lazy\" decoding=\"async\" width=\"250\" height=\"250\" src=\"https:\/\/partner-parts.com\/wp-content\/uploads\/2019\/09\/galeria-3-1-250x250.jpg\" class=\"attachment-thumbnail size-thumbnail\" alt=\"\" \/><\/a>\n\t\t\t<\/div><\/figure><figure class='gallery-item'>\n\t\t\t<div class='gallery-icon landscape'>\n\t\t\t\t<a href='https:\/\/partner-parts.com\/wp-content\/uploads\/2019\/09\/galeria-2-1.jpg'><img loading=\"lazy\" decoding=\"async\" width=\"250\" height=\"250\" src=\"https:\/\/partner-parts.com\/wp-content\/uploads\/2019\/09\/galeria-2-1-250x250.jpg\" class=\"attachment-thumbnail size-thumbnail\" alt=\"\" \/><\/a>\n\t\t\t<\/div><\/figure><figure class='gallery-item'>\n\t\t\t<div class='gallery-icon landscape'>\n\t\t\t\t<a href='https:\/\/partner-parts.com\/wp-content\/uploads\/2019\/09\/galeria-1-1.jpg'><img loading=\"lazy\" decoding=\"async\" width=\"250\" height=\"250\" src=\"https:\/\/partner-parts.com\/wp-content\/uploads\/2019\/09\/galeria-1-1-250x250.jpg\" class=\"attachment-thumbnail size-thumbnail\" alt=\"\" \/><\/a>\n\t\t\t<\/div><\/figure><figure class='gallery-item'>\n\t\t\t<div class='gallery-icon landscape'>\n\t\t\t\t<a href='https:\/\/partner-parts.com\/wp-content\/uploads\/2019\/09\/galeria-5-1.jpg'><img loading=\"lazy\" decoding=\"async\" width=\"250\" height=\"250\" src=\"https:\/\/partner-parts.com\/wp-content\/uploads\/2019\/09\/galeria-5-1-250x250.jpg\" class=\"attachment-thumbnail size-thumbnail\" alt=\"\" \/><\/a>\n\t\t\t<\/div><\/figure>\n\t\t<\/div>\n\n<\/div>\n<\/div><\/div><\/div><\/div><\/div><\/div>","protected":false},"excerpt":{"rendered":"<p>Toate companiile au propria istorie&#8230; a noastr\u0103 a debutat \u00een 1993 c\u00e2nd Compania Partner \u0219i-a \u00eenceput activitatea ca distribuitor polonez al companiei suedeze Partner AB. Ini\u021bial, principalul subiect al activit\u0103\u021bii comerciale era v\u00e2nzarea ma\u0219inilor de gr\u0103din\u0103rit \u0219i silvicultur\u0103 a produc\u0103torului suedez. Dup\u0103 doi ani, drumurile noastre s-au separat \u0219i ne-am concentrat exclusiv pe distribu\u021bia pieselor [&hellip;]<\/p>\n","protected":false},"author":1,"featured_media":0,"parent":0,"menu_order":0,"comment_status":"closed","ping_status":"closed","template":"page-no-title.php","meta":{"footnotes":""},"class_list":["post-12","page","type-page","status-publish","hentry"],"_links":{"self":[{"href":"https:\/\/partner-parts.com\/ro\/wp-json\/wp\/v2\/pages\/12","targetHints":{"allow":["GET"]}}],"collection":[{"href":"https:\/\/partner-parts.com\/ro\/wp-json\/wp\/v2\/pages"}],"about":[{"href":"https:\/\/partner-parts.com\/ro\/wp-json\/wp\/v2\/types\/page"}],"author":[{"embeddable":true,"href":"https:\/\/partner-parts.com\/ro\/wp-json\/wp\/v2\/users\/1"}],"replies":[{"embeddable":true,"href":"https:\/\/partner-parts.com\/ro\/wp-json\/wp\/v2\/comments?post=12"}],"version-history":[{"count":39,"href":"https:\/\/partner-parts.com\/ro\/wp-json\/wp\/v2\/pages\/12\/revisions"}],"predecessor-version":[{"id":665,"href":"https:\/\/partner-parts.com\/ro\/wp-json\/wp\/v2\/pages\/12\/revisions\/665"}],"wp:attachment":[{"href":"https:\/\/partner-parts.com\/ro\/wp-json\/wp\/v2\/media?parent=12"}],"curies":[{"name":"wp","href":"https:\/\/api.w.org\/{rel}","templated":true}]}}