{"id":10,"date":"2019-08-31T20:38:02","date_gmt":"2019-08-31T18:38:02","guid":{"rendered":"http:\/\/partner-parts.com\/?page_id=10"},"modified":"2026-01-20T16:19:57","modified_gmt":"2026-01-20T15:19:57","slug":"kontakt","status":"publish","type":"page","link":"https:\/\/partner-parts.com\/ro\/kontakt\/","title":{"rendered":"A lua legatura"},"content":{"rendered":"<div id=\"pl-10\"  class=\"panel-layout\" ><div id=\"pg-10-0\"  class=\"panel-grid panel-has-style\" ><div class=\"siteorigin-panels-stretch panel-row-style panel-row-style-for-10-0\" data-stretch-type=\"full-width-stretch\" ><div id=\"pgc-10-0-0\"  class=\"panel-grid-cell\" ><div id=\"panel-10-0-0-0\" class=\"so-panel widget widget_sow-editor panel-first-child panel-last-child\" data-index=\"0\" ><div\n\t\t\t\n\t\t\tclass=\"so-widget-sow-editor so-widget-sow-editor-base\"\n\t\t\t\n\t\t>\n<div class=\"siteorigin-widget-tinymce textwidget\">\n\t<p><iframe loading=\"lazy\" src=\"https:\/\/www.google.com\/maps\/embed?pb=!1m14!1m8!1m3!1d320501.8200504302!2d16.898957!3d51.128375!3m2!1i1024!2i768!4f13.1!3m3!1m2!1s0x0%3A0x893600a1c5bc199e!2sPartner!5e0!3m2!1spl!2spl!4v1566929156013!5m2!1spl!2spl\" width=\"100%\" height=\"250\" frameborder=\"0\" style=\"border:0;\" allowfullscreen=\"\"><\/iframe><\/p>\n<\/div>\n<\/div><\/div><\/div><\/div><\/div><div id=\"pg-10-1\"  class=\"panel-grid panel-has-style\" ><div class=\"panel-row-style panel-row-style-for-10-1\" ><div id=\"pgc-10-1-0\"  class=\"panel-grid-cell\" ><div id=\"panel-10-1-0-0\" class=\"so-panel widget widget_sow-editor panel-first-child panel-last-child\" data-index=\"1\" ><div class=\"panel-widget-style panel-widget-style-for-10-1-0-0\" ><div\n\t\t\t\n\t\t\tclass=\"so-widget-sow-editor so-widget-sow-editor-base\"\n\t\t\t\n\t\t><h3 class=\"widget-title\">Partner Sp. z o.o.<\/h3>\n<div class=\"siteorigin-widget-tinymce textwidget\">\n\t<p>ul. Jerzmanowska 21<br \/>\n54-530 Wroc\u0142aw<br \/>\nPolska<\/p>\n<p>tel.: +48 71 35 35 754, +48 71 35 35 708<br \/>\nfax: + 48 71 35 35 753<br \/>\ne-mail: <a href=\"mailto:partner@partner-parts.pl\">partner@partner-parts.pl<\/a><\/p>\n<p style=\"font-size: 80%;\">Partner Sp. Z o.o. este \u00eenregistrat la Tribunalul Districtual pentru Wroc\u0142aw-Fabryczna Wroc\u0142aw, Sec\u021bia VI<br \/>\nComercial\u0103 a Registrului Judiciar Na\u021bional sub num\u0103rul Registrului Judiciar Na\u021bional: 0000171970, CIF: 8940013103, REGON: 930194151 cu un capital social de 50.000,00 PLN.<br \/>\nResponsabil cu protec\u021bia datelor, inspector Szymon Go\u017adzik, e-mail: <a href=\"mailto:iod@partner-parts.pl\">iod@partner-parts.pl<\/a><\/p>\n<\/div>\n<\/div><\/div><\/div><\/div><div id=\"pgc-10-1-1\"  class=\"panel-grid-cell\" ><div id=\"panel-10-1-1-0\" class=\"so-panel widget widget_sow-editor panel-first-child panel-last-child\" data-index=\"2\" ><div class=\"panel-widget-style panel-widget-style-for-10-1-1-0\" ><div\n\t\t\t\n\t\t\tclass=\"so-widget-sow-editor so-widget-sow-editor-base\"\n\t\t\t\n\t\t><h3 class=\"widget-title\">Formular de contact<\/h3>\n<div class=\"siteorigin-widget-tinymce textwidget\">\n\t\n<div class=\"wpcf7 no-js\" id=\"wpcf7-f517-o1\" lang=\"pl-PL\" dir=\"ltr\" data-wpcf7-id=\"517\">\n<div class=\"screen-reader-response\"><p role=\"status\" aria-live=\"polite\" aria-atomic=\"true\"><\/p> <ul><\/ul><\/div>\n<form action=\"\/ro\/wp-json\/wp\/v2\/pages\/10#wpcf7-f517-o1\" method=\"post\" class=\"wpcf7-form init\" aria-label=\"Formularz kontaktowy\" novalidate=\"novalidate\" data-status=\"init\">\n<fieldset class=\"hidden-fields-container\"><input type=\"hidden\" name=\"_wpcf7\" value=\"517\" \/><input type=\"hidden\" name=\"_wpcf7_version\" value=\"6.1.4\" \/><input type=\"hidden\" name=\"_wpcf7_locale\" value=\"pl_PL\" \/><input type=\"hidden\" name=\"_wpcf7_unit_tag\" value=\"wpcf7-f517-o1\" \/><input type=\"hidden\" name=\"_wpcf7_container_post\" value=\"0\" \/><input type=\"hidden\" name=\"_wpcf7_posted_data_hash\" value=\"\" \/><input type=\"hidden\" name=\"_wpcf7cf_hidden_group_fields\" value=\"[]\" \/><input type=\"hidden\" name=\"_wpcf7cf_hidden_groups\" value=\"[]\" \/><input type=\"hidden\" name=\"_wpcf7cf_visible_groups\" value=\"[]\" \/><input type=\"hidden\" name=\"_wpcf7cf_repeaters\" value=\"[]\" \/><input type=\"hidden\" name=\"_wpcf7cf_steps\" value=\"{}\" \/><input type=\"hidden\" name=\"_wpcf7cf_options\" value=\"{&quot;form_id&quot;:517,&quot;conditions&quot;:[],&quot;settings&quot;:{&quot;animation&quot;:&quot;yes&quot;,&quot;animation_intime&quot;:200,&quot;animation_outtime&quot;:200,&quot;conditions_ui&quot;:&quot;normal&quot;,&quot;notice_dismissed&quot;:false}}\" \/><input type=\"hidden\" name=\"_wpcf7_recaptcha_response\" value=\"\" \/>\n<\/fieldset>\n<p><span class=\"wpcf7-form-control-wrap\" data-name=\"Imie\"><input size=\"40\" maxlength=\"400\" class=\"wpcf7-form-control wpcf7-text wpcf7-validates-as-required\" aria-required=\"true\" aria-invalid=\"false\" placeholder=\"Prenume*\" value=\"\" type=\"text\" name=\"Imie\" \/><\/span>\n<\/p>\n<p><span class=\"wpcf7-form-control-wrap\" data-name=\"Nazwisko\"><input size=\"40\" maxlength=\"400\" class=\"wpcf7-form-control wpcf7-text wpcf7-validates-as-required\" aria-required=\"true\" aria-invalid=\"false\" placeholder=\"Nume*\" value=\"\" type=\"text\" name=\"Nazwisko\" \/><\/span>\n<\/p>\n<p><span class=\"wpcf7-form-control-wrap\" data-name=\"Nazwa-firmy\"><input size=\"40\" maxlength=\"400\" class=\"wpcf7-form-control wpcf7-text wpcf7-validates-as-required\" aria-required=\"true\" aria-invalid=\"false\" placeholder=\"Numele firmei*\" value=\"\" type=\"text\" name=\"Nazwa-firmy\" \/><\/span>\n<\/p>\n<p><span class=\"wpcf7-form-control-wrap\" data-name=\"NIP\"><input size=\"40\" maxlength=\"400\" class=\"wpcf7-form-control wpcf7-text wpcf7-validates-as-required\" aria-required=\"true\" aria-invalid=\"false\" placeholder=\"CIF*\" value=\"\" type=\"text\" name=\"NIP\" \/><\/span>\n<\/p>\n<p><span class=\"wpcf7-form-control-wrap\" data-name=\"Adres-email\"><input size=\"40\" maxlength=\"400\" class=\"wpcf7-form-control wpcf7-email wpcf7-validates-as-required wpcf7-text wpcf7-validates-as-email\" aria-required=\"true\" aria-invalid=\"false\" placeholder=\"Adresa de e-mail*\" value=\"\" type=\"email\" name=\"Adres-email\" \/><\/span>\n<\/p>\n<p><span class=\"wpcf7-form-control-wrap\" data-name=\"wiadomosc\"><textarea cols=\"40\" rows=\"10\" maxlength=\"2000\" class=\"wpcf7-form-control wpcf7-textarea wpcf7-validates-as-required\" aria-required=\"true\" aria-invalid=\"false\" placeholder=\"Mesaj*\" name=\"wiadomosc\"><\/textarea><\/span>\n<\/p>\n<p><span class=\"wpcf7-form-control-wrap\" data-name=\"acceptance-130\"><span class=\"wpcf7-form-control wpcf7-acceptance\"><span class=\"wpcf7-list-item\"><label><input type=\"checkbox\" name=\"acceptance-130\" value=\"1\" aria-invalid=\"false\" \/><span class=\"wpcf7-list-item-label\">Am citit \u0219i accept <a class=\"modal-link\" href=\"http:\/\/partner-parts.com\/regulamin\/\" data-div=\"content\">Termenii \u0219i Condi\u021biile<\/a> \u0219i <a class=\"modal-link\" href=\"http:\/\/partner-parts.com\/polityka-prywatnosci-2\/\" data-div=\"content\">Politica de Confiden\u021bialitate<\/a>.<\/span><\/label><\/span><\/span><\/span>\n<\/p>\n<p style=\"font-size:80%;\">Administratorul de date este PARTNER Sp. z o.o. . Informa\u021bii privind prelucrarea datelor cu caracter personal sunt disponibile \u00een <a class=\"modal-link\" href=\"http:\/\/partner-parts.com\/polityka-prywatnosci-2\/\" data-div=\"content\">Politica de Confiden\u021bialitate<\/a>.\n<\/p>\n<p><input class=\"wpcf7-form-control wpcf7-submit has-spinner\" type=\"submit\" value=\"TRIMITE\" \/>\n<\/p><div class=\"wpcf7-response-output\" aria-hidden=\"true\"><\/div>\n<\/form>\n<\/div>\n\n<\/div>\n<\/div><\/div><\/div><\/div><\/div><\/div><\/div>","protected":false},"excerpt":{"rendered":"<p>ul. Jerzmanowska 21 54-530 Wroc\u0142aw Polska tel.: +48 71 35 35 754, +48 71 35 35 708 fax: + 48 71 35 35 753 e-mail: partner@partner-parts.pl Partner Sp. Z o.o. este \u00eenregistrat la Tribunalul Districtual pentru Wroc\u0142aw-Fabryczna Wroc\u0142aw, Sec\u021bia VI Comercial\u0103 a Registrului Judiciar Na\u021bional sub num\u0103rul Registrului Judiciar Na\u021bional: 0000171970, CIF: 8940013103, REGON: 930194151 [&hellip;]<\/p>\n","protected":false},"author":1,"featured_media":0,"parent":0,"menu_order":0,"comment_status":"closed","ping_status":"closed","template":"page-no-title.php","meta":{"footnotes":""},"class_list":["post-10","page","type-page","status-publish","hentry"],"_links":{"self":[{"href":"https:\/\/partner-parts.com\/ro\/wp-json\/wp\/v2\/pages\/10","targetHints":{"allow":["GET"]}}],"collection":[{"href":"https:\/\/partner-parts.com\/ro\/wp-json\/wp\/v2\/pages"}],"about":[{"href":"https:\/\/partner-parts.com\/ro\/wp-json\/wp\/v2\/types\/page"}],"author":[{"embeddable":true,"href":"https:\/\/partner-parts.com\/ro\/wp-json\/wp\/v2\/users\/1"}],"replies":[{"embeddable":true,"href":"https:\/\/partner-parts.com\/ro\/wp-json\/wp\/v2\/comments?post=10"}],"version-history":[{"count":16,"href":"https:\/\/partner-parts.com\/ro\/wp-json\/wp\/v2\/pages\/10\/revisions"}],"predecessor-version":[{"id":692,"href":"https:\/\/partner-parts.com\/ro\/wp-json\/wp\/v2\/pages\/10\/revisions\/692"}],"wp:attachment":[{"href":"https:\/\/partner-parts.com\/ro\/wp-json\/wp\/v2\/media?parent=10"}],"curies":[{"name":"wp","href":"https:\/\/api.w.org\/{rel}","templated":true}]}}