{"id":325,"date":"2020-01-31T11:55:04","date_gmt":"2020-01-31T10:55:04","guid":{"rendered":"http:\/\/partner-parts.com\/?page_id=325"},"modified":"2020-01-31T11:55:04","modified_gmt":"2020-01-31T10:55:04","slug":"regulamin-promocji-facebook-like-akcja-cenowa-luty-2020","status":"publish","type":"page","link":"https:\/\/partner-parts.com\/en\/regulamin-promocji-facebook-like-akcja-cenowa-luty-2020\/","title":{"rendered":"(Polski) REGULAMIN PROMOCJI \u201eFACEBOOK LIKE akcja cenowa luty 2020\u201d"},"content":{"rendered":"<div id=\"pl-325\"  class=\"panel-layout\" ><div id=\"pg-325-0\"  class=\"panel-grid panel-no-style\" ><div id=\"pgc-325-0-0\"  class=\"panel-grid-cell\" ><div id=\"panel-325-0-0-0\" class=\"so-panel widget widget_sow-editor panel-first-child panel-last-child\" data-index=\"0\" ><div\n\t\t\t\n\t\t\tclass=\"so-widget-sow-editor so-widget-sow-editor-base\"\n\t\t\t\n\t\t>\n<div class=\"siteorigin-widget-tinymce textwidget\">\n\t<ol>\n<li>\n<h3>Organizator<\/h3>\n<p>Organizatorem promocji Partner sp. z o.o. z siedzib\u0105 we Wroc\u0142awiu, przy ul. Jerzmanowska 21, 54-530 Wroc\u0142aw, zarejestrowan\u0105 w S\u0105dzie Rejonowym dla Wroc\u0142awia - Fabrycznej we Wroc\u0142awiu, VI Wydzia\u0142 Gospodarczy Krajowego Rejestru S\u0105dowego pod numerem KRS: 0000171970, NIP: 8940013103, REGON: 930194151. Wysoko\u015b\u0107 kapita\u0142u zak\u0142adowego 50 000,00 z\u0142. Adres email: partner@partner-parts.pl.<\/li>\n<li>\n<h3>Zasady Promocji<\/h3>\n<ul style=\"list-style: none;\">\n<li style=\"margin-bottom:5px;\">2.1. Aby wzi\u0105\u0107 udzia\u0142 w promocji, nale\u017cy pobra\u0107 kod rabatowy uprawniaj\u0105cy do skorzystania odpowiednio z 1% rabatu na zakupy produkt\u00f3w z Akcji Cenowej 02\/2020 w systemie B2B https:\/\/izam.partner-parts.pl\/login firmy Partner z siedzib\u0105 we Wroc\u0142awiu, 54-530 przy ul. Jerzmanowskiej 21.<\/li>\n<li style=\"margin-bottom:5px;\">2.2. W celu otrzymania kodu rabatowego, nale\u017cy polubi\u0107 fanpage firmy Partner na serwisie spo\u0142eczno\u015bciowym facebook (\u00a0https:\/\/www.facebook.com\/partnerpartswroclawnevada\/) i napisa\u0107 wiadomo\u015b\u0107 prywatn\u0105 na fb.<\/li>\n<li style=\"margin-bottom:5px;\">2.3. W wiadomo\u015bci nale\u017cy umie\u015bci\u0107 NIP firmy lub numer Klienta, dla kt\u00f3rego przypada\u0107 b\u0119dzie kod rabatowy oraz \u201ewyra\u017cam zgod\u0119 marketing prowadzony w formie elektronicznej i do\u0142\u0105czy\u0107 adres email\u201d.<\/li>\n<li style=\"margin-bottom:5px;\">2.4. Promocja Facebook Like skierowana jest wy\u0142\u0105cznie do zarejestrowanych Klient\u00f3w w systemie B2B firmy Partner Sp. z o.o. z siedzib\u0105 we Wroc\u0142awiu, 54-530 przy ul. Jerzmanowskiej 21.<\/li>\n<li style=\"margin-bottom:5px;\">2.5. Otrzymany kod rabatowy nale\u017cy umie\u015bci\u0107 w polu \u201edodaj informacj\u0119 dla sprzedawcy\u201d podczas sk\u0142adania zam\u00f3wienia.<\/li>\n<li style=\"margin-bottom:5px;\">2.6. Kod rabatowy nale\u017cy samodzielnie zachowa\u0107 a\u017c do czasu wykorzystania.<\/li>\n<li style=\"margin-bottom:5px;\">2.7. Kody nie sumuj\u0105 si\u0119. Jeden kod mo\u017cna wykorzysta\u0107 jednorazowo do jednego zam\u00f3wienia.<\/li>\n<li style=\"margin-bottom:5px;\">2.8. Kody nadawane s\u0105 jednorazowo jednemu U\u017cytkownikowi portalu Spo\u0142eczno\u015bciowego Facebook.<\/li>\n<li style=\"margin-bottom:5px;\">2.9. Kod mo\u017cna wykorzysta\u0107 jednorazowo przez ca\u0142y okres trwania Akcji Cenowej 02\/2020, czyli od 1.02.2020 do 29.02.2020.<\/li>\n<li style=\"margin-bottom:5px;\">2.10. Oferta trwa do wyczerpania zapas\u00f3w magazynowych.<\/li>\n<li style=\"margin-bottom:5px;\">2.11. W promocji \u201eFACEBOOK LIKE akcja cenowa luty 2020\u201d bior\u0105 udzia\u0142 tylko produkty nale\u017c\u0105ce do akcji cenowej luty 2020.<\/li>\n<\/ul>\n<\/li>\n<li>\n<h3>Przetwarzanie danych osobowych<\/h3>\n<ul style=\"list-style: none;\">\n<li style=\"margin-bottom:5px;\">\n3.1. Administratorem danych jest Partner sp. z o.o. z siedzib\u0105 we Wroc\u0142awiu, przy ul. Jerzmanowska 21, 54-530 Wroc\u0142aw, adres email: partner@partner-parts.pl.<\/li>\n<li style=\"margin-bottom:5px;\">3.2. Kontakt z inspektorem ochrony danych adres email: iod@partner-parts.pl.<\/li>\n<li style=\"margin-bottom:5px;\">3.3. Celem przetwarzania danych osobowych oraz podstaw\u0105 prawn\u0105 przetwarzania jest:<br \/>\n3.3.1. udzia\u0142 w promocji \u201eFACEBOOK LIKE akcja cenowa luty 2020\u201d, na podstawie art. 6 ust. 1 lit. b RODO;<br \/>\n3.3.2. wype\u0142nienie obowi\u0105zku prawnego ci\u0105\u017c\u0105cego na administratorze, na podstawie art. 6 ust. 1 lit. c RODO;<br \/>\n3.3.3. marketing prowadzony w formie elektronicznej, na podstawie w art. 6 ust. 1 lit. a RODO.<\/li>\n<li style=\"margin-bottom:5px;\">3.4. Przetwarzanie danych osobowych odbywa si\u0119 z prawnie uzasadnionych interes\u00f3w, realizowanych przez administratora danych, na podstawie art. 6 ust. 1 lit. f RODO: rozpatrzenia ewentualnych reklamacji; archiwalnym (dowodowym) b\u0119d\u0105cym realizacj\u0105 naszego prawnie uzasadnionego interesu zabezpieczenia informacji na wypadek prawnej potrzeby wykazania fakt\u00f3w oraz ustalenia, dochodzenia lub obrony roszcze\u0144 z tytu\u0142u prowadzonej dzia\u0142alno\u015bci gospodarczej.<\/li>\n<li style=\"margin-bottom:5px;\">3.5. Pani\/Pana dane osobowe mog\u0105 by\u0107 przekazywane: podmiotom \u015bwiadcz\u0105cym na rzecz Administratora danych us\u0142ug niezb\u0119dnych do wykonania zawieranej z Pani\u0105\/Panem umowy tj.: us\u0142ugi prawne, us\u0142ugi informatyczne, dostawcom system\u00f3w informatycznych; organom upowa\u017cnionym na podstawie przepis\u00f3w prawa.<\/li>\n<li style=\"margin-bottom:5px;\">3.6. Okres przechowywania danych osobowych wynosi odpowiednio dla celu:<br \/>\n3.6.1. udzia\u0142 w promocji \u2013 przez okres trwania promocji;<br \/>\n3.6.2. ustalenia, dochodzenia lub obrony przed roszczeniami zwi\u0105zanymi bezpo\u015brednio lub po\u015brednio z reklamacj\u0105 przez okres roku od dnia udzielenia odpowiedzi przez administratora na reklamacj\u0119 lub do przez okres 3 lat od otrzymania reklamacji, a w przypadku tocz\u0105cego si\u0119 post\u0119powania przez okres trwania post\u0119powania do czasu jego prawomocnego zako\u0144czenia oraz czasu przedawnienia roszcze\u0144.<br \/>\n3.6.3. marketingu prowadzonego w formie elektronicznej - przez okres udzielenia zgody na przetwarzanie danych osobowych.<\/li>\n<li style=\"margin-bottom:5px;\">3.7. Przys\u0142uguje Pani\/Panu prawo dost\u0119pu do Pani\/Pana danych osobowych, ich sprostowania, usuni\u0119cia lub ograniczenia przetwarzania lub prawo do wniesienia sprzeciwu wobec przetwarzania, a tak\u017ce prawo do przenoszenia danych.<\/li>\n<li style=\"margin-bottom:5px;\">3.8. Je\u017celi przetwarzanie odbywa si\u0119 na podstawie zgody, to osobie, kt\u00f3rej dane dotycz\u0105, przys\u0142uguje prawo do cofni\u0119cia zgody w dowolnym momencie, bez wp\u0142ywu na zgodno\u015b\u0107 z prawem przetwarzania, kt\u00f3rego dokonano na podstawie zgody przed jej cofni\u0119ciem. Je\u017celi chcesz cofn\u0105\u0107 zgod\u0119, wy\u015blij informacj\u0119 na adres email: partner@partner-parts.pl.<\/li>\n<li style=\"margin-bottom:5px;\">3.9. Przys\u0142uguje Pani\/Panu prawo do wniesienia skargi do Prezesa Urz\u0119du Ochrony Danych Osobowych.<\/li>\n<li style=\"margin-bottom:5px;\">3.10. Podania danych jest dobrowolne, jednak niezb\u0119dne do realizacji ww. cel\u00f3w.<\/li>\n<li style=\"margin-bottom:5px;\">3.11. Pani\/Pana dane nie podlegaj\u0105 zautomatyzowanym podejmowaniu decyzji, w tym o profilowaniu, o kt\u00f3rym mowa w art. 22 ust. 1 i 4 RODO.<\/li>\n<li style=\"margin-bottom:5px;\">3.12. Przys\u0142uguje Pani\/Panu prawo wniesienia sprzeciwu wobec przetwarzania danych osobowych opartego na art. 6 ust. 1 lit. e lub f RODO, w tym profilowania na podstawie tych przepis\u00f3w z przyczyn zwi\u0105zanych z szczeg\u00f3ln\u0105 sytuacj\u0105 osoby, kt\u00f3rej dane dotycz\u0105.<\/li>\n<li style=\"margin-bottom:5px;\">3.13. Przys\u0142uguje Pani\/Panu prawo wniesienia sprzeciwu wobec przetwarzania Pani\/Pana danych osobowych, w celu marketingu bezpo\u015bredniego, w tym profilowania, w zakresie, w jakim przetwarzanie jest zwi\u0105zane z takim marketingiem bezpo\u015brednim.<\/li>\n<\/ul>\n<\/li>\n<li>\n<h3>Post\u0119powanie reklamacyjne<\/h3>\n<ul style=\"list-style: none;\">\n<li style=\"margin-bottom:5px;\">4.1. Wszelkie reklamacje dotycz\u0105ce Kod\u00f3w Rabatowych z Promocji \u201eFACEBOOK LIKE akcja cenowa luty 2020\u2019 Uczestnicy mog\u0105 zg\u0142asza\u0107 za pomoc\u0105 wiadomo\u015bci e-mail na adres reklamacje@partner-parts.pl.<\/li>\n<li style=\"margin-bottom:5px;\">4.2. Reklamacja powinna zawiera\u0107 nadany kod rabatowy oraz dok\u0142adny opis i pow\u00f3d reklamacji.<\/li>\n<li style=\"margin-bottom:5px;\">4.3. Reklamacje rozpatrywane b\u0119d\u0105 przez Organizatora w terminie 14 dni od daty ich otrzymania.<\/li>\n<li style=\"margin-bottom:5px;\">4.4. Reklamacja rozpatrywane b\u0119d\u0105 na podstawie Regulaminu i powszechnie obowi\u0105zuj\u0105cych przepis\u00f3w prawa.<\/li>\n<li style=\"margin-bottom:5px;\">4.5. O decyzji Organizatora w przedmiocie reklamacji Uczestnik zostanie powiadomiony za po\u015brednictwem wiadomo\u015bci e-mail, wys\u0142anej na adres podany w reklamacji.<\/li>\n<\/ul>\n<\/li>\n<li>\n<h3>Postanowienia ko\u0144cowe<\/h3>\n<ul style=\"list-style: none;\">\n<li style=\"margin-bottom:5px;\">5.1. Regulamin Promocji jest dost\u0119pny na B2B firmy Partner.<\/li>\n<li style=\"margin-bottom:5px;\">5.2. Przed wzi\u0119ciem udzia\u0142u w Promocji, Uczestnik powinien zapozna\u0107 si\u0119 z niniejszym Regulaminem.<\/li>\n<li style=\"margin-bottom:5px;\">5.3. Wzi\u0119cie udzia\u0142u w Promocji oznacza zapoznanie si\u0119 z postanowieniami niniejszego Regulaminu.<\/li>\n<li style=\"margin-bottom:5px;\">5.4. Organizator zastrzega sobie prawo do wprowadzania zmian w Regulaminie z wa\u017cnych powod\u00f3w, kt\u00f3rymi s\u0105: przed\u0142u\u017cenie lub skr\u00f3cenie okresu trwania Promocji, zmiany przedmiotu Promocji, wa\u017cne przyczyny ekonomiczne lub marketingowe le\u017c\u0105ce po stronie Organizatora.<\/li>\n<li style=\"margin-bottom:5px;\">5.5. Zmiana Regulaminu nie ma wp\u0142ywu na prawa uprzednio nabyte przez Uczestnik\u00f3w.<\/li>\n<\/ul>\n<\/li>\n<\/ol>\n<\/div>\n<\/div><\/div><\/div><\/div><\/div>","protected":false},"excerpt":{"rendered":"<p>Organizator Organizatorem promocji Partner sp. z o.o. z siedzib\u0105 we Wroc\u0142awiu, przy ul. Jerzmanowska 21, 54-530 Wroc\u0142aw, zarejestrowan\u0105 w S\u0105dzie Rejonowym dla Wroc\u0142awia &#8211; Fabrycznej we Wroc\u0142awiu, VI Wydzia\u0142 Gospodarczy Krajowego Rejestru S\u0105dowego pod numerem KRS: 0000171970, NIP: 8940013103, REGON: 930194151. Wysoko\u015b\u0107 kapita\u0142u zak\u0142adowego 50 000,00 z\u0142. Adres email: partner@partner-parts.pl. Zasady Promocji 2.1. Aby wzi\u0105\u0107 [&hellip;]<\/p>\n","protected":false},"author":1,"featured_media":0,"parent":0,"menu_order":0,"comment_status":"closed","ping_status":"closed","template":"","meta":{"footnotes":""},"class_list":["post-325","page","type-page","status-publish","hentry"],"_links":{"self":[{"href":"https:\/\/partner-parts.com\/en\/wp-json\/wp\/v2\/pages\/325","targetHints":{"allow":["GET"]}}],"collection":[{"href":"https:\/\/partner-parts.com\/en\/wp-json\/wp\/v2\/pages"}],"about":[{"href":"https:\/\/partner-parts.com\/en\/wp-json\/wp\/v2\/types\/page"}],"author":[{"embeddable":true,"href":"https:\/\/partner-parts.com\/en\/wp-json\/wp\/v2\/users\/1"}],"replies":[{"embeddable":true,"href":"https:\/\/partner-parts.com\/en\/wp-json\/wp\/v2\/comments?post=325"}],"version-history":[{"count":4,"href":"https:\/\/partner-parts.com\/en\/wp-json\/wp\/v2\/pages\/325\/revisions"}],"predecessor-version":[{"id":329,"href":"https:\/\/partner-parts.com\/en\/wp-json\/wp\/v2\/pages\/325\/revisions\/329"}],"wp:attachment":[{"href":"https:\/\/partner-parts.com\/en\/wp-json\/wp\/v2\/media?parent=325"}],"curies":[{"name":"wp","href":"https:\/\/api.w.org\/{rel}","templated":true}]}}