{"id":224,"date":"2019-09-24T01:00:32","date_gmt":"2019-09-23T23:00:32","guid":{"rendered":"http:\/\/partner-parts.com\/?page_id=224"},"modified":"2025-11-25T16:17:50","modified_gmt":"2025-11-25T15:17:50","slug":"polityka-prywatnosci-2","status":"publish","type":"page","link":"https:\/\/partner-parts.com\/de\/polityka-prywatnosci-2\/","title":{"rendered":"PRIVACY POLICY"},"content":{"rendered":"<div id=\"pl-224\"  class=\"panel-layout\" ><div id=\"pg-224-0\"  class=\"panel-grid panel-no-style\" ><div id=\"pgc-224-0-0\"  class=\"panel-grid-cell\" ><div id=\"panel-224-0-0-0\" class=\"so-panel widget widget_sow-editor panel-first-child panel-last-child\" data-index=\"0\" ><div\n\t\t\t\n\t\t\tclass=\"so-widget-sow-editor so-widget-sow-editor-base\"\n\t\t\t\n\t\t>\n<div class=\"siteorigin-widget-tinymce textwidget\">\n\t<\/p>\n<p><strong>Inhaltsverzeichnis:<\/strong><br \/>\n<strong>I. Informationen \u00fcber die Verarbeitung personenbezogener Daten gem\u00e4\u00df den Artikeln 13 und 14 DSGVO<\/strong><br \/>\n<strong>II. Grunds\u00e4tze des Schutzes personenbezogener Daten in Bezug auf die Erbringung von Dienstleistungen auf elektronischem Wege<\/strong><br \/>\n<strong>III. Cookie-Richtlinie<\/strong><\/p>\n<p>I. Informationen \u00fcber die Verarbeitung personenbezogener Daten gem\u00e4\u00df den Artikeln 13 und 14 der DSGVO<br \/>\nIhre personenbezogenen Daten werden von der Partner Sp. z o.o. gem\u00e4\u00df der Verordnung (EU) 2016\/679 des Europ\u00e4ischen Parlaments und des Rates vom 27. April 2016 zum Schutz nat\u00fcrlicher Personen bei der Verarbeitung personenbezogener Daten und zum freien Datenverkehr und zur Aufhebung der Richtlinie 95\/46\/EG (Allgemeine Datenschutzverordnung), genannt \"DSGVO\", verarbeitet.<br \/>\n1. Der Datenverwalter ist Partner Sp. z o.o. mit Sitz in Wroc\u0142aw, ul. Jerzmanowska 21, 54-530 Wroc\u0142aw, eingetragen im Amtsgericht f\u00fcr Wroc\u0142aw-Fabryczna in Wroc\u0142aw, VI. Wirtschaftsabteilung des Landesgerichtsregisters unter der Nummer KRS: 0000171970, NIP [Steueridentifizierungsnummer]: 8940013103, REGON [statistische Nummer]: 930194151, Stammkapital von 50.000,00 PLN. E-Mail-Adresse: partner@partner-parts.pl<br \/>\n2. Kontakt mit dem Datenschutzbeauftragten unter der E-Mail-Adresse: iod@partner-parts.pl<br \/>\n3. Der Zweck der Verarbeitung personenbezogener Daten und die Rechtsgrundlage f\u00fcr die Verarbeitung sind:<br \/>\n1) F\u00fchrung eines Benutzerkontos f\u00fcr die Webseite www.partner-parts.pl gem\u00e4\u00df dem Artikel 6 Absatz 1 Buchstabe a) der DSGVO;<br \/>\n2) Umsetzung des Vertrags gem\u00e4\u00df dem Artikel 6 Absatz 1 Buchstabe b) der DSGVO;<br \/>\n3) die Erf\u00fcllung der rechtlichen Verpflichtung, die dem Datenverwalter durch den Artikel 6 Absatz 1 Buchstabe c) der DSGVO auferlegt wurde;<br \/>\n4) Kontakt in Sachen Vertragskoordinierung gem\u00e4\u00df dem Artikel 6 Absatz 1 Buchstabe b) der DSGVO;<br \/>\n5) Beantwortung Ihrer Anfragen gem\u00e4\u00df dem Artikel 6 Absatz 1 Buchstabe a) der DSGVO;<br \/>\n6) Marketingf\u00fchrung auf elektronischem oder telefonischem Wege gem\u00e4\u00df der eingereichten Erkl\u00e4rung, gem\u00e4\u00df dem Artikel 6 Absatz 1 Buchstabe a) der DSGVO;<br \/>\n7) Personalbeschaffung gem\u00e4\u00df dem Artikel 6 Absatz 1 Buchstaben a), b) und Artikel 9 Absatz 2 Buchstabe a) der DSGVO.<br \/>\n4. Die Verarbeitung personenbezogener Daten erfolgt im erforderlichen berechtigten Interesse, das vom Datenverwalter gem\u00e4\u00df dem Artikel 6 Absatz 1 Buchstabe f) der DSGVO zu folgenden Zwecken verfolgt wird: \u00dcberpr\u00fcfung der Zahlungssicherheit, Sperren der Dienstleistungsnutzung wegen finanzieller R\u00fcckst\u00e4nde, Aufstellung von Analysen und Statistiken (zum internen Bedarf des Datenverwalters), Ankn\u00fcpfung oder Aufrechterhaltung von Gesch\u00e4ftsbeziehungen, F\u00fchrung des Direktmarketings eigener Produkte oder Dienstleistungen in traditioneller Form, Sicherung von Informationen in Form einer Archivierung (Beweisf\u00fchrung) - als Inanspruchnahme unseres erforderlichen berechtigten Interesses - f\u00fcr eventuelle rechtliche Notwendigkeit, Tatsachen nachzuweisen sowie Anspr\u00fcche aus der gef\u00fchrten Gewerbet\u00e4tigkeit festzustellen, geltend zu machen oder zu verteidigen.<br \/>\n5. Ihre personenbezogenen Daten k\u00f6nnen weitergeleitet werden an: Unternehmen, die f\u00fcr den Datenverwalter Dienstleistungen erbringen, die zwecks der Ausf\u00fchrung des mit Ihnen abgeschlossenen Vertrags notwendig sind, d.h.: Rechtsdienstleistungen, Zwangsvollstreckungst\u00e4tigkeiten, IT-Dienstleistungen, IT-Systeme-Lieferungen, Post- und Kurierdienste im Bereich der Postsendungen, Banken im Bereich der Zahlungsabwicklungen, gesetzlich berechtigte Organe.<br \/>\n6. Die Aufbewahrungsfrist der personenbezogenen Daten betr\u00e4gt je nach dem Zweck:<br \/>\na) F\u00fchrung des Benutzerkontos \u2013 der Zeitraum, f\u00fcr den die Zustimmung zur Verarbeitung personenbezogener Daten zu einem bestimmten Zweck erteilt wurde;<br \/>\nb) Ausf\u00fchrung des Vertrags - die Vertragsdauer und 5 Jahre ab Beginn des Folgejahres nach dem Gesch\u00e4ftsjahr, in dem Gesch\u00e4fte, Transaktionen und Verfahren endg\u00fcltig abgeschlossen, zur\u00fcckgezahlt, abgerechnet verj\u00e4hrt wurden; bei Anspr\u00fcchen aus den abgeschlossenen Vertr\u00e4gen - 6 Jahre lang (bei nat\u00fcrlichen Personen) oder 3 Jahre lang (bei Gewerbet\u00e4tigkeit);<br \/>\nc) Reklamationen - 1 Jahr nach dem Ablauf der Gew\u00e4hrleistungsfrist oder Abrechnung der Reklamation. Der Aufbewahrungszeitraum wird seit dem Anfang des Folgejahres nach dem Gesch\u00e4ftsjahr berechnet, auf das sich die gegebene Sammlung bezieht;<br \/>\nd) Schriftverkehr \u2013 wenn ein konkreter, deutlicher und rechtlich begr\u00fcndeter Zweck der Datenverarbeitung durch den Datenverwalter fehlt, wird der Schriftverkehr nach einem Jahr gel\u00f6scht;<br \/>\ne) Marketing in elektronischer oder telefonischer Form \u2013 der Zeitraum, f\u00fcr den die Zustimmung zur Verarbeitung personenbezogener Daten zu einem bestimmten Zweck erteilt wurde;<br \/>\nf) Personalbeschaffung \u2013 Personalbeschaffungszeitraum oder bis zum Widerruf der erteilten Zustimmung.<br \/>\n7. Sie haben das Recht auf Zugang zu Ihren personenbezogenen Daten, auf ihre Berichtigung, L\u00f6schung oder Einschr\u00e4nkung der Verarbeitung, das Recht auf Widersprucherhebung gegen die Datenverarbeitung sowie das Recht auf Daten\u00fcbertragung.<br \/>\n8. Erfolgt die Datenverarbeitung auf der Grundlage einer Zustimmung, dann ist die betroffene Person berechtigt, ihre Zustimmung jederzeit zu widerrufen, ohne dass es die Rechtm\u00e4\u00dfigkeit der Verarbeitung bewirkt, die auf der Grundlage ihrer Zustimmung vor dem Widerruf durchgef\u00fchrt wurde. Wenn Sie Ihre Zustimmung widerrufen wollen, senden Sie bitte eine Nachricht an die E-Mail-Adresse: partner@partner-parts.pl<br \/>\n9. Sie haben das Recht, eine Beschwerde beim Vorsitzenden des Amtes f\u00fcr den Schutz Personenbezogener Daten einzureichen.<br \/>\n10. Die Angabe der Daten ist freiwillig, jedoch f\u00fcr die Umsetzung der oben genannten Ziele notwendig.<br \/>\n11. Die Quelle der personenbezogenen Daten \u2013 wenn es zutrifft - ist im Fall der Umsetzung eines mit dem Vertragspartner abgeschlossenen Vertrags, ein Vertreter des Vertragspartners oder Daten aus \u00f6ffentlich zug\u00e4nglichen Webseiten oder Branchenverzeichnissen.<br \/>\n12. Ihre Daten unterliegen keinen automatisierten Entscheidungen, einschlie\u00dflich der Erstellung von Profilen gem\u00e4\u00df dem Artikel 22 Abs. 1 und 4 der DSGVO.<br \/>\n13. Sie haben das Recht, einen Widerspruch gegen die Verarbeitung personenbezogener Daten gem\u00e4\u00df dem Artikel 6 Absatz 1 Buchstabe e) oder f) der DSGVO zu erheben, einschlie\u00dflich der Erstellung von Profilen gem\u00e4\u00df diesen Bestimmungen aus Gr\u00fcnden, die sich auf besondere Umst\u00e4nde der betroffenen Person beziehen.<br \/>\n14. Sie haben das Recht, einen Widerspruch gegen die Verarbeitung Ihrer personenbezogenen Daten f\u00fcr Zwecke des Direktmarketings, einschlie\u00dflich der Erstellung von Profilen zu erheben, in dem Bereich, in welchem die Verarbeitung im Zusammenhang mit dem Direktmarketing steht.<\/p>\n<p>II. Grunds\u00e4tze des Schutzes personenbezogener Daten in Bezug auf die Erbringung von Dienstleistungen auf elektronischem Wege<br \/>\n1. Rechtsgrundlage:<br \/>\n1) Verordnung (EU) 2016\/679 des Europ\u00e4ischen Parlaments und des Rates vom 27. April 2016 zum Schutz nat\u00fcrlicher Personen bei der Verarbeitung personenbezogener Daten und zum freien Datenverkehr und zur Aufhebung der Richtlinie 95\/46\/EG (Allgemeine Datenschutzverordnung), auch als \"DSGVO\" bezeichnet;<br \/>\n2) Gesetz vom 10. Mai 2018 \u00fcber den Schutz personenbezogener Daten (Gesetzblatt von 2018, Pos. 1000, in der jeweils g\u00fcltigen Fassung), auch als \"UODO\" bezeichnet;<br \/>\n3) Gesetz vom 18. Juli 2002 \u00fcber die Erbringung von Dienstleistungen auf elektronischem Wege (Gesetzblatt 2019, Pos. 123, in der jeweils g\u00fcltigen Fassung), auch als \"U\u015aUDE\" bezeichnet.<br \/>\n2. Die in diesem Dokument verwendeten Begriffe bedeuten:<br \/>\n1) elektronische Adresse - Bezeichnung des Teleinformatik-Systems, das die Kommunikation mit elektronischen Mitteln, insbesondere elektronischer Post, erm\u00f6glicht;<br \/>\n2) Handelsinformationen - alle Informationen, die direkt oder indirekt dazu bestimmt sind, Waren, Dienstleistungen oder das Image eines Gewerbetreibenden oder eines Berufstr\u00e4gers zu f\u00f6rdern, dessen Recht auf Berufsaus\u00fcbung von Erf\u00fcllung der in gesonderten Rechtsakten festgelegten Anforderungen abh\u00e4ngt, mit Ausnahme von Informationen, die eine elektronische Kommunikation mit einer bestimmten Person erm\u00f6glichen, und Informationen \u00fcber Waren und Dienstleistungen, die nicht darauf abzielen, einen vom Unternehmen gew\u00fcnschten kommerziellen Effekt zu erzielen, das die Verbreitung in Auftrag gibt, insbesondere ohne Entgelt oder andere Vorteile f\u00fcr Hersteller, Verk\u00e4ufer und Dienstleister;<br \/>\n3) Teleinformatik-System - eine Reihe von kooperierenden IT-Ger\u00e4ten und Softwares, welche die Verarbeitung und Speicherung sowie das Senden und Empfangen von Daten \u00fcber Telekommunikationsnetze mit Hilfe eines f\u00fcr gegebene Art des Netzes entsprechenden Endger\u00e4tes im Sinne des Gesetzes vom 16. Juli 2004 sicherstellen. - Telekommunikationsrecht (Gesetzblatt von 2018, Pos. 1954 und 2245);<br \/>\n4) Erbringung von Dienstleistungen auf elektronischem Wege - Erbringung einer Dienstleistungen ohne gleichzeitige Anwesenheit der Parteien (Ferndienstleistung), durch die \u00dcbermittlung von Daten auf einen individuellen Wunsch des Empf\u00e4ngers, die mittels Vorrichtungen zur elektronischen Verarbeitung, einschlie\u00dflich digitaler Kompression, \u00fcbertragen und empfangen werden, und Datenspeicherung, die vollst\u00e4ndig \u00fcber ein Telekommunikationsnetz im Sinne des Gesetzes vom 16. Juli 2004 gesendet, empfangen oder \u00fcbertragen wird. - Telekommunikationsrecht;<br \/>\n5) Mittel der elektronischen Kommunikation - technische L\u00f6sungen, einschlie\u00dflich Teleinformatik-Vorrichtungen und mit ihnen zusammenarbeitenden Softwaretools, die eine individuelle Fernkommunikation durch Daten\u00fcbertragung zwischen Teleinformatik-Systemen, und insbesondere durch elektronische Post, erm\u00f6glichen;<br \/>\n6) Dienstleister - eine nat\u00fcrliche Person, eine juristische Person oder eine Organisationseinheit ohne Rechtspers\u00f6nlichkeit, die bei der Aus\u00fcbung, auch gelegentlich, einer Erwerbst\u00e4tigkeit oder Berufst\u00e4tigkeit Dienstleistungen auf elektronischem Wege erbringt;<br \/>\n7) Dienstleistungsempf\u00e4nger - eine nat\u00fcrliche Person, eine juristische Person oder eine Organisationseinheit ohne Rechtspers\u00f6nlichkeit, welche elektronisch erbrachte Dienstleistungen in Anspruch nimmt;<br \/>\n8) Sitz - der Sitz eines Unternehmers oder einer Zweigniederlassung eines ausl\u00e4ndischen Unternehmers, der eine Gesch\u00e4ftst\u00e4tigkeit auf dem Gebiet der Republik Polen aus\u00fcbt;<br \/>\n9) personenbezogene Daten - sind Informationen \u00fcber eine identifizierte oder identifizierbare nat\u00fcrliche Person (\"betroffene Person\"); eine identifizierbare nat\u00fcrliche Person ist eine Person, die direkt oder indirekt identifiziert werden kann, insbesondere durch Bezugnahme auf einen Identifikator wie Vor- und Nachname, Identifikationsnummer, Standortdaten, Internetkennung oder ein oder mehrere Sonderfaktoren, welche die physische, physiologische, genetische, psychische, wirtschaftliche, kulturelle oder soziale Identit\u00e4t einer nat\u00fcrlichen Person bezeichnen;<br \/>\n10) Verarbeitung - ist der Vorgang oder eine Reihe von Vorg\u00e4ngen, die mit personenbezogenen Daten oder Datens\u00e4tzen automatisiert oder nicht automatisiert durchgef\u00fchrt werden, wie Erhebung, Aufzeichnung, Organisation, Strukturierung, Speicherung, Anpassung oder Modifizierung, Abruf, Durchsicht, Verwendung, Offenlegung durch \u00dcbermittlung, Verbreitung oder anderweitige Bereitstellung, Anpassung oder Kombination, Einschr\u00e4nkung, L\u00f6schung oder Zerst\u00f6rung;<br \/>\n11) Einschr\u00e4nkung der Verarbeitung - bezeichnet die Kennzeichnung der gespeicherten personenbezogenen Daten zwecks der Einschr\u00e4nkung ihrer zuk\u00fcnftigen Verarbeitung;<br \/>\n12) Datensatz - bezeichnet einen geordneten Satz personenbezogener Daten, der nach bestimmten Kriterien zug\u00e4nglich ist, unabh\u00e4ngig davon, ob der Datensatz zentralisiert, dezentralisiert, oder funktional oder geographisch verteilt ist;<br \/>\n13) Datenverwalter - ist die nat\u00fcrliche oder juristische Person, eine \u00f6ffentliche Beh\u00f6rde, eine Einheit oder ein anderer Tr\u00e4ger, der allein oder gemeinsam mit anderen Zwecke und Mittel der Verarbeitung personenbezogener Daten bestimmt; sind die Zwecke und Mittel der Verarbeitung personenbezogener Daten im Unionsrecht oder im Recht der Mitgliedstaaten vorgesehen, dann kann im Unionsrecht oder im Recht der Mitgliedstaaten auch ein Datenverwalter ernannt werden oder es k\u00f6nnen spezifische Kriterien f\u00fcr seine Ernennung festgelegt werden;<br \/>\n14) Datenverarbeiter - ist eine nat\u00fcrliche oder juristische Person, eine \u00f6ffentliche Beh\u00f6rde, eine Einheit oder ein anderer Tr\u00e4ger, der personenbezogene Daten im Namen des Datenverwalters verarbeitet;<br \/>\n15) Empf\u00e4nger - ist eine nat\u00fcrliche oder juristische Person, eine \u00f6ffentliche Beh\u00f6rde, eine Einheit oder ein anderer Tr\u00e4ger, an den personenbezogene Daten weitergegeben werden, unabh\u00e4ngig davon, ob es sich um einen Dritten handelt. \u00d6ffentliche Beh\u00f6rden, die personenbezogene Daten im Rahmen eines spezifischen Verfahrens gem\u00e4\u00df dem Recht der Union oder eines Mitgliedstaats erhalten k\u00f6nnen, gelten jedoch nicht als Empf\u00e4nger; die Verarbeitung dieser Daten durch diese Beh\u00f6rden muss im Einklang mit den f\u00fcr die Zwecke der Verarbeitung geltenden Datenschutzbestimmungen erfolgen;<br \/>\n16) Einwilligung einer betroffenen Person \u2013 bedeutet eine freie, konkrete, bewusste und eindeutige Willenserkl\u00e4rung, mit der die betroffene Person in Form einer Erkl\u00e4rung oder einer eindeutig best\u00e4tigenden Handlung ihre Zustimmung zur Verarbeitung ihrer personenbezogenen Daten erteilt;<br \/>\n17) Konto - ein Konto, das f\u00fcr den Dienstleistungsempf\u00e4nger auf der Webseite infolge des Registrierungsprozesses erstellt wurde.<br \/>\n18) Service - Webseite www.reset2.pl.<br \/>\n3. Der Datenverwalter der auf der Webseite www.partner-parts.pl verarbeiteten personenbezogenen Daten ist die Partner Sp. z o.o., im Folgenden Partner genannt, mit Sitz in Wroc\u0142aw, ul. Jerzmanowska 21, 54-530 Wroc\u0142aw, eingetragen beim Amtsgericht f\u00fcr Wroc\u0142aw-Fabryczna in Wroc\u0142aw, VI. Wirtschaftsabteilung des Landesgerichtsregisters unter der Nummer KRS: 0000171970, NIP: 8940013103, REGON: 930194151, Stammkapital von 50.000,00 PLN, E-Mail-Adresse: partner@partner-parts.pl<br \/>\n4. Kontakt mit dem Datenschutzbeauftragten unter der E-Mail-Adresse: iod@partner-parts.pl<br \/>\n5. Informationen \u00fcber die Verarbeitung personenbezogener Daten finden Sie im Kapitel I.<br \/>\n6. Der Partner verarbeitet folgende personenbezogene Daten des Dienstleistungsempf\u00e4ngers, die zur Ankn\u00fcpfung, Gestaltung des Inhalts, \u00c4nderung oder Aufl\u00f6sung des Rechtsverh\u00e4ltnisses zwischen ihnen erforderlich sind:<br \/>\n1) den Namen und Vornamen des Dienstleistungsempf\u00e4ngers;<br \/>\n2) die Personalerfassungsnummer PESEL oder - wenn diese Nummer nicht vergeben wurde \u2013 Reisepass-Nummer, Personalausweis-Nummer oder die Nummer eines anderen Personaldokumentes;<br \/>\n3) Adresse des st\u00e4ndigen Wohnsitzes;<br \/>\n4) Anschrift f\u00fcr die Korrespondenz, falls sie von der in Nummer 3 genannten Anschrift abweicht;<br \/>\n5) Daten, die zur \u00dcberpr\u00fcfung der elektronischen Signatur des Dienstleistungsempf\u00e4ngers verwendet werden;<br \/>\n6) elektronische Adressen des Dienstleistungsempf\u00e4ngers.<br \/>\n7. Zur Erf\u00fcllung von Vertr\u00e4gen oder Aus\u00fcbung anderer Rechtsgesch\u00e4fte mit dem Dienstleistungsempf\u00e4nger verarbeitet der Partner andere Daten, die aufgrund der Eigenschaften der erbrachten Dienstleistung oder der Art ihrer Abrechnung erforderlich sind:<br \/>\n1) Name oder Firma des Arbeitsortes des Dienstleistungsempf\u00e4ngers;<br \/>\n2) Sitz und Anschrift des Arbeitsortes des Dienstleistungsempf\u00e4ngers;<br \/>\n3) Steueridentifikationsnummer (NIP) des Arbeitsortes des Dienstleistungsempf\u00e4ngers;<br \/>\n4) die Telefonnummer des Dienstleistungsempf\u00e4ngers;<br \/>\n5) die Branche des Arbeitsplatzes des Dienstleistungsempf\u00e4ngers;<br \/>\n6) Informationen, wie der Dienstleistungsempf\u00e4nger \u00fcber den Partner erfahren hat.<br \/>\n8. Der Partner hat die im Absatz 7 genannten Daten als Daten gekennzeichnet, deren Angabe f\u00fcr Dienstleistungserbringung auf elektronischem Wege erforderlich sind (durch Anbringung des Zeichens \"*\" mit der Beschreibung \"* - Pflichtfeld\").<br \/>\n9. Der Partner verarbeitet mit Zustimmung des Dienstleistungsempf\u00e4ngers und zu Zwecken der Werbung, der Forschung vom Markt, Verhalten und Pr\u00e4ferenzen der Dienstleistungsempf\u00e4nger andere Daten des Dienstleistungsempf\u00e4ngers, die f\u00fcr die Erbringung der Dienstleistung auf elektronischem Wege nicht erforderlich sind, die aber einer Optimierung der Dienstleistungsqualit\u00e4t des Dienstleisters dienen sollen.<br \/>\n10. Der Partner verarbeitet folgende Daten, welche die Nutzungsart durch den Dienstleistungsempf\u00e4nger der auf elektronischem Wege erbrachten Dienstleistung charakterisieren (Nutzungsdaten):<br \/>\n1) Identifizierungszeichen des Dienstleistungsempf\u00e4ngers, die auf der Grundlage der im Absatz 6 genannten Daten vergeben werden;<br \/>\n2) Identifizierungszeichen des Endes des Telekommunikationsnetzes oder des Teleinformatik-Systems, das vom Dienstleistungsempf\u00e4ngers genutzt wurde;<br \/>\n3) Informationen \u00fcber Beginn, Ende und Umfang jeder Nutzung der elektronisch erbrachten Dienstleistung;<br \/>\n4) Informationen \u00fcber die Nutzung elektronischer Dienstleistungen durch den Dienstleistungsempf\u00e4nger.<br \/>\n11. Der Partner stellt die in den Abs. 6 - 11 genannten Daten den nach gesonderten Vorschriften berechtigten staatlichen Beh\u00f6rden, zum Zwecke der von ihnen gef\u00fchrten Verfahren, kostenlos zur Verf\u00fcgung.<br \/>\n12. Die einem Dienstleistungsempf\u00e4nger vorgelegte Abrechnung einer elektronisch erbrachten Dienstleistung darf die Art, Dauer, H\u00e4ufigkeit und andere technische Merkmale einzelner vom Dienstleistungsempf\u00e4nger in Anspruch genommenen Dienstleistungen nicht zeigen, es sei denn, er habe diesbez\u00fcgliche detaillierte Informationen angefordert.<\/p>\n<p>III. Informationen zur Cookie-Richtlinie<br \/>\nWir weisen darauf hin, dass die besuchte Webseite Cookies verwendet, d.h. IT-Daten, insbesondere Textdateien, die von Servern auf dem Endger\u00e4t des Benutzers (Computer, Laptop, Tablett, Smartphone) gespeichert werden und die von Servern bei jeder Verbindung mit diesem Endger\u00e4t gelesen werden k\u00f6nnen.<br \/>\nDer Zweck der Speicherung und des Zugriffs auf Cookies durch den Service www.partner-parts.pl ist:<br \/>\ndie Erstellung von Statistiken,<br \/>\n\u00c4nderungen im Aussehen oder in der Version der Webseite,<br \/>\nSpeicherung von Sitzungsdaten.<br \/>\nStandardm\u00e4\u00dfig erlauben Webbrowser das Speichern von Cookies auf Ihren Endger\u00e4ten. Der Nutzer der Webseite kann jederzeit in seinem Browser stufen, wie viele und welche Cookies er will. Fehlende Einstellungen gelten als bewusster Willensakt und Akzeptanz von Cookies.<\/p>\n<p>Datum der Aktualisierung des Dokuments: 01.11.2025 r.<\/p><\/p>\n<\/div>\n<\/div><\/div><\/div><\/div><\/div>","protected":false},"excerpt":{"rendered":"<p>Inhaltsverzeichnis: I. Informationen \u00fcber die Verarbeitung personenbezogener Daten gem\u00e4\u00df den Artikeln 13 und 14 DSGVO II. Grunds\u00e4tze des Schutzes personenbezogener Daten in Bezug auf die Erbringung von Dienstleistungen auf elektronischem Wege III. Cookie-Richtlinie I. Informationen \u00fcber die Verarbeitung personenbezogener Daten gem\u00e4\u00df den Artikeln 13 und 14 der DSGVO Ihre personenbezogenen Daten werden von der Partner [&hellip;]<\/p>\n","protected":false},"author":1,"featured_media":0,"parent":0,"menu_order":0,"comment_status":"closed","ping_status":"closed","template":"","meta":{"footnotes":""},"class_list":["post-224","page","type-page","status-publish","hentry"],"_links":{"self":[{"href":"https:\/\/partner-parts.com\/de\/wp-json\/wp\/v2\/pages\/224","targetHints":{"allow":["GET"]}}],"collection":[{"href":"https:\/\/partner-parts.com\/de\/wp-json\/wp\/v2\/pages"}],"about":[{"href":"https:\/\/partner-parts.com\/de\/wp-json\/wp\/v2\/types\/page"}],"author":[{"embeddable":true,"href":"https:\/\/partner-parts.com\/de\/wp-json\/wp\/v2\/users\/1"}],"replies":[{"embeddable":true,"href":"https:\/\/partner-parts.com\/de\/wp-json\/wp\/v2\/comments?post=224"}],"version-history":[{"count":11,"href":"https:\/\/partner-parts.com\/de\/wp-json\/wp\/v2\/pages\/224\/revisions"}],"predecessor-version":[{"id":660,"href":"https:\/\/partner-parts.com\/de\/wp-json\/wp\/v2\/pages\/224\/revisions\/660"}],"wp:attachment":[{"href":"https:\/\/partner-parts.com\/de\/wp-json\/wp\/v2\/media?parent=224"}],"curies":[{"name":"wp","href":"https:\/\/api.w.org\/{rel}","templated":true}]}}