{"id":14,"date":"2019-08-31T20:41:04","date_gmt":"2019-08-31T18:41:04","guid":{"rendered":"http:\/\/partner-parts.com\/?page_id=14"},"modified":"2025-12-05T00:50:46","modified_gmt":"2025-12-04T23:50:46","slug":"oferta","status":"publish","type":"page","link":"https:\/\/partner-parts.com\/de\/oferta\/","title":{"rendered":"Oferta"},"content":{"rendered":"<div id=\"pl-14\"  class=\"panel-layout\" ><div id=\"pg-14-0\"  class=\"panel-grid panel-has-style\" ><div class=\"so-parallax siteorigin-panels-stretch panel-row-style panel-row-style-for-14-0\" data-stretch-type=\"full\" ><img fetchpriority=\"high\" decoding=\"async\" width=\"1920\" height=\"1080\" src=\"https:\/\/partner-parts.com\/wp-content\/uploads\/2019\/09\/Nevada-bg.jpg\" class=\"attachment-full size-full\" alt=\"\" data-siteorigin-parallax=\"true\" loading=\"eager\" srcset=\"https:\/\/partner-parts.com\/wp-content\/uploads\/2019\/09\/Nevada-bg.jpg 1920w, https:\/\/partner-parts.com\/wp-content\/uploads\/2019\/09\/Nevada-bg-300x169.jpg 300w, https:\/\/partner-parts.com\/wp-content\/uploads\/2019\/09\/Nevada-bg-768x432.jpg 768w, https:\/\/partner-parts.com\/wp-content\/uploads\/2019\/09\/Nevada-bg-1024x576.jpg 1024w\" sizes=\"(max-width: 1920px) 100vw, 1920px\" \/><div id=\"pgc-14-0-0\"  class=\"panel-grid-cell\" ><div id=\"panel-14-0-0-0\" class=\"so-panel widget widget_sow-editor panel-first-child panel-last-child\" data-index=\"0\" ><div\n\t\t\t\n\t\t\tclass=\"so-widget-sow-editor so-widget-sow-editor-base\"\n\t\t\t\n\t\t>\n<div class=\"siteorigin-widget-tinymce textwidget\">\n\t<h1 style=\"font-size: 9vw; line-height: 1; margin-bottom: 0px; text-align:center;\">Angebot<\/h1>\n<\/div>\n<\/div><\/div><\/div><\/div><\/div><div id=\"pg-14-1\"  class=\"panel-grid panel-has-style\" ><div class=\"siteorigin-panels-stretch panel-row-style panel-row-style-for-14-1\" data-stretch-type=\"full\" ><div id=\"pgc-14-1-0\"  class=\"panel-grid-cell\" ><div id=\"panel-14-1-0-0\" class=\"so-panel widget widget_sow-editor panel-first-child panel-last-child\" data-index=\"1\" ><div\n\t\t\t\n\t\t\tclass=\"so-widget-sow-editor so-widget-sow-editor-base\"\n\t\t\t\n\t\t>\n<div class=\"siteorigin-widget-tinymce textwidget\">\n\t<p><img loading=\"lazy\" decoding=\"async\" class=\"alignnone wp-image-208 size-full\" src=\"http:\/\/partner-parts.com\/wp-content\/uploads\/2019\/08\/ogrod-thumb.jpg\" alt=\"\" width=\"1000\" height=\"781\" \/><\/p>\n<\/div>\n<\/div><\/div><\/div><div id=\"pgc-14-1-1\"  class=\"panel-grid-cell\" ><div id=\"panel-14-1-1-0\" class=\"so-panel widget widget_sow-editor panel-first-child\" data-index=\"2\" ><div\n\t\t\t\n\t\t\tclass=\"so-widget-sow-editor so-widget-sow-editor-base\"\n\t\t\t\n\t\t>\n<div class=\"siteorigin-widget-tinymce textwidget\">\n\t<p>&nbsp;<\/p>\n<h1 style=\"font-size: 9vw; line-height: 1; margin-bottom: 0px;\">Garten<\/h1>\n<\/div>\n<\/div><\/div><div id=\"panel-14-1-1-1\" class=\"so-panel widget widget_sow-editor panel-last-child\" data-index=\"3\" ><div\n\t\t\t\n\t\t\tclass=\"so-widget-sow-editor so-widget-sow-editor-base\"\n\t\t\t\n\t\t>\n<div class=\"siteorigin-widget-tinymce textwidget\">\n\t<p>Allerdings muss man sich viel Zeit und M\u00fche geben, damit ein Garten f\u00fcr Bewunderung sorgt. Denn jeder Garten muss gepflegt werden und H\u00e4nde des G\u00e4rtners brauchen notwendige Werkzeuge. Eine der Hauptaktivit\u00e4ten im Garten ist das Grasm\u00e4hen und ein regelm\u00e4\u00dfiges M\u00e4hen sorgt f\u00fcr das Ergebnis einer wundersch\u00f6nen Gr\u00fcnfl\u00e4che. Die Arbeit im Garten soll auch entspannend sein, daher ist die Ergonomie der Ger\u00e4te, die den G\u00e4rtner unterst\u00fctzen, so wichtig. Die richtige Wahl eines hochwertigen Zubeh\u00f6rs und Reparatur der Ger\u00e4te unter Verwendung von Ersatzteilen guter Qualit\u00e4t beeinflussen positiv die Arbeitsproduktivit\u00e4t und geben dem G\u00e4rtner das besonders wichtige Komfortgef\u00fchl.<\/p>\n<p>Nach dem Einloggen haben Sie Zugang zu einer umfassenden Produktpalette, die den Gartenbau einfacher, angenehmer und effektiver machen l\u00e4sst.<\/p>\n<\/div>\n<\/div><\/div><\/div><\/div><\/div><div id=\"pg-14-2\"  class=\"panel-grid panel-has-style\" ><div class=\"siteorigin-panels-stretch panel-row-style panel-row-style-for-14-2\" data-stretch-type=\"full\" ><div id=\"pgc-14-2-0\"  class=\"panel-grid-cell\" ><div id=\"panel-14-2-0-0\" class=\"so-panel widget widget_sow-editor panel-first-child\" data-index=\"4\" ><div\n\t\t\t\n\t\t\tclass=\"so-widget-sow-editor so-widget-sow-editor-base\"\n\t\t\t\n\t\t>\n<div class=\"siteorigin-widget-tinymce textwidget\">\n\t<p>&nbsp;<\/p>\n<h1 style=\"font-size: 9vw; line-height: 1; margin-bottom: 0px;\">Der Wald<\/h1>\n<\/div>\n<\/div><\/div><div id=\"panel-14-2-0-1\" class=\"so-panel widget widget_sow-editor panel-last-child\" data-index=\"5\" ><div\n\t\t\t\n\t\t\tclass=\"so-widget-sow-editor so-widget-sow-editor-base\"\n\t\t\t\n\t\t>\n<div class=\"siteorigin-widget-tinymce textwidget\">\n\t<p>F\u00fcr diejenigen, f\u00fcr die der Wald ein Arbeitsplatz ist, sind drei Aspekte am wichtigsten: Sicherheit, Zuverl\u00e4ssigkeit und Funktionalit\u00e4t der Ger\u00e4te. Die Arbeit im Wald erfordert k\u00f6rperliche St\u00e4rke und viel Erfahrung. Daher m\u00fcssen Werkzeuge an Bed\u00fcrfnisse der Anwender angepasst werden, damit der Aufwand minimiert und die Produktivit\u00e4t gleichzeitig gesteigert werden k\u00f6nnen. Waldarbeiten sind oft schwierig, daher ist eine gute Ausr\u00fcstung besonders wichtig. Ein qualifizierter Waldarbeiter muss, wie kein anderer Beruf der breit definierten Forstwirtschaft, auf qualitativ hochwertige Produkte setzen.<\/p>\n<p>Nach dem Einloggen finden Sie eine gro\u00dfe Auswahl an Teilen und Zubeh\u00f6r f\u00fcr Forstwirte, Holzs\u00e4ger, Holzf\u00e4ller und Baumpfleger.<\/p>\n<\/div>\n<\/div><\/div><\/div><div id=\"pgc-14-2-1\"  class=\"panel-grid-cell\" ><div id=\"panel-14-2-1-0\" class=\"so-panel widget widget_sow-editor panel-first-child panel-last-child\" data-index=\"6\" ><div\n\t\t\t\n\t\t\tclass=\"so-widget-sow-editor so-widget-sow-editor-base\"\n\t\t\t\n\t\t>\n<div class=\"siteorigin-widget-tinymce textwidget\">\n\t<p><img decoding=\"async\" src=\"http:\/\/partner-parts.com\/wp-content\/uploads\/2019\/08\/Las-thumb.jpg\" alt=\"\" width=\"100%\" height=\"auto\" class=\"alignnone size-full wp-image-202\" \/><\/p>\n<\/div>\n<\/div><\/div><\/div><\/div><\/div><div id=\"pg-14-3\"  class=\"panel-grid panel-has-style\" ><div class=\"siteorigin-panels-stretch panel-row-style panel-row-style-for-14-3\" data-stretch-type=\"full\" ><div id=\"pgc-14-3-0\"  class=\"panel-grid-cell\" ><div id=\"panel-14-3-0-0\" class=\"so-panel widget widget_sow-editor panel-first-child panel-last-child\" data-index=\"7\" ><div\n\t\t\t\n\t\t\tclass=\"so-widget-sow-editor so-widget-sow-editor-base\"\n\t\t\t\n\t\t>\n<div class=\"siteorigin-widget-tinymce textwidget\">\n\t<p><img decoding=\"async\" src=\"http:\/\/partner-parts.com\/wp-content\/uploads\/2019\/08\/Serwis-thumb.jpg\" alt=\"\" width=\"100%\" height=\"auto\" class=\"alignnone size-full wp-image-203\" \/><\/p>\n<\/div>\n<\/div><\/div><\/div><div id=\"pgc-14-3-1\"  class=\"panel-grid-cell\" ><div id=\"panel-14-3-1-0\" class=\"so-panel widget widget_sow-editor panel-first-child\" data-index=\"8\" ><div\n\t\t\t\n\t\t\tclass=\"so-widget-sow-editor so-widget-sow-editor-base\"\n\t\t\t\n\t\t>\n<div class=\"siteorigin-widget-tinymce textwidget\">\n\t<p>&nbsp;<\/p>\n<h1 style=\"font-size: 9vw; line-height: 1; margin-bottom: 0px;\">Service<\/h1>\n<\/div>\n<\/div><\/div><div id=\"panel-14-3-1-1\" class=\"so-panel widget widget_sow-editor panel-last-child\" data-index=\"9\" ><div\n\t\t\t\n\t\t\tclass=\"so-widget-sow-editor so-widget-sow-editor-base\"\n\t\t\t\n\t\t>\n<div class=\"siteorigin-widget-tinymce textwidget\">\n\t<p>Reparatur und Wartung von Garten- und Forstger\u00e4ten ist oft mit einer Vorliebe f\u00fcr diese Arbeit verbunden. Qualitativ hochwertige Ger\u00e4te, auch wenn sie \u201ezum alten Eisen geh\u00f6ren\u201c, werden in guten H\u00e4nden eines zertifizierten Servicetechnikers wieder v\u00f6llig funktionsf\u00e4hig und k\u00f6nnen weiterhin jahrelang genutzt werden. Viele Servicestellen bieten Wartung und Reparatur von Verbrennungs- und Elektroger\u00e4ten f\u00fcr Gr\u00fcnfl\u00e4chenpflege, Wartung von kleinen Traktoren und Schneer\u00e4umer sowie technische \u00dcberpr\u00fcfung und Reparatur von Baumaschinen.<\/p>\n<p>Die besten Servicestellen bieten ein komplettes Sortiment an bew\u00e4hrten Ersatzteilen.<\/p>\n<\/div>\n<\/div><\/div><\/div><\/div><\/div><div id=\"pg-14-4\"  class=\"panel-grid panel-has-style\" ><div class=\"siteorigin-panels-stretch panel-row-style panel-row-style-for-14-4\" data-stretch-type=\"full\" ><div id=\"pgc-14-4-0\"  class=\"panel-grid-cell\" ><div id=\"panel-14-4-0-0\" class=\"so-panel widget widget_sow-editor panel-first-child\" data-index=\"10\" ><div\n\t\t\t\n\t\t\tclass=\"so-widget-sow-editor so-widget-sow-editor-base\"\n\t\t\t\n\t\t>\n<div class=\"siteorigin-widget-tinymce textwidget\">\n\t<p>&nbsp;<\/p>\n<h1 style=\"font-size: 9vw; line-height: 1; margin-bottom: 0px;\">Bau\u00adstelle<\/span><\/h1>\n<\/div>\n<\/div><\/div><div id=\"panel-14-4-0-1\" class=\"so-panel widget widget_sow-editor panel-last-child\" data-index=\"11\" ><div\n\t\t\t\n\t\t\tclass=\"so-widget-sow-editor so-widget-sow-editor-base\"\n\t\t\t\n\t\t>\n<div class=\"siteorigin-widget-tinymce textwidget\">\n\t<p>Die erfolgreiche Reparatur eines Ger\u00e4tes h\u00e4ngt von der richtigen Erkennung der Ursache eines Schadens oder Fehlfunktion ab. Maschinen, die unter verschiedenen Bedingungen verwendet werden, erfordern eine moderne und vielseitige Werkstattausr\u00fcstung. Das Herzst\u00fcck jedes Ger\u00e4tes ist sein Motor. Von dessen Konstruktion h\u00e4ngt die Haltbarkeit und Effizienz des Ger\u00e4ts ab, die dann die Qualit\u00e4t und den Arbeitskomfort erheblich beeinflussen. In den letzten Jahren vervollkommnen Hersteller der Verbrennungsmotoren ihre Technologien, wodurch eine deutliche Effizienzsteigerung der Maschinen zu verzeichnen ist.<\/p>\n<p>In unserem Angebot finden Sie eine Auswahl an Ersatzteilen f\u00fcr Motoren sowie einige Ausstattungselemente f\u00fcr Baumaschinen.<\/p>\n<\/div>\n<\/div><\/div><\/div><div id=\"pgc-14-4-1\"  class=\"panel-grid-cell\" ><div id=\"panel-14-4-1-0\" class=\"so-panel widget widget_sow-editor panel-first-child panel-last-child\" data-index=\"12\" ><div\n\t\t\t\n\t\t\tclass=\"so-widget-sow-editor so-widget-sow-editor-base\"\n\t\t\t\n\t\t>\n<div class=\"siteorigin-widget-tinymce textwidget\">\n\t<p><img decoding=\"async\" src=\"http:\/\/partner-parts.com\/wp-content\/uploads\/2019\/08\/budowa-thumb.jpg\" alt=\"\" width=\"100%\" height=\"auto\" class=\"alignnone size-full wp-image-201\" \/><\/p>\n<\/div>\n<\/div><\/div><\/div><\/div><\/div><\/div>","protected":false},"excerpt":{"rendered":"<p>Angebot &nbsp; Garten Allerdings muss man sich viel Zeit und M\u00fche geben, damit ein Garten f\u00fcr Bewunderung sorgt. Denn jeder Garten muss gepflegt werden und H\u00e4nde des G\u00e4rtners brauchen notwendige Werkzeuge. Eine der Hauptaktivit\u00e4ten im Garten ist das Grasm\u00e4hen und ein regelm\u00e4\u00dfiges M\u00e4hen sorgt f\u00fcr das Ergebnis einer wundersch\u00f6nen Gr\u00fcnfl\u00e4che. Die Arbeit im Garten soll [&hellip;]<\/p>\n","protected":false},"author":1,"featured_media":0,"parent":0,"menu_order":0,"comment_status":"closed","ping_status":"closed","template":"page-no-title.php","meta":{"footnotes":""},"class_list":["post-14","page","type-page","status-publish","hentry"],"_links":{"self":[{"href":"https:\/\/partner-parts.com\/de\/wp-json\/wp\/v2\/pages\/14","targetHints":{"allow":["GET"]}}],"collection":[{"href":"https:\/\/partner-parts.com\/de\/wp-json\/wp\/v2\/pages"}],"about":[{"href":"https:\/\/partner-parts.com\/de\/wp-json\/wp\/v2\/types\/page"}],"author":[{"embeddable":true,"href":"https:\/\/partner-parts.com\/de\/wp-json\/wp\/v2\/users\/1"}],"replies":[{"embeddable":true,"href":"https:\/\/partner-parts.com\/de\/wp-json\/wp\/v2\/comments?post=14"}],"version-history":[{"count":22,"href":"https:\/\/partner-parts.com\/de\/wp-json\/wp\/v2\/pages\/14\/revisions"}],"predecessor-version":[{"id":666,"href":"https:\/\/partner-parts.com\/de\/wp-json\/wp\/v2\/pages\/14\/revisions\/666"}],"wp:attachment":[{"href":"https:\/\/partner-parts.com\/de\/wp-json\/wp\/v2\/media?parent=14"}],"curies":[{"name":"wp","href":"https:\/\/api.w.org\/{rel}","templated":true}]}}