{"id":12,"date":"2019-08-31T20:39:16","date_gmt":"2019-08-31T18:39:16","guid":{"rendered":"http:\/\/partner-parts.com\/?page_id=12"},"modified":"2025-12-05T00:35:11","modified_gmt":"2025-12-04T23:35:11","slug":"o-nas","status":"publish","type":"page","link":"https:\/\/partner-parts.com\/de\/o-nas\/","title":{"rendered":"O nas"},"content":{"rendered":"<div id=\"pl-12\"  class=\"panel-layout\" ><div id=\"pg-12-0\"  class=\"panel-grid panel-has-style\" ><div class=\"siteorigin-panels-stretch panel-row-style panel-row-style-for-12-0\" data-stretch-type=\"full-width-stretch\" ><div id=\"pgc-12-0-0\"  class=\"panel-grid-cell\" ><div id=\"panel-12-0-0-0\" class=\"widget_text so-panel widget widget_custom_html panel-first-child panel-last-child\" data-index=\"0\" ><div class=\"textwidget custom-html-widget\"><section class=\"movie\">\n<video autoplay muted loop id=\"myVideo\">\n<source src=\"http:\/\/partner-parts.com\/wp-content\/themes\/partner\/src\/AboutUs.mp4\" type=\"video\/mp4\">\n<\/video>\n<\/section><\/div><\/div><\/div><\/div><\/div><div id=\"pg-12-1\"  class=\"panel-grid panel-has-style\" ><div class=\"siteorigin-panels-stretch panel-row-style panel-row-style-for-12-1\" data-stretch-type=\"full\" ><div id=\"pgc-12-1-0\"  class=\"panel-grid-cell\" ><div id=\"panel-12-1-0-0\" class=\"so-panel widget widget_sow-editor panel-first-child panel-last-child\" data-index=\"1\" ><div\n\t\t\t\n\t\t\tclass=\"so-widget-sow-editor so-widget-sow-editor-base\"\n\t\t\t\n\t\t>\n<div class=\"siteorigin-widget-tinymce textwidget\">\n\t<p><img loading=\"lazy\" decoding=\"async\" src=\"http:\/\/partner-parts.com\/wp-content\/uploads\/2019\/08\/historia.jpg\" alt=\"\" width=\"1170\" height=\"772\" class=\"alignnone size-full wp-image-234\" \/><\/p>\n<\/div>\n<\/div><\/div><\/div><div id=\"pgc-12-1-1\"  class=\"panel-grid-cell\" ><div id=\"panel-12-1-1-0\" class=\"so-panel widget widget_sow-editor panel-first-child panel-last-child\" data-index=\"2\" ><div\n\t\t\t\n\t\t\tclass=\"so-widget-sow-editor so-widget-sow-editor-base\"\n\t\t\t\n\t\t><h3 class=\"widget-title\">Partner - Vergangenheit, Gegenwart und Zukunft.<\/h3>\n<div class=\"siteorigin-widget-tinymce textwidget\">\n\t<p>Jedes Unternehmen hat seine eigene Geschichte. Die unsere begann 1993, als das Partnerunternehmen seine T\u00e4tigkeit als polnischer Vertreter des schwedischen Unternehmens Partner AB begann. Das Kerngesch\u00e4ft war zun\u00e4chst der Verkauf von Garten- und Forstmaschinen des schwedischen Herstellers. Nach zwei Jahren haben wir den Vertrag aufgel\u00f6st und die Entwicklungsstrategie unseres Unternehmens ausschlie\u00dflich auf den Vertrieb von Ersatzteilen und Zubeh\u00f6r f\u00fcr Garten-, Forst- und Bauger\u00e4ten ausgerichtet. Die Folgejahre waren eine Zeit intensiver Dynamisierung und Schl\u00fcsselentscheidungen. Im Jahr 2009 sind wir in einen neuen, nach unseren Bed\u00fcrfnissen gestalteten Sitz in Wroc\u0142aw, in die Jerzmanowska Stra\u00dfe 21 umgezogen.<\/p>\n<\/div>\n<\/div><\/div><\/div><\/div><\/div><div id=\"pg-12-2\"  class=\"panel-grid panel-has-style\" ><div class=\"panel-row-style panel-row-style-for-12-2\" ><div id=\"pgc-12-2-0\"  class=\"panel-grid-cell\" ><div id=\"panel-12-2-0-0\" class=\"so-panel widget widget_sow-editor panel-first-child panel-last-child\" data-index=\"3\" ><div\n\t\t\t\n\t\t\tclass=\"so-widget-sow-editor so-widget-sow-editor-base\"\n\t\t\t\n\t\t>\n<div class=\"siteorigin-widget-tinymce textwidget\">\n\t<p><img decoding=\"async\" class=\"alignnone size-full wp-image-235\" src=\"http:\/\/partner-parts.com\/wp-content\/uploads\/2019\/09\/about-1v2.jpg\" alt=\"\" width=\"100%\" height=\"auto\" \/><\/p>\n<p>Heute ist Partner Sp. z o.o. ein sich dynamisch entwickelndes Handelsunternehmen, das sich auf die Bedienung des Vertriebsmarktes im Bereich Ersatzteile und Zubeh\u00f6r f\u00fcr Forst-, Garten- und Bauger\u00e4ten spezialisiert. Wir sind auf den Verkauf von Teilen f\u00fcr M\u00e4her, Rasentrimmer, S\u00e4gemaschinen und Motoren spezialisiert. Wir arbeiten mit Herstellern und Handelsunternehmen aus der ganzen Welt zusammen. Seit 2012 entwickeln wir die eigene Produktlinie unter dem Namen NEVADA.<\/p>\n<\/div>\n<\/div><\/div><\/div><div id=\"pgc-12-2-1\"  class=\"panel-grid-cell\" ><div id=\"panel-12-2-1-0\" class=\"so-panel widget widget_sow-editor panel-first-child panel-last-child\" data-index=\"4\" ><div\n\t\t\t\n\t\t\tclass=\"so-widget-sow-editor so-widget-sow-editor-base\"\n\t\t\t\n\t\t>\n<div class=\"siteorigin-widget-tinymce textwidget\">\n\t<p><img decoding=\"async\" class=\"alignnone size-full wp-image-236\" src=\"http:\/\/partner-parts.com\/wp-content\/uploads\/2019\/09\/about-2v2.jpg\" alt=\"\" width=\"100%\" height=\"auto\" \/><\/p>\n<p>Im Laufe der Jahre ist es uns gelungen, ein Team von Menschen zu bilden, welche ihre Aufgaben professionell erf\u00fcllen. Sie sind professionell, engagiert und offen f\u00fcr Bed\u00fcrfnisse der Kunden. Wir nutzen Erfahrungen, F\u00e4higkeiten und den Enthusiasmus jedes einzelnen Mitarbeiters, dank dem genie\u00dfen wir volles Vertrauen seitens unserer Kunden.<\/p>\n<\/div>\n<\/div><\/div><\/div><div id=\"pgc-12-2-2\"  class=\"panel-grid-cell\" ><div id=\"panel-12-2-2-0\" class=\"so-panel widget widget_sow-editor panel-first-child panel-last-child\" data-index=\"5\" ><div\n\t\t\t\n\t\t\tclass=\"so-widget-sow-editor so-widget-sow-editor-base\"\n\t\t\t\n\t\t>\n<div class=\"siteorigin-widget-tinymce textwidget\">\n\t<p><img decoding=\"async\" class=\"alignnone size-full wp-image-237\" src=\"http:\/\/partner-parts.com\/wp-content\/uploads\/2019\/09\/about-3v2.jpg\" alt=\"\" width=\"100%\" height=\"auto\" \/><\/p>\n<p>Unser Ziel ist es, die Position des nationalen Marktf\u00fchrers in der Branche durch die Zusammenarbeit mit den besten Herstellern der Ersatzteile zu st\u00e4rken. Die Aufrechterhaltung eines f\u00fcr Kunden g\u00fcnstigen Verh\u00e4ltnisses zwischen dem Preis und der Qualit\u00e4t unserer Produkte ist uns ein Wegweiser f\u00fcr weitere Ma\u00dfnahmen.<\/p>\n<\/div>\n<\/div><\/div><\/div><\/div><\/div><div id=\"pg-12-3\"  class=\"panel-grid panel-has-style\" ><div class=\"siteorigin-panels-stretch panel-row-style panel-row-style-for-12-3\" data-stretch-type=\"full\" ><div id=\"pgc-12-3-0\"  class=\"panel-grid-cell\" ><div id=\"panel-12-3-0-0\" class=\"so-panel widget widget_sow-editor panel-first-child panel-last-child\" data-index=\"6\" ><div\n\t\t\t\n\t\t\tclass=\"so-widget-sow-editor so-widget-sow-editor-base\"\n\t\t\t\n\t\t><h3 class=\"widget-title\">Galerie<\/h3>\n<div class=\"siteorigin-widget-tinymce textwidget\">\n\t<\/div>\n<\/div><\/div><\/div><\/div><\/div><div id=\"pg-12-4\"  class=\"panel-grid panel-has-style\" ><div class=\"siteorigin-panels-stretch panel-row-style panel-row-style-for-12-4\" data-stretch-type=\"full\" ><div id=\"pgc-12-4-0\"  class=\"panel-grid-cell\" ><div id=\"panel-12-4-0-0\" class=\"so-panel widget widget_sow-editor panel-first-child panel-last-child\" data-index=\"7\" ><div\n\t\t\t\n\t\t\tclass=\"so-widget-sow-editor so-widget-sow-editor-base\"\n\t\t\t\n\t\t>\n<div class=\"siteorigin-widget-tinymce textwidget\">\n\t<p><iframe loading=\"lazy\" title=\"Partner Wroc\u0142aw - cz\u0119\u015bci zamienne i akcesoria\" width=\"640\" height=\"360\" src=\"https:\/\/www.youtube.com\/embed\/Xw8AYohYs5I?feature=oembed\" frameborder=\"0\" allow=\"accelerometer; autoplay; clipboard-write; encrypted-media; gyroscope; picture-in-picture; web-share\" referrerpolicy=\"strict-origin-when-cross-origin\" allowfullscreen><\/iframe><\/p>\n<\/div>\n<\/div><\/div><\/div><div id=\"pgc-12-4-1\"  class=\"panel-grid-cell\" ><div id=\"panel-12-4-1-0\" class=\"so-panel widget widget_sow-editor panel-first-child panel-last-child\" data-index=\"8\" ><div\n\t\t\t\n\t\t\tclass=\"so-widget-sow-editor so-widget-sow-editor-base\"\n\t\t\t\n\t\t>\n<div class=\"siteorigin-widget-tinymce textwidget\">\n\t<div id='gallery-1' class='gallery galleryid-12 gallery-columns-4 gallery-size-thumbnail'><figure class='gallery-item'>\n\t\t\t<div class='gallery-icon landscape'>\n\t\t\t\t<a href='https:\/\/partner-parts.com\/wp-content\/uploads\/2019\/09\/galeria-4-1.jpg'><img loading=\"lazy\" decoding=\"async\" width=\"250\" height=\"250\" src=\"https:\/\/partner-parts.com\/wp-content\/uploads\/2019\/09\/galeria-4-1-250x250.jpg\" class=\"attachment-thumbnail size-thumbnail\" alt=\"\" \/><\/a>\n\t\t\t<\/div><\/figure><figure class='gallery-item'>\n\t\t\t<div class='gallery-icon landscape'>\n\t\t\t\t<a href='https:\/\/partner-parts.com\/wp-content\/uploads\/2019\/09\/galeria-3-1.jpg'><img loading=\"lazy\" decoding=\"async\" width=\"250\" height=\"250\" src=\"https:\/\/partner-parts.com\/wp-content\/uploads\/2019\/09\/galeria-3-1-250x250.jpg\" class=\"attachment-thumbnail size-thumbnail\" alt=\"\" \/><\/a>\n\t\t\t<\/div><\/figure><figure class='gallery-item'>\n\t\t\t<div class='gallery-icon landscape'>\n\t\t\t\t<a href='https:\/\/partner-parts.com\/wp-content\/uploads\/2019\/09\/galeria-2-1.jpg'><img loading=\"lazy\" decoding=\"async\" width=\"250\" height=\"250\" src=\"https:\/\/partner-parts.com\/wp-content\/uploads\/2019\/09\/galeria-2-1-250x250.jpg\" class=\"attachment-thumbnail size-thumbnail\" alt=\"\" \/><\/a>\n\t\t\t<\/div><\/figure><figure class='gallery-item'>\n\t\t\t<div class='gallery-icon landscape'>\n\t\t\t\t<a href='https:\/\/partner-parts.com\/wp-content\/uploads\/2019\/09\/galeria-1-1.jpg'><img loading=\"lazy\" decoding=\"async\" width=\"250\" height=\"250\" src=\"https:\/\/partner-parts.com\/wp-content\/uploads\/2019\/09\/galeria-1-1-250x250.jpg\" class=\"attachment-thumbnail size-thumbnail\" alt=\"\" \/><\/a>\n\t\t\t<\/div><\/figure><figure class='gallery-item'>\n\t\t\t<div class='gallery-icon landscape'>\n\t\t\t\t<a href='https:\/\/partner-parts.com\/wp-content\/uploads\/2019\/09\/galeria-5-1.jpg'><img loading=\"lazy\" decoding=\"async\" width=\"250\" height=\"250\" src=\"https:\/\/partner-parts.com\/wp-content\/uploads\/2019\/09\/galeria-5-1-250x250.jpg\" class=\"attachment-thumbnail size-thumbnail\" alt=\"\" \/><\/a>\n\t\t\t<\/div><\/figure>\n\t\t<\/div>\n\n<\/div>\n<\/div><\/div><\/div><\/div><\/div><\/div>","protected":false},"excerpt":{"rendered":"<p>Jedes Unternehmen hat seine eigene Geschichte. Die unsere begann 1993, als das Partnerunternehmen seine T\u00e4tigkeit als polnischer Vertreter des schwedischen Unternehmens Partner AB begann. Das Kerngesch\u00e4ft war zun\u00e4chst der Verkauf von Garten- und Forstmaschinen des schwedischen Herstellers. Nach zwei Jahren haben wir den Vertrag aufgel\u00f6st und die Entwicklungsstrategie unseres Unternehmens ausschlie\u00dflich auf den Vertrieb von [&hellip;]<\/p>\n","protected":false},"author":1,"featured_media":0,"parent":0,"menu_order":0,"comment_status":"closed","ping_status":"closed","template":"page-no-title.php","meta":{"footnotes":""},"class_list":["post-12","page","type-page","status-publish","hentry"],"_links":{"self":[{"href":"https:\/\/partner-parts.com\/de\/wp-json\/wp\/v2\/pages\/12","targetHints":{"allow":["GET"]}}],"collection":[{"href":"https:\/\/partner-parts.com\/de\/wp-json\/wp\/v2\/pages"}],"about":[{"href":"https:\/\/partner-parts.com\/de\/wp-json\/wp\/v2\/types\/page"}],"author":[{"embeddable":true,"href":"https:\/\/partner-parts.com\/de\/wp-json\/wp\/v2\/users\/1"}],"replies":[{"embeddable":true,"href":"https:\/\/partner-parts.com\/de\/wp-json\/wp\/v2\/comments?post=12"}],"version-history":[{"count":39,"href":"https:\/\/partner-parts.com\/de\/wp-json\/wp\/v2\/pages\/12\/revisions"}],"predecessor-version":[{"id":665,"href":"https:\/\/partner-parts.com\/de\/wp-json\/wp\/v2\/pages\/12\/revisions\/665"}],"wp:attachment":[{"href":"https:\/\/partner-parts.com\/de\/wp-json\/wp\/v2\/media?parent=12"}],"curies":[{"name":"wp","href":"https:\/\/api.w.org\/{rel}","templated":true}]}}